{"id":33094,"date":"2021-02-21T16:16:05","date_gmt":"2021-02-21T16:16:05","guid":{"rendered":"https:\/\/www.autonvaraosahaku.fi\/?product=ridex-772s0017-muut-luokat"},"modified":"2021-02-21T16:16:07","modified_gmt":"2021-02-21T16:16:07","slug":"ridex-772s0017-muut-luokat","status":"publish","type":"product","link":"https:\/\/www.autonvaraosahaku.fi\/?product=ridex-772s0017-muut-luokat","title":{"rendered":"RIDEX 772S0017 Muut luokat"},"content":{"rendered":"<p>Asennuspuoli: Etuakseli, oikea; Paino [kg]: 1,5699; Ohjausmalli: Poikittaistukivarrelle; M\u00e4\u00e4r\u00e4yksikk\u00f6: Sarja; Korvaava tuote\/korvaava tiedote 2: Alapallo-\/pallonivelell\u00e4, Kumilaakerilla; Pakkaussyvyys [cm]: 9,3; Moottorinumero: CLCA; VW: GOLF V 1K1,TOURAN 1T1, 1T2,GOLF VI 5K1,GOLF PLUS 5M1, 521,TIGUAN 5N_,CADDY III Kombi 2KB, 2KJ, 2CB, 2CJ,TOURAN 1T3,GOLF VI Variant AJ5,GOLF V Variant 1K5,CADDY III Kasten 2KA, 2KH, 2CA, 2CH,EOS 1F7, 1F8,SCIROCCO 137, 138,JETTA III 1K2,GOLF VI Cabriolet 517,JETTA IV 162, 163; AUDI: A3 8P1,A3 Sportback 8PA,TT 8J3,TT Roadster 8J9,A3 Cabriolet 8P7; SKODA: OCTAVIA Combi 1Z5,OCTAVIA Combi 1U5,YETI 5L,SUPERB Kombi 3T5,OCTAVIA 1Z3,OCTAVIA 1U2,SUPERB 3T4; SEAT: LEON 1P1,ALTEA 5P1,ALTEA XL 5P5, 5P8,TOLEDO III 5P2; 1K0199232G, 1K0199232J, 1K0199232P, 1K0407152AL, 1K0407182, 1K0407182A, 1K0407182F, 1K0407366B, 1K0407366C, 1K0407366E, 5Q0407182A, 1K0199232G, 1K0199232J, 1K0199232P, 1K0407151AA, 1K0407151AB, 1K0407151BC, 1K0407151N, 1K0407151P, 1K0407152AC, 1K0407152AL, 1K0407182, 1K0407182A, 1K0407182F, 1K0407366B, 1K0407366C, 1K0407366E, 2K0199232, 5Q0407182A, 1K0199232G, 1K0199232J, 1K0199232P, 1K0407151AA, 1K0407151AB, 1K0407151BC, 1K0407151N, 1K0407151P, 1K0407152AC, 1K0407152AL, 1K0407182, 1K0407182A, 1K0407182F, 1K0407366B, 1K0407366C, 1K0407366E, 1KD407182, 2K0199232, 5Q0407182A, 1K0199232G, 1K0199232J, 1K0199232P, 1K0407152AL, 1K0407182, 1K0407182A, 1K0407366B, 1K0407366C, 1K0407366E, 1KD407182, 2K0199232, 5Q0407182A; Korjaussarja, Poikittaistukivarsi<\/p>\n","protected":false},"excerpt":{"rendered":"<p>RIDEX Alatukivarren Korjaussarja 772S0017 Korjaussarja, Poikittaistukivarsi VW,AUDI,SKODA,GOLF V 1K1,TOURAN 1T1, 1T2,GOLF VI 5K1,GOLF PLUS 5M1, 521<\/p>\n","protected":false},"featured_media":0,"template":"","meta":{"site-sidebar-layout":"default","site-content-layout":"default","ast-global-header-display":"","ast-main-header-display":"","ast-hfb-above-header-display":"","ast-hfb-below-header-display":"","ast-hfb-mobile-header-display":"","site-post-title":"","ast-breadcrumbs-content":"","ast-featured-img":"","footer-sml-layout":"","theme-transparent-header-meta":"","adv-header-id-meta":"","stick-header-meta":"","header-above-stick-meta":"","header-main-stick-meta":"","header-below-stick-meta":""},"pwb-brand":[157],"product_cat":[37],"product_tag":[],"class_list":{"0":"post-33094","1":"product","2":"type-product","3":"status-publish","5":"pwb-brand-ridex","6":"product_cat-muut-luokat","7":"desktop-align-left","8":"tablet-align-left","9":"mobile-align-left","11":"first","12":"instock","13":"product-type-external"},"brands":[{"id":157,"name":"RIDEX","slug":"ridex"}],"_links":{"self":[{"href":"https:\/\/www.autonvaraosahaku.fi\/index.php?rest_route=\/wp\/v2\/product\/33094","targetHints":{"allow":["GET"]}}],"collection":[{"href":"https:\/\/www.autonvaraosahaku.fi\/index.php?rest_route=\/wp\/v2\/product"}],"about":[{"href":"https:\/\/www.autonvaraosahaku.fi\/index.php?rest_route=\/wp\/v2\/types\/product"}],"wp:attachment":[{"href":"https:\/\/www.autonvaraosahaku.fi\/index.php?rest_route=%2Fwp%2Fv2%2Fmedia&parent=33094"}],"wp:term":[{"taxonomy":"pwb-brand","embeddable":true,"href":"https:\/\/www.autonvaraosahaku.fi\/index.php?rest_route=%2Fwp%2Fv2%2Fpwb-brand&post=33094"},{"taxonomy":"product_cat","embeddable":true,"href":"https:\/\/www.autonvaraosahaku.fi\/index.php?rest_route=%2Fwp%2Fv2%2Fproduct_cat&post=33094"},{"taxonomy":"product_tag","embeddable":true,"href":"https:\/\/www.autonvaraosahaku.fi\/index.php?rest_route=%2Fwp%2Fv2%2Fproduct_tag&post=33094"}],"curies":[{"name":"wp","href":"https:\/\/api.w.org\/{rel}","templated":true}]}}