{"id":33100,"date":"2021-02-21T16:16:09","date_gmt":"2021-02-21T16:16:09","guid":{"rendered":"https:\/\/www.autonvaraosahaku.fi\/?product=maxgear-66-0080-hehkutulppa"},"modified":"2021-02-21T16:16:09","modified_gmt":"2021-02-21T16:16:09","slug":"maxgear-66-0080-hehkutulppa","status":"publish","type":"product","link":"https:\/\/www.autonvaraosahaku.fi\/?product=maxgear-66-0080-hehkutulppa","title":{"rendered":"MAXGEAR 66-0080 Hehkutulppa"},"content":{"rendered":"<p>Materiaali: Metalli; J\u00e4nnite (V): 4,4; Vastus [Ohm]: 0,5; Kokonaispituus (mm): 98; Asennussyvyys (mm): 24; Kierremitta: M10 x 1,0; Avainv\u00e4li: 10 mm; Liittimet: PIN; Tarvittava kappalem\u00e4\u00e4r\u00e4: 4; NISSAN: QASHQAI \/ QASHQAI +2 J10, JJ10,NOTE E11,JUKE F15,NV200 EVALIA,NOTE E12,NV200 Kasten,CUBE Z12,QASHQAI J11, J11_,PULSAR Schr\u00e4gheck C13; MERCEDES-BENZ: B-CLASS W246, W242,A-CLASS W176,CLA Coupe C117,CITAN Kasten 415,CITAN Kombi 415,CITAN Mixto 415,GLA-CLASS X156; DACIA: DUSTER,SANDERO,LOGAN MCV KS_,SANDERO II,LODGY,LOGAN MCV II,DOKKER,LOGAN LS_,DOKKER Express,LOGAN EXPRESS FS_,LOGAN Pick-up US_,LOGAN II; RENAULT: CLIO III BR0\/1, CR0\/1,TWINGO II CN0_,MEGANE III Grandtour KZ0\/1,SC\u00c9NIC III JZ0\/1_,LAGUNA III Grandtour KT0\/1,CLIO IV,MEGANE III Schr\u00e4gheck BZ0_,GRAND SC\u00c9NIC III JZ0\/1_,MEGANE III Coupe DZ0\/1_,KANGOO \/ GRAND KANGOO KW0\/1_,CLIO Grandtour KR0\/1_,CAPTUR,LAGUNA III BT0\/1,KANGOO Express FW0\/1_,CLIO Grandtour IV,KANGOO BE BOP KW0\/1_,MEGANE CC EZ0\/1_,LAGUNA Coupe DT0\/1,FLUENCE L30_,LATITUDE L70_,LOGAN I Kombi KS_; 110655687R, 8200682592, 1106500Q0E, 4151590001, A4151590001, 4151590001, A4151590001, 1106500Q0E, 110655687R, 8200682592, 110655687R, 8200682592, 4151590001, A4151590001, 4151590001, A4151590001<\/p>\n","protected":false},"excerpt":{"rendered":"<p>MAXGEAR Hehkutulppa 66-0080  NISSAN,MERCEDES-BENZ,DACIA,QASHQAI \/ QASHQAI +2 J10, JJ10,NOTE E11,JUKE F15,NV200 EVALIA,NOTE E12,NV200 Kasten,CUBE Z12<\/p>\n","protected":false},"featured_media":0,"template":"","meta":{"site-sidebar-layout":"default","site-content-layout":"default","ast-global-header-display":"","ast-main-header-display":"","ast-hfb-above-header-display":"","ast-hfb-below-header-display":"","ast-hfb-mobile-header-display":"","site-post-title":"","ast-breadcrumbs-content":"","ast-featured-img":"","footer-sml-layout":"","theme-transparent-header-meta":"","adv-header-id-meta":"","stick-header-meta":"","header-above-stick-meta":"","header-main-stick-meta":"","header-below-stick-meta":""},"pwb-brand":[48],"product_cat":[52],"product_tag":[],"class_list":{"0":"post-33100","1":"product","2":"type-product","3":"status-publish","5":"pwb-brand-maxgear","6":"product_cat-hehkutulppa","7":"desktop-align-left","8":"tablet-align-left","9":"mobile-align-left","11":"first","12":"instock","13":"product-type-external"},"brands":[{"id":48,"name":"MAXGEAR","slug":"maxgear"}],"_links":{"self":[{"href":"https:\/\/www.autonvaraosahaku.fi\/index.php?rest_route=\/wp\/v2\/product\/33100","targetHints":{"allow":["GET"]}}],"collection":[{"href":"https:\/\/www.autonvaraosahaku.fi\/index.php?rest_route=\/wp\/v2\/product"}],"about":[{"href":"https:\/\/www.autonvaraosahaku.fi\/index.php?rest_route=\/wp\/v2\/types\/product"}],"wp:attachment":[{"href":"https:\/\/www.autonvaraosahaku.fi\/index.php?rest_route=%2Fwp%2Fv2%2Fmedia&parent=33100"}],"wp:term":[{"taxonomy":"pwb-brand","embeddable":true,"href":"https:\/\/www.autonvaraosahaku.fi\/index.php?rest_route=%2Fwp%2Fv2%2Fpwb-brand&post=33100"},{"taxonomy":"product_cat","embeddable":true,"href":"https:\/\/www.autonvaraosahaku.fi\/index.php?rest_route=%2Fwp%2Fv2%2Fproduct_cat&post=33100"},{"taxonomy":"product_tag","embeddable":true,"href":"https:\/\/www.autonvaraosahaku.fi\/index.php?rest_route=%2Fwp%2Fv2%2Fproduct_tag&post=33100"}],"curies":[{"name":"wp","href":"https:\/\/api.w.org\/{rel}","templated":true}]}}