{"id":33117,"date":"2021-02-21T16:16:09","date_gmt":"2021-02-21T16:16:09","guid":{"rendered":"https:\/\/www.autonvaraosahaku.fi\/?product=hella-6pa-358-103-031-lambda-anturi"},"modified":"2021-02-21T16:16:12","modified_gmt":"2021-02-21T16:16:12","slug":"hella-6pa-358-103-031-lambda-anturi","status":"publish","type":"product","link":"https:\/\/www.autonvaraosahaku.fi\/?product=hella-6pa-358-103-031-lambda-anturi","title":{"rendered":"HELLA 6PA 358 103-031 Lambda anturi"},"content":{"rendered":"<p>Kaapelinmitta (mm): 250; Napojen m\u00e4\u00e4r\u00e4: 4; Asennuspuoli: vorne; ABARTH: PUNTO 199_,PUNTO EVO 199_; LANCIA: YPSILON 843,DELTA III 844,YPSILON 312, 846; FORD: KA RU8; FIAT: GRANDE PUNTO 199,PANDA 169,500 312,BRAVO II 198,PUNTO EVO 199,500 C 312,PANDA Van 169,PUNTO 199,PANDA 312,500L,LINEA 323,PUNTO Van 199,PALIO 178BX,SIENA 178_,PANDA VAN 312,PUNTO EVO Van 199_; ALFA ROMEO: GIULIETTA 940,MITO 955; 51774422, 55184545, 552011610, 55201610, 55202416, 55219791, 51774422, 55184545, 552011610, 55201610, 55202416, 55219791, 51774422, 55184545, 552011610, 55201610, 55202416, 55219791, 1558873, 1754236, 9S519G444AA, BS519G444BA, 51774422, 55184545, 552011610, 55201610, 55202416, 55219791; Lambdatunnistin,Happianturi<\/p>\n","protected":false},"excerpt":{"rendered":"<p>HELLA Lambda Anturi 6PA 358 103-031 Lambdatunnistin,Happianturi ABARTH,LANCIA,FORD,PUNTO 199_,PUNTO EVO 199_,YPSILON 843,DELTA III 844<\/p>\n","protected":false},"featured_media":0,"template":"","meta":{"site-sidebar-layout":"default","site-content-layout":"default","ast-global-header-display":"","ast-main-header-display":"","ast-hfb-above-header-display":"","ast-hfb-below-header-display":"","ast-hfb-mobile-header-display":"","site-post-title":"","ast-breadcrumbs-content":"","ast-featured-img":"","footer-sml-layout":"","theme-transparent-header-meta":"","adv-header-id-meta":"","stick-header-meta":"","header-above-stick-meta":"","header-main-stick-meta":"","header-below-stick-meta":""},"pwb-brand":[24],"product_cat":[264],"product_tag":[],"class_list":{"0":"post-33117","1":"product","2":"type-product","3":"status-publish","5":"pwb-brand-hella","6":"product_cat-lambda-anturi","7":"desktop-align-left","8":"tablet-align-left","9":"mobile-align-left","11":"first","12":"instock","13":"product-type-external"},"brands":[{"id":24,"name":"HELLA","slug":"hella"}],"_links":{"self":[{"href":"https:\/\/www.autonvaraosahaku.fi\/index.php?rest_route=\/wp\/v2\/product\/33117","targetHints":{"allow":["GET"]}}],"collection":[{"href":"https:\/\/www.autonvaraosahaku.fi\/index.php?rest_route=\/wp\/v2\/product"}],"about":[{"href":"https:\/\/www.autonvaraosahaku.fi\/index.php?rest_route=\/wp\/v2\/types\/product"}],"wp:attachment":[{"href":"https:\/\/www.autonvaraosahaku.fi\/index.php?rest_route=%2Fwp%2Fv2%2Fmedia&parent=33117"}],"wp:term":[{"taxonomy":"pwb-brand","embeddable":true,"href":"https:\/\/www.autonvaraosahaku.fi\/index.php?rest_route=%2Fwp%2Fv2%2Fpwb-brand&post=33117"},{"taxonomy":"product_cat","embeddable":true,"href":"https:\/\/www.autonvaraosahaku.fi\/index.php?rest_route=%2Fwp%2Fv2%2Fproduct_cat&post=33117"},{"taxonomy":"product_tag","embeddable":true,"href":"https:\/\/www.autonvaraosahaku.fi\/index.php?rest_route=%2Fwp%2Fv2%2Fproduct_tag&post=33117"}],"curies":[{"name":"wp","href":"https:\/\/api.w.org\/{rel}","templated":true}]}}