{"id":33122,"date":"2021-02-21T16:16:13","date_gmt":"2021-02-21T16:16:13","guid":{"rendered":"https:\/\/www.autonvaraosahaku.fi\/?product=hella-6pa-358-066-911-lambda-anturi"},"modified":"2021-02-21T16:16:14","modified_gmt":"2021-02-21T16:16:14","slug":"hella-6pa-358-066-911-lambda-anturi","status":"publish","type":"product","link":"https:\/\/www.autonvaraosahaku.fi\/?product=hella-6pa-358-066-911-lambda-anturi","title":{"rendered":"HELLA 6PA 358 066-911 Lambda anturi"},"content":{"rendered":"<p>Kaapelinmitta (mm): 350; Napojen m\u00e4\u00e4r\u00e4: 3; Asennuspuoli: vorne; RENAULT: TWINGO I C06_,CLIO II BB0\/1\/2_, CB0\/1\/2_,KANGOO KC0\/1_,KANGOO Express FC0\/1_,CLIO I B\/C57_, 5\/357_,TWINGO I Kasten S06_,CLIO II Kasten SB0\/1\/2_; 7700872878; Lambdatunnistin,Happianturi<\/p>\n","protected":false},"excerpt":{"rendered":"<p>HELLA Lambda Anturi 6PA 358 066-911 Lambdatunnistin,Happianturi RENAULT,TWINGO I C06_,CLIO II BB0\/1\/2_, CB0\/1\/2_,KANGOO KC0\/1_,KANGOO Express FC0\/1_<\/p>\n","protected":false},"featured_media":0,"template":"","meta":{"site-sidebar-layout":"default","site-content-layout":"default","ast-global-header-display":"","ast-main-header-display":"","ast-hfb-above-header-display":"","ast-hfb-below-header-display":"","ast-hfb-mobile-header-display":"","site-post-title":"","ast-breadcrumbs-content":"","ast-featured-img":"","footer-sml-layout":"","theme-transparent-header-meta":"","adv-header-id-meta":"","stick-header-meta":"","header-above-stick-meta":"","header-main-stick-meta":"","header-below-stick-meta":""},"pwb-brand":[24],"product_cat":[264],"product_tag":[],"class_list":{"0":"post-33122","1":"product","2":"type-product","3":"status-publish","5":"pwb-brand-hella","6":"product_cat-lambda-anturi","7":"desktop-align-left","8":"tablet-align-left","9":"mobile-align-left","11":"first","12":"instock","13":"product-type-external"},"brands":[{"id":24,"name":"HELLA","slug":"hella"}],"_links":{"self":[{"href":"https:\/\/www.autonvaraosahaku.fi\/index.php?rest_route=\/wp\/v2\/product\/33122","targetHints":{"allow":["GET"]}}],"collection":[{"href":"https:\/\/www.autonvaraosahaku.fi\/index.php?rest_route=\/wp\/v2\/product"}],"about":[{"href":"https:\/\/www.autonvaraosahaku.fi\/index.php?rest_route=\/wp\/v2\/types\/product"}],"wp:attachment":[{"href":"https:\/\/www.autonvaraosahaku.fi\/index.php?rest_route=%2Fwp%2Fv2%2Fmedia&parent=33122"}],"wp:term":[{"taxonomy":"pwb-brand","embeddable":true,"href":"https:\/\/www.autonvaraosahaku.fi\/index.php?rest_route=%2Fwp%2Fv2%2Fpwb-brand&post=33122"},{"taxonomy":"product_cat","embeddable":true,"href":"https:\/\/www.autonvaraosahaku.fi\/index.php?rest_route=%2Fwp%2Fv2%2Fproduct_cat&post=33122"},{"taxonomy":"product_tag","embeddable":true,"href":"https:\/\/www.autonvaraosahaku.fi\/index.php?rest_route=%2Fwp%2Fv2%2Fproduct_tag&post=33122"}],"curies":[{"name":"wp","href":"https:\/\/api.w.org\/{rel}","templated":true}]}}