{"id":33132,"date":"2021-02-21T16:16:13","date_gmt":"2021-02-21T16:16:13","guid":{"rendered":"https:\/\/www.autonvaraosahaku.fi\/?product=as-pl-s0550pr-starttimoottori"},"modified":"2021-02-21T16:16:15","modified_gmt":"2021-02-21T16:16:15","slug":"as-pl-s0550pr-starttimoottori","status":"publish","type":"product","link":"https:\/\/www.autonvaraosahaku.fi\/?product=as-pl-s0550pr-starttimoottori","title":{"rendered":"AS-PL S0550PR Starttimoottori"},"content":{"rendered":"<p>Pituus 1 (mm): 66,00; Pituus 2 (mm): -5,00; K\u00e4ynnistinmoottori teho (kW): 1,40; J\u00e4nnite (V): 12; Kiinnitysreikien lukum\u00e4\u00e4r\u00e4: 3; kierrereiki\u00e4 [kpl]: 3; Py\u00f6rimissuunta: Py\u00f6rimissuunta my\u00f6t\u00e4p\u00e4iv\u00e4\u00e4n; Hammasluku: 10; Moottorinumero: 161A (XUD7); SUZUKI: SAMURAI SJ,VITARA ET, TA,VITARA Cabrio ET, TA,SAMURAI Gel\u00e4ndewagen offen SJ; LANCIA: PHEDRA 179,ZETA 220; HYUNDAI: LANTRA II Wagon J-2,LANTRA II J-2; FIAT: DUCATO Pritsche\/Fahrgestell 230,DUCATO Bus 230,DUCATO Kasten 244,DUCATO Pritsche\/Fahrgestell 244,DUCATO Kasten 230L,SCUDO 270_,ULYSSE 179AX,DUCATO Bus 244, Z_,SCUDO Kasten 270_,ULYSSE 220,SCUDO Kasten 220L,SCUDO Combinato 220P,SCUDO Pritsche\/Fahrgestell 270_,SCUDO Pritsche\/Fahrgestell 220_; CITRO\u00cbN: BERLINGO MF,XSARA PICASSO N68,C5 III Break TD_,C4 Picasso I UD_,C4 Grand Picasso I UA_,C8 EA_, EB_,C4 I LC_,BERLINGO Kasten M_,C5 II Break RE_,C5 I DC_,C5 I Break DE_,C5 III RD_,XSARA N1,C4 Coupe LA_,C4 II B7,C5 II RC_,C-CROSSER EP_,XSARA Break N2,JUMPY,JUMPER Kasten 244,JUMPY Kasten,C4 Grand Picasso II,C4 Picasso II,XM Y4,XANTIA X2,DS4,XSARA Coupe N0,XANTIA X1,DS5,EVASION 22, U6,C4 Stufenheck L,XANTIA Break X2,ZX N2,JUMPY U6U,JUMPY Kasten BS_, BT_, BY_, BZ_,JUMPER Kasten 230L,C-CROSSER ENTERPRISE,JUMPER Bus 244, Z_,XM Y3,XANTIA Break X1,JUMPER Bus 230P,ZX Break N2,JUMPER Pritsche\/Fahrgestell 244,XM Break Y4,JUMPER Pritsche\/Fahrgestell 230,C15 VD-_,JUMPY Pritsche\/Fahrgestell BU_, BV_, BW_, BX_,XM Break Y3,C15 Kombi,XSARA Kasten,SPACETOURER,JUMPY Pritsche\/Fahrgestell,XSARA Kasten\/Schr\u00e4gheck; PEUGEOT: 206 Schr\u00e4gheck 2A\/C,206 CC 2D,307 SW 3H,307 CC 3B,407 SW 6E_,307 3A\/C,308 SW,206 SW 2E\/K,807 E,308 4A_, 4C_,5008,307 Break 3E,508 SW,306 Schr\u00e4gheck 7A, 7C, N3, N5,607 9D, 9U,407 6D_,3008,406 Break 8E\/F,RCZ,308 CC,PARTNER Combispace 5F,4007 GP_,PARTNER Kasten 5,406 Coupe 8C,306 Break 7E, N3, N5,406 8B,806 221,508,407 Coupe 6C_,EXPERT Tepee VF3V_,BOXER Kasten 230L,EXPERT Kasten VF3A_, VF3U_, VF3X_,BOXER Kasten 244,306 7B, N3, N5,EXPERT Kasten 222,BOXER Pritsche\/Fahrgestell,308 II,BOXER Bus 230P,BOXER Bus 244, Z_,BOXER Pritsche\/Fahrgestell ZCT_,206 Van,605 6B,EXPERT 224,405 II 4B,306 Van N_, 7_,BOXER Pritsche\/Fahrgestell 244,405 II Break 4E,EXPERT Pritsche\/Fahrgestell 223,308 SW II,EXPERT Pritsche\/Fahrgestell,3008 SUV,EXPERT Kasten,5008 II,PARTNER Pritsche\/Fahrgestell,TRAVELLER,306 Kasten\/Schr\u00e4gheck; MITSUBISHI: OUTLANDER XL II CW_W; DS: DS5,DS 4 \/ DS 4 CROSSBACK; 1516779R, 1342792080, 71716562, 71716563, 71716565, 71719600, 71719608, 71719609, 71728811, 71782363, 96253382680, 9625382580, 1810A101, M000T20871, M000T20871ZE, M000T20872, M000T20872ZE, M000T20873, M000T20873ZE, M000T86081, M001T80081, M001T80082, M001T80381, M001T80481, M00T20871, M0T20871, M0T20871ZE, M0T20872, M0T20872ZE, M0T20873, M0T20873ZE, M0T86081, M1T80081, M1T80082, M1T80381, M1T80481, 19D10239SC, 5802CY, 5802FJ, 5802FK, 5802W5, 5802W8, 96253825, 9625382680, 9648111680, 9656262780, 9656299480, 9671014680; Startti,K\u00e4ynnistinmoottori<\/p>\n","protected":false},"excerpt":{"rendered":"<p>AS-PL Starttimoottori Brand new AS-PL Starter motor 0001231003 S0550PR Startti,K\u00e4ynnistinmoottori SUZUKI,LANCIA,HYUNDAI,SAMURAI SJ,VITARA ET, TA<\/p>\n","protected":false},"featured_media":0,"template":"","meta":{"site-sidebar-layout":"default","site-content-layout":"default","ast-global-header-display":"","ast-main-header-display":"","ast-hfb-above-header-display":"","ast-hfb-below-header-display":"","ast-hfb-mobile-header-display":"","site-post-title":"","ast-breadcrumbs-content":"","ast-featured-img":"","footer-sml-layout":"","theme-transparent-header-meta":"","adv-header-id-meta":"","stick-header-meta":"","header-above-stick-meta":"","header-main-stick-meta":"","header-below-stick-meta":""},"pwb-brand":[347],"product_cat":[295],"product_tag":[],"class_list":{"0":"post-33132","1":"product","2":"type-product","3":"status-publish","5":"pwb-brand-as-pl","6":"product_cat-starttimoottori","7":"desktop-align-left","8":"tablet-align-left","9":"mobile-align-left","11":"first","12":"instock","13":"product-type-external"},"brands":[{"id":347,"name":"AS-PL","slug":"as-pl"}],"_links":{"self":[{"href":"https:\/\/www.autonvaraosahaku.fi\/index.php?rest_route=\/wp\/v2\/product\/33132","targetHints":{"allow":["GET"]}}],"collection":[{"href":"https:\/\/www.autonvaraosahaku.fi\/index.php?rest_route=\/wp\/v2\/product"}],"about":[{"href":"https:\/\/www.autonvaraosahaku.fi\/index.php?rest_route=\/wp\/v2\/types\/product"}],"wp:attachment":[{"href":"https:\/\/www.autonvaraosahaku.fi\/index.php?rest_route=%2Fwp%2Fv2%2Fmedia&parent=33132"}],"wp:term":[{"taxonomy":"pwb-brand","embeddable":true,"href":"https:\/\/www.autonvaraosahaku.fi\/index.php?rest_route=%2Fwp%2Fv2%2Fpwb-brand&post=33132"},{"taxonomy":"product_cat","embeddable":true,"href":"https:\/\/www.autonvaraosahaku.fi\/index.php?rest_route=%2Fwp%2Fv2%2Fproduct_cat&post=33132"},{"taxonomy":"product_tag","embeddable":true,"href":"https:\/\/www.autonvaraosahaku.fi\/index.php?rest_route=%2Fwp%2Fv2%2Fproduct_tag&post=33132"}],"curies":[{"name":"wp","href":"https:\/\/api.w.org\/{rel}","templated":true}]}}