{"id":33138,"date":"2021-02-21T16:16:13","date_gmt":"2021-02-21T16:16:13","guid":{"rendered":"https:\/\/www.autonvaraosahaku.fi\/?product=ridex-288r0038-laturin-jannitteensaadin"},"modified":"2021-02-21T16:16:16","modified_gmt":"2021-02-21T16:16:16","slug":"ridex-288r0038-laturin-jannitteensaadin","status":"publish","type":"product","link":"https:\/\/www.autonvaraosahaku.fi\/?product=ridex-288r0038-laturin-jannitteensaadin","title":{"rendered":"RIDEX 288R0038 Laturin j\u00e4nnitteens\u00e4\u00e4din"},"content":{"rendered":"<p>J\u00e4nnite (V): 14,4; VW: TARO; TOYOTA: STARLET _P8_,LAND CRUISER PZJ7_, KZJ7_, HZJ7_, BJ7_, LJ7_, RJ7_,STARLET _P7_,HILUX V Pick-up LN_, KZN1_, VZN1_,HILUX IV Pick-up _N5_, _N6_,COROLLA Station Wagon _E9_,COROLLA Liftback _E8_,COROLLA FX Compact E8B,HIACE II Kasten LH5_, YH7_, LH7_, LH6_, YH6_, YH5_,HIACE I Kasten RH1_, LH3_, RH3_, RH2_, LH2_, LH1_,COROLLA _E8_,DYNA Pritsche\/Fahrgestell; SUZUKI: SAMURAI SJ,SJ 413,SWIFT I AA; DAIHATSU: CUORE II L80, L81,HIJET Bus; 2770087207, 2770096301, 2770078301; Laturin S\u00e4\u00e4din,J\u00e4nniteens\u00e4\u00e4din<\/p>\n","protected":false},"excerpt":{"rendered":"<p>RIDEX Laturin J\u00e4nnitteens\u00e4\u00e4din 288R0038 Laturin S\u00e4\u00e4din,J\u00e4nniteens\u00e4\u00e4din VW,TOYOTA,SUZUKI,TARO,STARLET _P8_<\/p>\n","protected":false},"featured_media":0,"template":"","meta":{"site-sidebar-layout":"default","site-content-layout":"default","ast-global-header-display":"","ast-main-header-display":"","ast-hfb-above-header-display":"","ast-hfb-below-header-display":"","ast-hfb-mobile-header-display":"","site-post-title":"","ast-breadcrumbs-content":"","ast-featured-img":"","footer-sml-layout":"","theme-transparent-header-meta":"","adv-header-id-meta":"","stick-header-meta":"","header-above-stick-meta":"","header-main-stick-meta":"","header-below-stick-meta":""},"pwb-brand":[157],"product_cat":[420],"product_tag":[],"class_list":{"0":"post-33138","1":"product","2":"type-product","3":"status-publish","5":"pwb-brand-ridex","6":"product_cat-laturin-jannitteensaadin","7":"desktop-align-left","8":"tablet-align-left","9":"mobile-align-left","11":"first","12":"instock","13":"product-type-external"},"brands":[{"id":157,"name":"RIDEX","slug":"ridex"}],"_links":{"self":[{"href":"https:\/\/www.autonvaraosahaku.fi\/index.php?rest_route=\/wp\/v2\/product\/33138","targetHints":{"allow":["GET"]}}],"collection":[{"href":"https:\/\/www.autonvaraosahaku.fi\/index.php?rest_route=\/wp\/v2\/product"}],"about":[{"href":"https:\/\/www.autonvaraosahaku.fi\/index.php?rest_route=\/wp\/v2\/types\/product"}],"wp:attachment":[{"href":"https:\/\/www.autonvaraosahaku.fi\/index.php?rest_route=%2Fwp%2Fv2%2Fmedia&parent=33138"}],"wp:term":[{"taxonomy":"pwb-brand","embeddable":true,"href":"https:\/\/www.autonvaraosahaku.fi\/index.php?rest_route=%2Fwp%2Fv2%2Fpwb-brand&post=33138"},{"taxonomy":"product_cat","embeddable":true,"href":"https:\/\/www.autonvaraosahaku.fi\/index.php?rest_route=%2Fwp%2Fv2%2Fproduct_cat&post=33138"},{"taxonomy":"product_tag","embeddable":true,"href":"https:\/\/www.autonvaraosahaku.fi\/index.php?rest_route=%2Fwp%2Fv2%2Fproduct_tag&post=33138"}],"curies":[{"name":"wp","href":"https:\/\/api.w.org\/{rel}","templated":true}]}}