{"id":33163,"date":"2021-02-21T16:16:21","date_gmt":"2021-02-21T16:16:21","guid":{"rendered":"https:\/\/www.autonvaraosahaku.fi\/?product=van-wezel-0508929-sumuvalot"},"modified":"2021-02-21T16:16:22","modified_gmt":"2021-02-21T16:16:22","slug":"van-wezel-0508929-sumuvalot","status":"publish","type":"product","link":"https:\/\/www.autonvaraosahaku.fi\/?product=van-wezel-0508929-sumuvalot","title":{"rendered":"VAN WEZEL 0508929 Sumuvalot"},"content":{"rendered":"<p>Asennuspuoli: Takana, Keskell\u00e4; Valotoiminto: peruutusvalolla, Sumuvaloon; Osa: Keski osa; M\u00e4\u00e4r\u00e4: 1; Korvaava tuote\/korvaava tiedote 2: Ulostulo oikealla, Ulostulo vasemmalla; Ei varustelumuunnoksille: Sport\/Clubman; Versio: Olsa; Pakoputkisto: Pakoputkelle; Valmistusvuosi alkaen: 09\/2010; MINI: MINI R56,MINI Cabriolet R57; 63247255925<\/p>\n","protected":false},"excerpt":{"rendered":"<p>VAN WEZEL Takasumuvalo 0508929  MINI,MINI R56,MINI Cabriolet R57<\/p>\n","protected":false},"featured_media":0,"template":"","meta":{"site-sidebar-layout":"default","site-content-layout":"default","ast-global-header-display":"","ast-main-header-display":"","ast-hfb-above-header-display":"","ast-hfb-below-header-display":"","ast-hfb-mobile-header-display":"","site-post-title":"","ast-breadcrumbs-content":"","ast-featured-img":"","footer-sml-layout":"","theme-transparent-header-meta":"","adv-header-id-meta":"","stick-header-meta":"","header-above-stick-meta":"","header-main-stick-meta":"","header-below-stick-meta":""},"pwb-brand":[54],"product_cat":[119],"product_tag":[],"class_list":{"0":"post-33163","1":"product","2":"type-product","3":"status-publish","5":"pwb-brand-van-wezel","6":"product_cat-sumuvalot","7":"desktop-align-left","8":"tablet-align-left","9":"mobile-align-left","11":"first","12":"instock","13":"product-type-external"},"brands":[{"id":54,"name":"VAN WEZEL","slug":"van-wezel"}],"_links":{"self":[{"href":"https:\/\/www.autonvaraosahaku.fi\/index.php?rest_route=\/wp\/v2\/product\/33163","targetHints":{"allow":["GET"]}}],"collection":[{"href":"https:\/\/www.autonvaraosahaku.fi\/index.php?rest_route=\/wp\/v2\/product"}],"about":[{"href":"https:\/\/www.autonvaraosahaku.fi\/index.php?rest_route=\/wp\/v2\/types\/product"}],"wp:attachment":[{"href":"https:\/\/www.autonvaraosahaku.fi\/index.php?rest_route=%2Fwp%2Fv2%2Fmedia&parent=33163"}],"wp:term":[{"taxonomy":"pwb-brand","embeddable":true,"href":"https:\/\/www.autonvaraosahaku.fi\/index.php?rest_route=%2Fwp%2Fv2%2Fpwb-brand&post=33163"},{"taxonomy":"product_cat","embeddable":true,"href":"https:\/\/www.autonvaraosahaku.fi\/index.php?rest_route=%2Fwp%2Fv2%2Fproduct_cat&post=33163"},{"taxonomy":"product_tag","embeddable":true,"href":"https:\/\/www.autonvaraosahaku.fi\/index.php?rest_route=%2Fwp%2Fv2%2Fproduct_tag&post=33163"}],"curies":[{"name":"wp","href":"https:\/\/api.w.org\/{rel}","templated":true}]}}