{"id":33190,"date":"2021-02-21T16:16:25","date_gmt":"2021-02-21T16:16:25","guid":{"rendered":"https:\/\/www.autonvaraosahaku.fi\/?product=sasic-2256127-alatukivarsi"},"modified":"2021-02-21T16:16:27","modified_gmt":"2021-02-21T16:16:27","slug":"sasic-2256127-alatukivarsi","status":"publish","type":"product","link":"https:\/\/www.autonvaraosahaku.fi\/?product=sasic-2256127-alatukivarsi","title":{"rendered":"SASIC 2256127 Alatukivarsi"},"content":{"rendered":"<p>Asennuspuoli: etuakseli molemminpuoleinen, Takana, Alla; Ohjausmalli: Kolmiotukivarsi (KA\/LA); Sis\u00e4l\u00e4pimitta [mm]: 14; Ulkol\u00e4pimitta [mm]: 70,5; Pituus, sis\u00e4 (mm): 60; Pituus, ulko (mm): 36; OE-numerolle: 545843S000; parilliset tuotenumerot: 2256125; KIA: SPORTAGE SL,SPORTAGE JE_, KM_,CARENS III UN,CARENS IV; HYUNDAI: ix35 LM, EL, ELH; 545842S000, 545842S100, 545843S000, 545842S000, 545842S100, 545843S000; Tukivarsi,Tukivarsi, Py\u00f6r\u00e4ntuenta<\/p>\n","protected":false},"excerpt":{"rendered":"<p>SASIC Alatukivarsi 2256127 Tukivarsi,Tukivarsi, Py\u00f6r\u00e4ntuenta KIA,HYUNDAI,SPORTAGE SL,SPORTAGE JE_, KM_,CARENS III UN,CARENS IV,ix35 LM, EL, ELH<\/p>\n","protected":false},"featured_media":0,"template":"","meta":{"site-sidebar-layout":"default","site-content-layout":"default","ast-global-header-display":"","ast-main-header-display":"","ast-hfb-above-header-display":"","ast-hfb-below-header-display":"","ast-hfb-mobile-header-display":"","site-post-title":"","ast-breadcrumbs-content":"","ast-featured-img":"","footer-sml-layout":"","theme-transparent-header-meta":"","adv-header-id-meta":"","stick-header-meta":"","header-above-stick-meta":"","header-main-stick-meta":"","header-below-stick-meta":""},"pwb-brand":[110],"product_cat":[62],"product_tag":[],"class_list":{"0":"post-33190","1":"product","2":"type-product","3":"status-publish","5":"pwb-brand-sasic","6":"product_cat-alatukivarsi","7":"desktop-align-left","8":"tablet-align-left","9":"mobile-align-left","11":"first","12":"instock","13":"product-type-external"},"brands":[{"id":110,"name":"SASIC","slug":"sasic"}],"_links":{"self":[{"href":"https:\/\/www.autonvaraosahaku.fi\/index.php?rest_route=\/wp\/v2\/product\/33190","targetHints":{"allow":["GET"]}}],"collection":[{"href":"https:\/\/www.autonvaraosahaku.fi\/index.php?rest_route=\/wp\/v2\/product"}],"about":[{"href":"https:\/\/www.autonvaraosahaku.fi\/index.php?rest_route=\/wp\/v2\/types\/product"}],"wp:attachment":[{"href":"https:\/\/www.autonvaraosahaku.fi\/index.php?rest_route=%2Fwp%2Fv2%2Fmedia&parent=33190"}],"wp:term":[{"taxonomy":"pwb-brand","embeddable":true,"href":"https:\/\/www.autonvaraosahaku.fi\/index.php?rest_route=%2Fwp%2Fv2%2Fpwb-brand&post=33190"},{"taxonomy":"product_cat","embeddable":true,"href":"https:\/\/www.autonvaraosahaku.fi\/index.php?rest_route=%2Fwp%2Fv2%2Fproduct_cat&post=33190"},{"taxonomy":"product_tag","embeddable":true,"href":"https:\/\/www.autonvaraosahaku.fi\/index.php?rest_route=%2Fwp%2Fv2%2Fproduct_tag&post=33190"}],"curies":[{"name":"wp","href":"https:\/\/api.w.org\/{rel}","templated":true}]}}