{"id":33199,"date":"2021-02-21T16:16:30","date_gmt":"2021-02-21T16:16:30","guid":{"rendered":"https:\/\/www.autonvaraosahaku.fi\/?product=filtron-ar-275-ilmansuodatin"},"modified":"2021-02-21T16:16:30","modified_gmt":"2021-02-21T16:16:30","slug":"filtron-ar-275-ilmansuodatin","status":"publish","type":"product","link":"https:\/\/www.autonvaraosahaku.fi\/?product=filtron-ar-275-ilmansuodatin","title":{"rendered":"FILTRON AR 275 Ilmansuodatin"},"content":{"rendered":"<p>Korkeus (mm): 219; Ulkol\u00e4pimitta [mm]: 126; Sis\u00e4l\u00e4pimitta 1 [mm]: 85; Sis\u00e4l\u00e4pimitta 2 [mm]: 85, 85; CITRO\u00cbN: CX II,CX I MA,CX II Break,CX I Break MA; RENAULT: KANGOO KC0\/1_,MEGANE Scenic JA0\/1_,MEGANE I BA0\/1_,KANGOO Express FC0\/1_,MEGANE I Grandtour KA0\/1_,MEGANE I Cabriolet EA0\/1_,MEGANE I Classic LA0\/1_,MEGANE I Coach DA0\/1_,ESPACE II J\/S63_,19 I B\/C53_,TRAFIC Kasten TXX,TRAFIC Bus TXW,ESPACE I J11_,21 Stufenheck L48_,25 B29_,TRAFIC Kasten T1, T3, T4,TRAFIC Bus T5, T6, T7,18 134_,21 Kombi K48_,18 Variable 135_,FUEGO 136_,21 B48_,20 127_,TRAFIC Pritsche\/Fahrgestell P6,19 I Kasten S53_,TRAFIC Pritsche\/Fahrgestell PXX; 01EFA010, PC369, 1444K7, 75492226, 95495229, 5004263, A780X9601BA, 7700720987, 7701019344, 7701023306, 7701040780, 7701348175, 7701349175, 7701019344, 9974851<\/p>\n","protected":false},"excerpt":{"rendered":"<p>FILTRON Ilmansuodatin AR 275  CITRO\u00cbN,RENAULT,CX II,CX I MA,CX II Break,CX I Break MA,KANGOO KC0\/1_,MEGANE Scenic JA0\/1_,MEGANE I BA0\/1_<\/p>\n","protected":false},"featured_media":0,"template":"","meta":{"site-sidebar-layout":"default","site-content-layout":"default","ast-global-header-display":"","ast-main-header-display":"","ast-hfb-above-header-display":"","ast-hfb-below-header-display":"","ast-hfb-mobile-header-display":"","site-post-title":"","ast-breadcrumbs-content":"","ast-featured-img":"","footer-sml-layout":"","theme-transparent-header-meta":"","adv-header-id-meta":"","stick-header-meta":"","header-above-stick-meta":"","header-main-stick-meta":"","header-below-stick-meta":""},"pwb-brand":[359],"product_cat":[31],"product_tag":[],"class_list":{"0":"post-33199","1":"product","2":"type-product","3":"status-publish","5":"pwb-brand-filtron","6":"product_cat-ilmansuodatin","7":"desktop-align-left","8":"tablet-align-left","9":"mobile-align-left","11":"first","12":"instock","13":"product-type-external"},"brands":[{"id":359,"name":"FILTRON","slug":"filtron"}],"_links":{"self":[{"href":"https:\/\/www.autonvaraosahaku.fi\/index.php?rest_route=\/wp\/v2\/product\/33199","targetHints":{"allow":["GET"]}}],"collection":[{"href":"https:\/\/www.autonvaraosahaku.fi\/index.php?rest_route=\/wp\/v2\/product"}],"about":[{"href":"https:\/\/www.autonvaraosahaku.fi\/index.php?rest_route=\/wp\/v2\/types\/product"}],"wp:attachment":[{"href":"https:\/\/www.autonvaraosahaku.fi\/index.php?rest_route=%2Fwp%2Fv2%2Fmedia&parent=33199"}],"wp:term":[{"taxonomy":"pwb-brand","embeddable":true,"href":"https:\/\/www.autonvaraosahaku.fi\/index.php?rest_route=%2Fwp%2Fv2%2Fpwb-brand&post=33199"},{"taxonomy":"product_cat","embeddable":true,"href":"https:\/\/www.autonvaraosahaku.fi\/index.php?rest_route=%2Fwp%2Fv2%2Fproduct_cat&post=33199"},{"taxonomy":"product_tag","embeddable":true,"href":"https:\/\/www.autonvaraosahaku.fi\/index.php?rest_route=%2Fwp%2Fv2%2Fproduct_tag&post=33199"}],"curies":[{"name":"wp","href":"https:\/\/api.w.org\/{rel}","templated":true}]}}