{"id":33203,"date":"2021-02-21T16:16:30","date_gmt":"2021-02-21T16:16:30","guid":{"rendered":"https:\/\/www.autonvaraosahaku.fi\/?product=filtron-ar-264-ilmansuodatin"},"modified":"2021-02-21T16:16:31","modified_gmt":"2021-02-21T16:16:31","slug":"filtron-ar-264-ilmansuodatin","status":"publish","type":"product","link":"https:\/\/www.autonvaraosahaku.fi\/?product=filtron-ar-264-ilmansuodatin","title":{"rendered":"FILTRON AR 264 Ilmansuodatin"},"content":{"rendered":"<p>Korkeus (mm): 236; Ulkol\u00e4pimitta [mm]: 160; Sis\u00e4l\u00e4pimitta 1 [mm]: 100; Sis\u00e4l\u00e4pimitta 2 [mm]: 100, 100; Alustanumeroon: 5030872; IVECO: DAILY II Pritsche\/Fahrgestell,DAILY II Kasten\/Kombi,DAILY I Pritsche\/Fahrgestell,DAILY I Kasten\/Kombi; ALFA ROMEO: AR 8 Kasten 280,AR 8 Pritsche\/Fahrgestell 280; 1902486, 8323458, 1902486, 1908112, 500038756<\/p>\n","protected":false},"excerpt":{"rendered":"<p>FILTRON Ilmansuodatin AR 264  IVECO,ALFA ROMEO,DAILY II Pritsche\/Fahrgestell,DAILY II Kasten\/Kombi,DAILY I Pritsche\/Fahrgestell,DAILY I Kasten\/Kombi<\/p>\n","protected":false},"featured_media":0,"template":"","meta":{"site-sidebar-layout":"default","site-content-layout":"default","ast-global-header-display":"","ast-main-header-display":"","ast-hfb-above-header-display":"","ast-hfb-below-header-display":"","ast-hfb-mobile-header-display":"","site-post-title":"","ast-breadcrumbs-content":"","ast-featured-img":"","footer-sml-layout":"","theme-transparent-header-meta":"","adv-header-id-meta":"","stick-header-meta":"","header-above-stick-meta":"","header-main-stick-meta":"","header-below-stick-meta":""},"pwb-brand":[359],"product_cat":[31],"product_tag":[],"class_list":{"0":"post-33203","1":"product","2":"type-product","3":"status-publish","5":"pwb-brand-filtron","6":"product_cat-ilmansuodatin","7":"desktop-align-left","8":"tablet-align-left","9":"mobile-align-left","11":"first","12":"instock","13":"product-type-external"},"brands":[{"id":359,"name":"FILTRON","slug":"filtron"}],"_links":{"self":[{"href":"https:\/\/www.autonvaraosahaku.fi\/index.php?rest_route=\/wp\/v2\/product\/33203","targetHints":{"allow":["GET"]}}],"collection":[{"href":"https:\/\/www.autonvaraosahaku.fi\/index.php?rest_route=\/wp\/v2\/product"}],"about":[{"href":"https:\/\/www.autonvaraosahaku.fi\/index.php?rest_route=\/wp\/v2\/types\/product"}],"wp:attachment":[{"href":"https:\/\/www.autonvaraosahaku.fi\/index.php?rest_route=%2Fwp%2Fv2%2Fmedia&parent=33203"}],"wp:term":[{"taxonomy":"pwb-brand","embeddable":true,"href":"https:\/\/www.autonvaraosahaku.fi\/index.php?rest_route=%2Fwp%2Fv2%2Fpwb-brand&post=33203"},{"taxonomy":"product_cat","embeddable":true,"href":"https:\/\/www.autonvaraosahaku.fi\/index.php?rest_route=%2Fwp%2Fv2%2Fproduct_cat&post=33203"},{"taxonomy":"product_tag","embeddable":true,"href":"https:\/\/www.autonvaraosahaku.fi\/index.php?rest_route=%2Fwp%2Fv2%2Fproduct_tag&post=33203"}],"curies":[{"name":"wp","href":"https:\/\/api.w.org\/{rel}","templated":true}]}}