{"id":33239,"date":"2021-02-21T16:16:39","date_gmt":"2021-02-21T16:16:39","guid":{"rendered":"https:\/\/www.autonvaraosahaku.fi\/?product=dakatec-400024-abs-keha"},"modified":"2021-02-21T16:16:40","modified_gmt":"2021-02-21T16:16:40","slug":"dakatec-400024-abs-keha","status":"publish","type":"product","link":"https:\/\/www.autonvaraosahaku.fi\/?product=dakatec-400024-abs-keha","title":{"rendered":"DAKAtec 400024 ABS keh\u00e4"},"content":{"rendered":"<p>Asennuspuoli: Taka-akseli, molemminpuolinen; Leveys (mm): 11,2; Napojen m\u00e4\u00e4r\u00e4: 88; Sis\u00e4l\u00e4pimitta [mm]: 48,0; Ulkol\u00e4pimitta [mm]: 76,5; Paino [g]: 30; Rakennemalli: Clio; RENAULT: CLIO II BB0\/1\/2_, CB0\/1\/2_,KANGOO KC0\/1_,CLIO I B\/C57_, 5\/357_,19 II B\/C53_,19 II Cabriolet D53_, 853_,19 II Chamade L53_; 1061678, 1069295, 1141882, 4664143, 5S432B384AA, 95VW3BA413AB, 95VW3K187BB, 98AB2B384BB, 5S432B384AA, 98AB2B384BB, 5S432B384AA, 98AB2B384BB, 7M0407321B, 7M0498099AX, 7M0798099A, 7M0798099A; ABS Hammaskeh\u00e4,ABS Rengas,Anturirengas, ABS<\/p>\n","protected":false},"excerpt":{"rendered":"<p>DAKAtec ABS Keh\u00e4 400024 ABS Hammaskeh\u00e4,ABS Rengas RENAULT,CLIO II BB0\/1\/2_, CB0\/1\/2_,KANGOO KC0\/1_,CLIO I B\/C57_, 5\/357_,19 II B\/C53_<\/p>\n","protected":false},"featured_media":0,"template":"","meta":{"site-sidebar-layout":"default","site-content-layout":"default","ast-global-header-display":"","ast-main-header-display":"","ast-hfb-above-header-display":"","ast-hfb-below-header-display":"","ast-hfb-mobile-header-display":"","site-post-title":"","ast-breadcrumbs-content":"","ast-featured-img":"","footer-sml-layout":"","theme-transparent-header-meta":"","adv-header-id-meta":"","stick-header-meta":"","header-above-stick-meta":"","header-main-stick-meta":"","header-below-stick-meta":""},"pwb-brand":[283],"product_cat":[273],"product_tag":[],"class_list":{"0":"post-33239","1":"product","2":"type-product","3":"status-publish","5":"pwb-brand-dakatec","6":"product_cat-abs-keha","7":"desktop-align-left","8":"tablet-align-left","9":"mobile-align-left","11":"first","12":"instock","13":"product-type-external"},"brands":[{"id":283,"name":"DAKAtec","slug":"dakatec"}],"_links":{"self":[{"href":"https:\/\/www.autonvaraosahaku.fi\/index.php?rest_route=\/wp\/v2\/product\/33239","targetHints":{"allow":["GET"]}}],"collection":[{"href":"https:\/\/www.autonvaraosahaku.fi\/index.php?rest_route=\/wp\/v2\/product"}],"about":[{"href":"https:\/\/www.autonvaraosahaku.fi\/index.php?rest_route=\/wp\/v2\/types\/product"}],"wp:attachment":[{"href":"https:\/\/www.autonvaraosahaku.fi\/index.php?rest_route=%2Fwp%2Fv2%2Fmedia&parent=33239"}],"wp:term":[{"taxonomy":"pwb-brand","embeddable":true,"href":"https:\/\/www.autonvaraosahaku.fi\/index.php?rest_route=%2Fwp%2Fv2%2Fpwb-brand&post=33239"},{"taxonomy":"product_cat","embeddable":true,"href":"https:\/\/www.autonvaraosahaku.fi\/index.php?rest_route=%2Fwp%2Fv2%2Fproduct_cat&post=33239"},{"taxonomy":"product_tag","embeddable":true,"href":"https:\/\/www.autonvaraosahaku.fi\/index.php?rest_route=%2Fwp%2Fv2%2Fproduct_tag&post=33239"}],"curies":[{"name":"wp","href":"https:\/\/api.w.org\/{rel}","templated":true}]}}