{"id":33241,"date":"2021-02-21T16:16:39","date_gmt":"2021-02-21T16:16:39","guid":{"rendered":"https:\/\/www.autonvaraosahaku.fi\/?product=daco-germany-450701-iskunvaimennin"},"modified":"2021-02-21T16:16:40","modified_gmt":"2021-02-21T16:16:40","slug":"daco-germany-450701-iskunvaimennin","status":"publish","type":"product","link":"https:\/\/www.autonvaraosahaku.fi\/?product=daco-germany-450701-iskunvaimennin","title":{"rendered":"DACO Germany 450701 Iskunvaimennin"},"content":{"rendered":"<p>Iskunvaimennin tyyppi: Kaasupaine; Iskunvaimennin malli: Joustintuki; Iskunvaimennusj\u00e4rjestelm\u00e4: Kaksiputki; Paino [kg]: 3,600; Reik\u00e4-\u00d8 [mm]: 30; suurin pituus [mm]: 523; v\u00e4h. pituus [mm]: 355; Valmistusvuoteen: 12\/2012; OPEL: COMBO Tour; FORD: TRANSIT MK-7 Bus; RENAULT: LOGAN I LS_; DACIA: SANDERO,LOGAN LS_; 543022344R, 543022474R, 543025110R, 6001547071, 6001547105, 6001548533, 6001550751, 6001550752, 8200216267, 8200216267E, 8200216267F, 8200216267G, 8200216267H, 8200238790, 8200238790D, 8200238790E, 8200238790F, 8200238790G, 8200528607, 8200528607B, 8200613307, 8200779885, 8200792798, 8200796326, 8200807029; Iskarit,Iskunvaimennin<\/p>\n","protected":false},"excerpt":{"rendered":"<p>DACO Germany Iskunvaimentimet 450701 Iskarit,Iskunvaimennin OPEL,FORD,RENAULT,COMBO Tour,TRANSIT MK-7 Bus,LOGAN I LS_,SANDERO,LOGAN LS_<\/p>\n","protected":false},"featured_media":0,"template":"","meta":{"site-sidebar-layout":"default","site-content-layout":"default","ast-global-header-display":"","ast-main-header-display":"","ast-hfb-above-header-display":"","ast-hfb-below-header-display":"","ast-hfb-mobile-header-display":"","site-post-title":"","ast-breadcrumbs-content":"","ast-featured-img":"","footer-sml-layout":"","theme-transparent-header-meta":"","adv-header-id-meta":"","stick-header-meta":"","header-above-stick-meta":"","header-main-stick-meta":"","header-below-stick-meta":""},"pwb-brand":[349],"product_cat":[80],"product_tag":[],"class_list":{"0":"post-33241","1":"product","2":"type-product","3":"status-publish","5":"pwb-brand-daco-germany","6":"product_cat-iskunvaimennin","7":"desktop-align-left","8":"tablet-align-left","9":"mobile-align-left","11":"first","12":"instock","13":"product-type-external"},"brands":[{"id":349,"name":"DACO Germany","slug":"daco-germany"}],"_links":{"self":[{"href":"https:\/\/www.autonvaraosahaku.fi\/index.php?rest_route=\/wp\/v2\/product\/33241","targetHints":{"allow":["GET"]}}],"collection":[{"href":"https:\/\/www.autonvaraosahaku.fi\/index.php?rest_route=\/wp\/v2\/product"}],"about":[{"href":"https:\/\/www.autonvaraosahaku.fi\/index.php?rest_route=\/wp\/v2\/types\/product"}],"wp:attachment":[{"href":"https:\/\/www.autonvaraosahaku.fi\/index.php?rest_route=%2Fwp%2Fv2%2Fmedia&parent=33241"}],"wp:term":[{"taxonomy":"pwb-brand","embeddable":true,"href":"https:\/\/www.autonvaraosahaku.fi\/index.php?rest_route=%2Fwp%2Fv2%2Fpwb-brand&post=33241"},{"taxonomy":"product_cat","embeddable":true,"href":"https:\/\/www.autonvaraosahaku.fi\/index.php?rest_route=%2Fwp%2Fv2%2Fproduct_cat&post=33241"},{"taxonomy":"product_tag","embeddable":true,"href":"https:\/\/www.autonvaraosahaku.fi\/index.php?rest_route=%2Fwp%2Fv2%2Fproduct_tag&post=33241"}],"curies":[{"name":"wp","href":"https:\/\/api.w.org\/{rel}","templated":true}]}}