{"id":33270,"date":"2021-02-21T16:16:44","date_gmt":"2021-02-21T16:16:44","guid":{"rendered":"https:\/\/www.autonvaraosahaku.fi\/?product=topran-305-334-muut-luokat"},"modified":"2021-02-21T16:16:46","modified_gmt":"2021-02-21T16:16:46","slug":"topran-305-334-muut-luokat","status":"publish","type":"product","link":"https:\/\/www.autonvaraosahaku.fi\/?product=topran-305-334-muut-luokat","title":{"rendered":"TOPRAN 305 334 Muut luokat"},"content":{"rendered":"<p>Materiaali: Ter\u00e4sputki; Sy\u00f6tt\u00f6 \/ paluu: Sy\u00f6tt\u00f6letku; Lis\u00e4tarvike\/lis\u00e4tieto: Ilman tiivisteit\u00e4; Moottorinumero: G8DA; FORD: FOCUS C-MAX; CITRO\u00cbN: C2 JM_,BERLINGO B9,C5 III Break TD_,C3 Picasso,C5 III RD_,BERLINGO Kasten B9; PEUGEOT: 206 CC 2D,307 SW 3H,207 CC WD_,407 SW 6E_,307 3A\/C,207 SW WK_,308 SW,206 SW 2E\/K,308 4A_, 4C_,5008,307 Break 3E,407 6D_,3008,PARTNER Tepee,1007 KM_,PARTNER Kasten; 037946, 037947, 037968, 1231095, 1254336, 1435144, 1479839, 3M5Q6K679AA, 3M5Q6K679AB, 3M5Q6K679AC, 3M5Q6K679AD, 037946, 037947, 037968<\/p>\n","protected":false},"excerpt":{"rendered":"<p>TOPRAN \u00d6ljyjohdin Ahdin 305 334  FORD,CITRO\u00cbN,PEUGEOT,FOCUS C-MAX,C2 JM_,BERLINGO B9,C5 III Break TD_,C3 Picasso,C5 III RD_,BERLINGO Kasten B9<\/p>\n","protected":false},"featured_media":0,"template":"","meta":{"site-sidebar-layout":"default","site-content-layout":"default","ast-global-header-display":"","ast-main-header-display":"","ast-hfb-above-header-display":"","ast-hfb-below-header-display":"","ast-hfb-mobile-header-display":"","site-post-title":"","ast-breadcrumbs-content":"","ast-featured-img":"","footer-sml-layout":"","theme-transparent-header-meta":"","adv-header-id-meta":"","stick-header-meta":"","header-above-stick-meta":"","header-main-stick-meta":"","header-below-stick-meta":""},"pwb-brand":[18],"product_cat":[37],"product_tag":[],"class_list":{"0":"post-33270","1":"product","2":"type-product","3":"status-publish","5":"pwb-brand-topran","6":"product_cat-muut-luokat","7":"desktop-align-left","8":"tablet-align-left","9":"mobile-align-left","11":"first","12":"instock","13":"product-type-external"},"brands":[{"id":18,"name":"TOPRAN","slug":"topran"}],"_links":{"self":[{"href":"https:\/\/www.autonvaraosahaku.fi\/index.php?rest_route=\/wp\/v2\/product\/33270","targetHints":{"allow":["GET"]}}],"collection":[{"href":"https:\/\/www.autonvaraosahaku.fi\/index.php?rest_route=\/wp\/v2\/product"}],"about":[{"href":"https:\/\/www.autonvaraosahaku.fi\/index.php?rest_route=\/wp\/v2\/types\/product"}],"wp:attachment":[{"href":"https:\/\/www.autonvaraosahaku.fi\/index.php?rest_route=%2Fwp%2Fv2%2Fmedia&parent=33270"}],"wp:term":[{"taxonomy":"pwb-brand","embeddable":true,"href":"https:\/\/www.autonvaraosahaku.fi\/index.php?rest_route=%2Fwp%2Fv2%2Fpwb-brand&post=33270"},{"taxonomy":"product_cat","embeddable":true,"href":"https:\/\/www.autonvaraosahaku.fi\/index.php?rest_route=%2Fwp%2Fv2%2Fproduct_cat&post=33270"},{"taxonomy":"product_tag","embeddable":true,"href":"https:\/\/www.autonvaraosahaku.fi\/index.php?rest_route=%2Fwp%2Fv2%2Fproduct_tag&post=33270"}],"curies":[{"name":"wp","href":"https:\/\/api.w.org\/{rel}","templated":true}]}}