{"id":33305,"date":"2021-02-21T16:16:53","date_gmt":"2021-02-21T16:16:53","guid":{"rendered":"https:\/\/www.autonvaraosahaku.fi\/?product=oximo-wr304300-pyyhkijansulat"},"modified":"2021-02-21T16:16:55","modified_gmt":"2021-02-21T16:16:55","slug":"oximo-wr304300-pyyhkijansulat","status":"publish","type":"product","link":"https:\/\/www.autonvaraosahaku.fi\/?product=oximo-wr304300-pyyhkijansulat","title":{"rendered":"OXIMO WR304300 Pyyhkij\u00e4nsulat"},"content":{"rendered":"<p>Asennuspuoli: Takana; Pituus (mm): 300; Pyyhkij\u00e4nsulkatyyppi: Pyyhkij\u00e4nsulka,perinteinen runko; Valmistusmaa: Frankreich; OPEL: ASTRA H Caravan L35,ASTRA H L48,ASTRA H Kasten L70,CORSA E,GRANDLAND X A18,CORSA E Van; FORD: FOCUS II Kombi DA_,FIESTA VI,MONDEO IV Turnier BA7,FOCUS III Turnier,FOCUS III,FIESTA VI Van,FOCUS III Kasten\/Schr\u00e4gheck; RENAULT: SC\u00c9NIC III JZ0\/1_,TWINGO III; TOYOTA: YARIS SCP9_, NSP9_, KSP9_, NCP9_, ZSP9_; CITRO\u00cbN: C4 I LC_; NISSAN: QASHQAI \/ QASHQAI +2 J10, JJ10; KIA: PICANTO BA; VOLVO: V60; DAIHATSU: CHARADE; SAAB: 9-3 Kombi YS3F; Tuulilasinpyyhkimet,Pyyhkij\u00e4t,Pyyhkij\u00e4nsulka<\/p>\n","protected":false},"excerpt":{"rendered":"<p>OXIMO Pyyhkij\u00e4nsulat WR304300 Tuulilasinpyyhkimet,Pyyhkij\u00e4t OPEL,FORD,RENAULT,ASTRA H Caravan L35,ASTRA H L48,ASTRA H Kasten L70,CORSA E<\/p>\n","protected":false},"featured_media":0,"template":"","meta":{"site-sidebar-layout":"default","site-content-layout":"default","ast-global-header-display":"","ast-main-header-display":"","ast-hfb-above-header-display":"","ast-hfb-below-header-display":"","ast-hfb-mobile-header-display":"","site-post-title":"","ast-breadcrumbs-content":"","ast-featured-img":"","footer-sml-layout":"","theme-transparent-header-meta":"","adv-header-id-meta":"","stick-header-meta":"","header-above-stick-meta":"","header-main-stick-meta":"","header-below-stick-meta":""},"pwb-brand":[382],"product_cat":[33],"product_tag":[],"class_list":{"0":"post-33305","1":"product","2":"type-product","3":"status-publish","5":"pwb-brand-oximo","6":"product_cat-pyyhkijansulat","7":"desktop-align-left","8":"tablet-align-left","9":"mobile-align-left","11":"first","12":"instock","13":"product-type-external"},"brands":[{"id":382,"name":"OXIMO","slug":"oximo"}],"_links":{"self":[{"href":"https:\/\/www.autonvaraosahaku.fi\/index.php?rest_route=\/wp\/v2\/product\/33305","targetHints":{"allow":["GET"]}}],"collection":[{"href":"https:\/\/www.autonvaraosahaku.fi\/index.php?rest_route=\/wp\/v2\/product"}],"about":[{"href":"https:\/\/www.autonvaraosahaku.fi\/index.php?rest_route=\/wp\/v2\/types\/product"}],"wp:attachment":[{"href":"https:\/\/www.autonvaraosahaku.fi\/index.php?rest_route=%2Fwp%2Fv2%2Fmedia&parent=33305"}],"wp:term":[{"taxonomy":"pwb-brand","embeddable":true,"href":"https:\/\/www.autonvaraosahaku.fi\/index.php?rest_route=%2Fwp%2Fv2%2Fpwb-brand&post=33305"},{"taxonomy":"product_cat","embeddable":true,"href":"https:\/\/www.autonvaraosahaku.fi\/index.php?rest_route=%2Fwp%2Fv2%2Fproduct_cat&post=33305"},{"taxonomy":"product_tag","embeddable":true,"href":"https:\/\/www.autonvaraosahaku.fi\/index.php?rest_route=%2Fwp%2Fv2%2Fproduct_tag&post=33305"}],"curies":[{"name":"wp","href":"https:\/\/api.w.org\/{rel}","templated":true}]}}