{"id":33314,"date":"2021-02-21T16:16:53","date_gmt":"2021-02-21T16:16:53","guid":{"rendered":"https:\/\/www.autonvaraosahaku.fi\/?product=esen-skv-14skv189-egr-venttiili"},"modified":"2021-02-21T16:16:56","modified_gmt":"2021-02-21T16:16:56","slug":"esen-skv-14skv189-egr-venttiili","status":"publish","type":"product","link":"https:\/\/www.autonvaraosahaku.fi\/?product=esen-skv-14skv189-egr-venttiili","title":{"rendered":"ESEN SKV 14SKV189 Egr venttiili"},"content":{"rendered":"<p>J\u00e4nnite (V): 12; Paino [kg]: 1,30; K\u00e4ytt\u00f6: S\u00e4hk\u00f6inen; Napojen m\u00e4\u00e4r\u00e4: 5; SUBARU: FORESTER SH,IMPREZA Schr\u00e4gheck GR, GH, G3,LEGACY V Station Wagon BM, BR,OUTBACK BM, BR,LEGACY V BM, BR; 14710AA740, 14710AA741, 2710227417; Venttiili, Pakokaasun Kierr\u00e4tys<\/p>\n","protected":false},"excerpt":{"rendered":"<p>ESEN SKV EGR Venttiili 14SKV189 Venttiili, Pakokaasun Kierr\u00e4tys SUBARU,FORESTER SH,IMPREZA Schr\u00e4gheck GR, GH, G3,LEGACY V Station Wagon BM, BR<\/p>\n","protected":false},"featured_media":0,"template":"","meta":{"site-sidebar-layout":"default","site-content-layout":"default","ast-global-header-display":"","ast-main-header-display":"","ast-hfb-above-header-display":"","ast-hfb-below-header-display":"","ast-hfb-mobile-header-display":"","site-post-title":"","ast-breadcrumbs-content":"","ast-featured-img":"","footer-sml-layout":"","theme-transparent-header-meta":"","adv-header-id-meta":"","stick-header-meta":"","header-above-stick-meta":"","header-main-stick-meta":"","header-below-stick-meta":""},"pwb-brand":[384],"product_cat":[35],"product_tag":[],"class_list":{"0":"post-33314","1":"product","2":"type-product","3":"status-publish","5":"pwb-brand-esen-skv","6":"product_cat-egr-venttiili","7":"desktop-align-left","8":"tablet-align-left","9":"mobile-align-left","11":"first","12":"instock","13":"product-type-external"},"brands":[{"id":384,"name":"ESEN SKV","slug":"esen-skv"}],"_links":{"self":[{"href":"https:\/\/www.autonvaraosahaku.fi\/index.php?rest_route=\/wp\/v2\/product\/33314","targetHints":{"allow":["GET"]}}],"collection":[{"href":"https:\/\/www.autonvaraosahaku.fi\/index.php?rest_route=\/wp\/v2\/product"}],"about":[{"href":"https:\/\/www.autonvaraosahaku.fi\/index.php?rest_route=\/wp\/v2\/types\/product"}],"wp:attachment":[{"href":"https:\/\/www.autonvaraosahaku.fi\/index.php?rest_route=%2Fwp%2Fv2%2Fmedia&parent=33314"}],"wp:term":[{"taxonomy":"pwb-brand","embeddable":true,"href":"https:\/\/www.autonvaraosahaku.fi\/index.php?rest_route=%2Fwp%2Fv2%2Fpwb-brand&post=33314"},{"taxonomy":"product_cat","embeddable":true,"href":"https:\/\/www.autonvaraosahaku.fi\/index.php?rest_route=%2Fwp%2Fv2%2Fproduct_cat&post=33314"},{"taxonomy":"product_tag","embeddable":true,"href":"https:\/\/www.autonvaraosahaku.fi\/index.php?rest_route=%2Fwp%2Fv2%2Fproduct_tag&post=33314"}],"curies":[{"name":"wp","href":"https:\/\/api.w.org\/{rel}","templated":true}]}}