{"id":33332,"date":"2021-02-21T16:16:58","date_gmt":"2021-02-21T16:16:58","guid":{"rendered":"https:\/\/www.autonvaraosahaku.fi\/?product=topran-820-590-venttiilikopan-tiiviste"},"modified":"2021-02-21T16:17:00","modified_gmt":"2021-02-21T16:17:00","slug":"topran-820-590-venttiilikopan-tiiviste","status":"publish","type":"product","link":"https:\/\/www.autonvaraosahaku.fi\/?product=topran-820-590-venttiilikopan-tiiviste","title":{"rendered":"TOPRAN 820 590 Venttiilikopan tiiviste"},"content":{"rendered":"<p>Materiaali: NBR (nitriili-butadi-kumi); Valmistuspaiv\u00e4m\u00e4\u00e4r\u00e4\u00e4n: 29.07.2011; KIA: CEE&#8217;D SW ED,CEE&#8217;D Schr\u00e4gheck ED,VENGA YN,RIO III UB,CEE&#8217;D JD,CARENS III UN,CEE`D Sportswagon JD,PRO CEE&#8217;D ED,SOUL AM,PRO CEE\u00b4D JD,CERATO Stufenheck LD,RIO III Stufenheck UB; HYUNDAI: i30 FD,i20 PB, PBT,i30 CW FD,i30 GD,ix20 JC,i30 CW GD,ACCENT IV RB,ELANTRA Stufenheck HD,ACCENT IV Stufenheck RB; 224412B000, 224412B002, 224412B000, 224412B002<\/p>\n","protected":false},"excerpt":{"rendered":"<p>TOPRAN Tiivistesarja, Vent. Koppa 820 590  KIA,HYUNDAI,CEE&#8217;D SW ED,CEE&#8217;D Schr\u00e4gheck ED,VENGA YN,RIO III UB,CEE&#8217;D JD,CARENS III UN<\/p>\n","protected":false},"featured_media":0,"template":"","meta":{"site-sidebar-layout":"default","site-content-layout":"default","ast-global-header-display":"","ast-main-header-display":"","ast-hfb-above-header-display":"","ast-hfb-below-header-display":"","ast-hfb-mobile-header-display":"","site-post-title":"","ast-breadcrumbs-content":"","ast-featured-img":"","footer-sml-layout":"","theme-transparent-header-meta":"","adv-header-id-meta":"","stick-header-meta":"","header-above-stick-meta":"","header-main-stick-meta":"","header-below-stick-meta":""},"pwb-brand":[18],"product_cat":[44],"product_tag":[],"class_list":{"0":"post-33332","1":"product","2":"type-product","3":"status-publish","5":"pwb-brand-topran","6":"product_cat-venttiilikopan-tiiviste","7":"desktop-align-left","8":"tablet-align-left","9":"mobile-align-left","11":"first","12":"instock","13":"product-type-external"},"brands":[{"id":18,"name":"TOPRAN","slug":"topran"}],"_links":{"self":[{"href":"https:\/\/www.autonvaraosahaku.fi\/index.php?rest_route=\/wp\/v2\/product\/33332","targetHints":{"allow":["GET"]}}],"collection":[{"href":"https:\/\/www.autonvaraosahaku.fi\/index.php?rest_route=\/wp\/v2\/product"}],"about":[{"href":"https:\/\/www.autonvaraosahaku.fi\/index.php?rest_route=\/wp\/v2\/types\/product"}],"wp:attachment":[{"href":"https:\/\/www.autonvaraosahaku.fi\/index.php?rest_route=%2Fwp%2Fv2%2Fmedia&parent=33332"}],"wp:term":[{"taxonomy":"pwb-brand","embeddable":true,"href":"https:\/\/www.autonvaraosahaku.fi\/index.php?rest_route=%2Fwp%2Fv2%2Fpwb-brand&post=33332"},{"taxonomy":"product_cat","embeddable":true,"href":"https:\/\/www.autonvaraosahaku.fi\/index.php?rest_route=%2Fwp%2Fv2%2Fproduct_cat&post=33332"},{"taxonomy":"product_tag","embeddable":true,"href":"https:\/\/www.autonvaraosahaku.fi\/index.php?rest_route=%2Fwp%2Fv2%2Fproduct_tag&post=33332"}],"curies":[{"name":"wp","href":"https:\/\/api.w.org\/{rel}","templated":true}]}}