{"id":33345,"date":"2021-02-21T16:17:03","date_gmt":"2021-02-21T16:17:03","guid":{"rendered":"https:\/\/www.autonvaraosahaku.fi\/?product=maxgear-67-0046-termostaatti"},"modified":"2021-02-21T16:17:04","modified_gmt":"2021-02-21T16:17:04","slug":"maxgear-67-0046-termostaatti","status":"publish","type":"product","link":"https:\/\/www.autonvaraosahaku.fi\/?product=maxgear-67-0046-termostaatti","title":{"rendered":"MAXGEAR 67-0046 Termostaatti"},"content":{"rendered":"<p>Avausl\u00e4mp\u00f6tila [\u00b0C]: 88; Lis\u00e4tarvike\/lis\u00e4tieto: Tiivisteill\u00e4; L\u00e4pimitta 1 [mm]: 52; L\u00e4pimitta 2 [mm]: 28; Korkeus 1 (mm): 34; TECDOC-moottorinumero: 18783; FORD: MONDEO III Kombi BWY,MONDEO III B5Y,TRANSIT MK-7 Kasten,RANGER TKE,MONDEO III Stufenheck B4Y,TRANSIT MK-7 Bus,TRANSIT Kasten FA_ _,TRANSIT Bus FD_ _, FB_ _, FS_ _, FZ_ _, FC_ _,TRANSIT MK-7 Pritsche\/Fahrgestell,TRANSIT Pritsche\/Fahrgestell FM_ _, FN_ _,TRANSIT CUSTOM Kasten,TOURNEO CUSTOM Bus,TRANSIT TOURNEO FB,TRANSIT CUSTOM Bus; PEUGEOT: BOXER Kasten,BOXER Bus,BOXER Pritsche\/Fahrgestell; CITRO\u00cbN: JUMPER Kasten,JUMPER Bus,JUMPER Pritsche\/Fahrgestell; LAND ROVER: DEFENDER Station Wagon LD,DEFENDER Pick-up LD_,DEFENDER Cabrio LD; 1634187789000, 9004833013000, 9004833024000, 9004833029000, 1096283, XS7Q8575AA, LR004618, 1634187789000, 1767065720, 9091603043, 9091603062; Termostaatti, J\u00e4\u00e4hdytysneste<\/p>\n","protected":false},"excerpt":{"rendered":"<p>MAXGEAR Termostaatti 67-0046 Termostaatti, J\u00e4\u00e4hdytysneste FORD,PEUGEOT,CITRO\u00cbN,MONDEO III Kombi BWY,MONDEO III B5Y,TRANSIT MK-7 Kasten,RANGER TKE<\/p>\n","protected":false},"featured_media":0,"template":"","meta":{"site-sidebar-layout":"default","site-content-layout":"default","ast-global-header-display":"","ast-main-header-display":"","ast-hfb-above-header-display":"","ast-hfb-below-header-display":"","ast-hfb-mobile-header-display":"","site-post-title":"","ast-breadcrumbs-content":"","ast-featured-img":"","footer-sml-layout":"","theme-transparent-header-meta":"","adv-header-id-meta":"","stick-header-meta":"","header-above-stick-meta":"","header-main-stick-meta":"","header-below-stick-meta":""},"pwb-brand":[48],"product_cat":[174],"product_tag":[],"class_list":{"0":"post-33345","1":"product","2":"type-product","3":"status-publish","5":"pwb-brand-maxgear","6":"product_cat-termostaatti","7":"desktop-align-left","8":"tablet-align-left","9":"mobile-align-left","11":"first","12":"instock","13":"product-type-external"},"brands":[{"id":48,"name":"MAXGEAR","slug":"maxgear"}],"_links":{"self":[{"href":"https:\/\/www.autonvaraosahaku.fi\/index.php?rest_route=\/wp\/v2\/product\/33345","targetHints":{"allow":["GET"]}}],"collection":[{"href":"https:\/\/www.autonvaraosahaku.fi\/index.php?rest_route=\/wp\/v2\/product"}],"about":[{"href":"https:\/\/www.autonvaraosahaku.fi\/index.php?rest_route=\/wp\/v2\/types\/product"}],"wp:attachment":[{"href":"https:\/\/www.autonvaraosahaku.fi\/index.php?rest_route=%2Fwp%2Fv2%2Fmedia&parent=33345"}],"wp:term":[{"taxonomy":"pwb-brand","embeddable":true,"href":"https:\/\/www.autonvaraosahaku.fi\/index.php?rest_route=%2Fwp%2Fv2%2Fpwb-brand&post=33345"},{"taxonomy":"product_cat","embeddable":true,"href":"https:\/\/www.autonvaraosahaku.fi\/index.php?rest_route=%2Fwp%2Fv2%2Fproduct_cat&post=33345"},{"taxonomy":"product_tag","embeddable":true,"href":"https:\/\/www.autonvaraosahaku.fi\/index.php?rest_route=%2Fwp%2Fv2%2Fproduct_tag&post=33345"}],"curies":[{"name":"wp","href":"https:\/\/api.w.org\/{rel}","templated":true}]}}