{"id":33352,"date":"2021-02-21T16:17:03","date_gmt":"2021-02-21T16:17:03","guid":{"rendered":"https:\/\/www.autonvaraosahaku.fi\/?product=maxgear-49-1326-kardaanin-kuminivel"},"modified":"2021-02-21T16:17:06","modified_gmt":"2021-02-21T16:17:06","slug":"maxgear-49-1326-kardaanin-kuminivel","status":"publish","type":"product","link":"https:\/\/www.autonvaraosahaku.fi\/?product=maxgear-49-1326-kardaanin-kuminivel","title":{"rendered":"MAXGEAR 49-1326 Kardaanin kuminivel"},"content":{"rendered":"<p>Paksuus [mm]: 24; Sis\u00e4l\u00e4pimitta [mm]: 37; Ulkol\u00e4pimitta [mm]: 132; Reik\u00e4ympyr\u00e4-\u00d8 [mm]: 90; Huomioi huolto-ohjeet: ; Paino [kg]: 0,935; Asennuspuoli: vorne; MERCEDES-BENZ: 190 W201,Stufenheck W124,SL R107,Stufenheck W123,S-CLASS W126,KOMBI Kombi S124,E-CLASS W124,COUPE C124,E-CLASS Kombi S124,COUPE C123,KOMBI Kombi S123,E-CLASS Cabriolet A124,E-CLASS Coupe C124; 1074110315, 1244110415; R\u00e4ttinivel,Nivel, Pitkitt\u00e4isakseli<\/p>\n","protected":false},"excerpt":{"rendered":"<p>MAXGEAR Kardaanin Kuminivel 49-1326 R\u00e4ttinivel,Nivel, Pitkitt\u00e4isakseli MERCEDES-BENZ,190 W201,Stufenheck W124,SL R107,Stufenheck W123,S-CLASS W126<\/p>\n","protected":false},"featured_media":0,"template":"","meta":{"site-sidebar-layout":"default","site-content-layout":"default","ast-global-header-display":"","ast-main-header-display":"","ast-hfb-above-header-display":"","ast-hfb-below-header-display":"","ast-hfb-mobile-header-display":"","site-post-title":"","ast-breadcrumbs-content":"","ast-featured-img":"","footer-sml-layout":"","theme-transparent-header-meta":"","adv-header-id-meta":"","stick-header-meta":"","header-above-stick-meta":"","header-main-stick-meta":"","header-below-stick-meta":""},"pwb-brand":[48],"product_cat":[56],"product_tag":[],"class_list":{"0":"post-33352","1":"product","2":"type-product","3":"status-publish","5":"pwb-brand-maxgear","6":"product_cat-kardaanin-kuminivel","7":"desktop-align-left","8":"tablet-align-left","9":"mobile-align-left","11":"first","12":"instock","13":"product-type-external"},"brands":[{"id":48,"name":"MAXGEAR","slug":"maxgear"}],"_links":{"self":[{"href":"https:\/\/www.autonvaraosahaku.fi\/index.php?rest_route=\/wp\/v2\/product\/33352","targetHints":{"allow":["GET"]}}],"collection":[{"href":"https:\/\/www.autonvaraosahaku.fi\/index.php?rest_route=\/wp\/v2\/product"}],"about":[{"href":"https:\/\/www.autonvaraosahaku.fi\/index.php?rest_route=\/wp\/v2\/types\/product"}],"wp:attachment":[{"href":"https:\/\/www.autonvaraosahaku.fi\/index.php?rest_route=%2Fwp%2Fv2%2Fmedia&parent=33352"}],"wp:term":[{"taxonomy":"pwb-brand","embeddable":true,"href":"https:\/\/www.autonvaraosahaku.fi\/index.php?rest_route=%2Fwp%2Fv2%2Fpwb-brand&post=33352"},{"taxonomy":"product_cat","embeddable":true,"href":"https:\/\/www.autonvaraosahaku.fi\/index.php?rest_route=%2Fwp%2Fv2%2Fproduct_cat&post=33352"},{"taxonomy":"product_tag","embeddable":true,"href":"https:\/\/www.autonvaraosahaku.fi\/index.php?rest_route=%2Fwp%2Fv2%2Fproduct_tag&post=33352"}],"curies":[{"name":"wp","href":"https:\/\/api.w.org\/{rel}","templated":true}]}}