{"id":33364,"date":"2021-02-21T16:17:08","date_gmt":"2021-02-21T16:17:08","guid":{"rendered":"https:\/\/www.autonvaraosahaku.fi\/?product=valeo-845175-kytkinpaketti"},"modified":"2021-02-21T16:17:09","modified_gmt":"2021-02-21T16:17:09","slug":"valeo-845175-kytkinpaketti","status":"publish","type":"product","link":"https:\/\/www.autonvaraosahaku.fi\/?product=valeo-845175-kytkinpaketti","title":{"rendered":"VALEO 845175 Kytkinpaketti"},"content":{"rendered":"<p>Uusi osa: ; Korvaava tuote\/korvaava tiedote 2: Vauhtipy\u00f6r\u00e4ll\u00e4, Ruuvisarjalla, Kytkinlevyll\u00e4; Kytkin: Muunto kaksimassavauhtipy\u00f6r\u00e4st\u00e4 yksimassavauhtipy\u00f6r\u00e4\u00e4n; Kiristysmomentti: 30; Kiristyskulma [Grad]: 90; Lis\u00e4tarvike\/lis\u00e4tieto: Painelevyll\u00e4, Irroitusmekanismilla; Ulkol\u00e4pimitta [mm]: 240; Ty\u00f6nt\u00f6voima [N]: 5600; Ulkol\u00e4pimitta 1 [mm]: 239; Hammasluku: 20; Paino [kg]: 20,56; Tuotelinja: KIT4P &#8211; CONVERSION KIT (CSC); Valmistusvuoteen: 03\/2015; MAZDA: 3 BL,5 CW,3 Stufenheck BL; VOLVO: V50 MW,C30,S40 II MS,V40 Schr\u00e4gheck; FORD: FOCUS III Turnier,FOCUS III,C-MAX II,KUGA II DM2,GRAND C-MAX,FOCUS III Stufenheck,TOURNEO CONNECT \/ GRAND TOURNEO CONNECT Kombi,TRANSIT CONNECT Kasten,MONDEO V Turnier,MONDEO V Stufenheck,GRAND C-MAX Van,MONDEO V Schr\u00e4gheck,TRANSIT CONNECT Kombi,FOCUS III Kasten\/Schr\u00e4gheck; Kytkinsarja<\/p>\n","protected":false},"excerpt":{"rendered":"<p>VALEO Kytkinpaketti 845175 Kytkinsarja MAZDA,VOLVO,FORD,3 BL,5 CW,3 Stufenheck BL,V50 MW,C30,S40 II MS,V40 Schr\u00e4gheck,FOCUS III Turnier,FOCUS III<\/p>\n","protected":false},"featured_media":0,"template":"","meta":{"site-sidebar-layout":"default","site-content-layout":"default","ast-global-header-display":"","ast-main-header-display":"","ast-hfb-above-header-display":"","ast-hfb-below-header-display":"","ast-hfb-mobile-header-display":"","site-post-title":"","ast-breadcrumbs-content":"","ast-featured-img":"","footer-sml-layout":"","theme-transparent-header-meta":"","adv-header-id-meta":"","stick-header-meta":"","header-above-stick-meta":"","header-main-stick-meta":"","header-below-stick-meta":""},"pwb-brand":[28],"product_cat":[21],"product_tag":[],"class_list":{"0":"post-33364","1":"product","2":"type-product","3":"status-publish","5":"pwb-brand-valeo","6":"product_cat-kytkinpaketti","7":"desktop-align-left","8":"tablet-align-left","9":"mobile-align-left","11":"first","12":"instock","13":"product-type-external"},"brands":[{"id":28,"name":"VALEO","slug":"valeo"}],"_links":{"self":[{"href":"https:\/\/www.autonvaraosahaku.fi\/index.php?rest_route=\/wp\/v2\/product\/33364","targetHints":{"allow":["GET"]}}],"collection":[{"href":"https:\/\/www.autonvaraosahaku.fi\/index.php?rest_route=\/wp\/v2\/product"}],"about":[{"href":"https:\/\/www.autonvaraosahaku.fi\/index.php?rest_route=\/wp\/v2\/types\/product"}],"wp:attachment":[{"href":"https:\/\/www.autonvaraosahaku.fi\/index.php?rest_route=%2Fwp%2Fv2%2Fmedia&parent=33364"}],"wp:term":[{"taxonomy":"pwb-brand","embeddable":true,"href":"https:\/\/www.autonvaraosahaku.fi\/index.php?rest_route=%2Fwp%2Fv2%2Fpwb-brand&post=33364"},{"taxonomy":"product_cat","embeddable":true,"href":"https:\/\/www.autonvaraosahaku.fi\/index.php?rest_route=%2Fwp%2Fv2%2Fproduct_cat&post=33364"},{"taxonomy":"product_tag","embeddable":true,"href":"https:\/\/www.autonvaraosahaku.fi\/index.php?rest_route=%2Fwp%2Fv2%2Fproduct_tag&post=33364"}],"curies":[{"name":"wp","href":"https:\/\/api.w.org\/{rel}","templated":true}]}}