{"id":33374,"date":"2021-02-21T16:17:08","date_gmt":"2021-02-21T16:17:08","guid":{"rendered":"https:\/\/www.autonvaraosahaku.fi\/?product=valeo-837325-kytkinpaketti"},"modified":"2021-02-21T16:17:11","modified_gmt":"2021-02-21T16:17:11","slug":"valeo-837325-kytkinpaketti","status":"publish","type":"product","link":"https:\/\/www.autonvaraosahaku.fi\/?product=valeo-837325-kytkinpaketti","title":{"rendered":"VALEO 837325 Kytkinpaketti"},"content":{"rendered":"<p>Uusi osa: ; Korvaava tuote\/korvaava tiedote 2: Vauhtipy\u00f6r\u00e4ll\u00e4, Kytkinlevyll\u00e4; Moottorimalli: Moottoreihin, joissa kaksoismassa vauhtipy\u00f6r\u00e4; Kiinnitysreikien lukum\u00e4\u00e4r\u00e4: 7; Kiristysmomentti: 50; Lis\u00e4tarvike\/lis\u00e4tieto: Painelevyll\u00e4, Irroitusmekanismilla; Ty\u00f6nt\u00f6voima [N]: 6000; Ulkol\u00e4pimitta 1 [mm]: 239; Hammasluku: 21; Kiinnitysreikien m\u00e4\u00e4r\u00e4 irroitinmekanismissa: 2; Paino [kg]: 20,36; Tuotelinja: FULLPACK DMF (CSC); Valmistusvuosi alkaen: 05\/2008; RENAULT: SC\u00c9NIC II JM0\/1_,MEGANE III Grandtour KZ0\/1,MEGANE II Kombi KM0\/1_,MEGANE II Coup\u00e9-Cabriolet EM0\/1_,SC\u00c9NIC III JZ0\/1_,MEGANE III Schr\u00e4gheck BZ0_,MEGANE II BM0\/1_, CM0\/1_,GRAND SC\u00c9NIC III JZ0\/1_,MEGANE III Coupe DZ0\/1_,MEGANE II Stufenheck LM0\/1_,MEGANE CC EZ0\/1_; 302050667R, 302057908R, 7701479007, 7701479022, 8200785217, 8201000196; Kytkinsarja<\/p>\n","protected":false},"excerpt":{"rendered":"<p>VALEO Kytkinpaketti 837325 Kytkinsarja RENAULT,SC\u00c9NIC II JM0\/1_,MEGANE III Grandtour KZ0\/1,MEGANE II Kombi KM0\/1_,MEGANE II Coup\u00e9-Cabriolet EM0\/1_<\/p>\n","protected":false},"featured_media":0,"template":"","meta":{"site-sidebar-layout":"default","site-content-layout":"default","ast-global-header-display":"","ast-main-header-display":"","ast-hfb-above-header-display":"","ast-hfb-below-header-display":"","ast-hfb-mobile-header-display":"","site-post-title":"","ast-breadcrumbs-content":"","ast-featured-img":"","footer-sml-layout":"","theme-transparent-header-meta":"","adv-header-id-meta":"","stick-header-meta":"","header-above-stick-meta":"","header-main-stick-meta":"","header-below-stick-meta":""},"pwb-brand":[28],"product_cat":[21],"product_tag":[],"class_list":{"0":"post-33374","1":"product","2":"type-product","3":"status-publish","5":"pwb-brand-valeo","6":"product_cat-kytkinpaketti","7":"desktop-align-left","8":"tablet-align-left","9":"mobile-align-left","11":"first","12":"instock","13":"product-type-external"},"brands":[{"id":28,"name":"VALEO","slug":"valeo"}],"_links":{"self":[{"href":"https:\/\/www.autonvaraosahaku.fi\/index.php?rest_route=\/wp\/v2\/product\/33374","targetHints":{"allow":["GET"]}}],"collection":[{"href":"https:\/\/www.autonvaraosahaku.fi\/index.php?rest_route=\/wp\/v2\/product"}],"about":[{"href":"https:\/\/www.autonvaraosahaku.fi\/index.php?rest_route=\/wp\/v2\/types\/product"}],"wp:attachment":[{"href":"https:\/\/www.autonvaraosahaku.fi\/index.php?rest_route=%2Fwp%2Fv2%2Fmedia&parent=33374"}],"wp:term":[{"taxonomy":"pwb-brand","embeddable":true,"href":"https:\/\/www.autonvaraosahaku.fi\/index.php?rest_route=%2Fwp%2Fv2%2Fpwb-brand&post=33374"},{"taxonomy":"product_cat","embeddable":true,"href":"https:\/\/www.autonvaraosahaku.fi\/index.php?rest_route=%2Fwp%2Fv2%2Fproduct_cat&post=33374"},{"taxonomy":"product_tag","embeddable":true,"href":"https:\/\/www.autonvaraosahaku.fi\/index.php?rest_route=%2Fwp%2Fv2%2Fproduct_tag&post=33374"}],"curies":[{"name":"wp","href":"https:\/\/api.w.org\/{rel}","templated":true}]}}