{"id":33388,"date":"2021-02-21T16:17:13","date_gmt":"2021-02-21T16:17:13","guid":{"rendered":"https:\/\/www.autonvaraosahaku.fi\/?product=bta-n30001bta-venttiilinvarren-kumit"},"modified":"2021-02-21T16:17:14","modified_gmt":"2021-02-21T16:17:14","slug":"bta-n30001bta-venttiilinvarren-kumit","status":"publish","type":"product","link":"https:\/\/www.autonvaraosahaku.fi\/?product=bta-n30001bta-venttiilinvarren-kumit","title":{"rendered":"BTA N30001BTA Venttiilinvarren kumit"},"content":{"rendered":"<p>Sis\u00e4l\u00e4pimitta [mm]: 7; Ulkol\u00e4pimitta 1 [mm]: 11,1; Ulkol\u00e4pimitta 2 [mm]: 16; Paksuus [mm]: 10; Materiaali: FPM (fluori-kumi); Moottorinumero: OHV(HCS); OPEL: MERIVA,ASTRA G CC F48_, F08_,OMEGA A 16_, 17_, 19_,ASTRA G Caravan F35_,CORSA B 73_, 78_, 79_,VECTRA B 36_,ASTRA F CC 53_, 54_, 58_, 59_,OMEGA B Caravan 21_, 22_, 23_,OMEGA B 25_, 26_, 27_,VECTRA B Caravan 31_,ASTRA F Caravan 51_, 52_,COMBO Kasten\/Kombi,ASTRA G Stufenheck F69_,CALIBRA A 85_,VECTRA B CC 38_,COMBO Tour,VECTRA A 86_, 87_,ASTRA F Cabriolet 53_B,ASTRA F 56_, 57_,KADETT E CC 33_, 34_, 43_, 44_,FRONTERA A Sport 5_SUD2,CORSA A CC 93_, 94_, 98_, 99_,MANTA B 58_, 59_,VECTRA A CC 88_, 89_,COMBO 71_,KADETT E Cabriolet 43B_,ASCONA B 81_, 86_, 87_, 88_,ASCONA C 81_, 86_, 87_, 88_,SENATOR B 29_,OMEGA A Caravan 66_, 67_,ASTRA F CLASSIC CC,CORSA A TR 91_, 92_, 96_, 97_,KADETT D 31_-34_, 41_-44_,ASTRA F CLASSIC Stufenheck,ASTRA F CLASSIC Caravan,KADETT E 39_, 49_,CORSA B Kasten 73_,ASCONA C CC 84_, 89_,ASTRA G Kasten F70,KADETT E Caravan 35_, 36_, 45_, 46_,MANTA B CC 53_, 55_,ASTRA F Van 55_,KADETT D Caravan 35_, 36_, 45_, 46_,CORSA A Kasten,KADETT E Kasten 37_, 47_;; FORD: GALAXY WGR,FIESTA IV JA_, JB_,KA RB_,FIESTA III GFJ,TRANSIT Kasten FA_ _,TRANSIT Bus FD_ _, FB_ _, FS_ _, FZ_ _, FC_ _,RANGER ER, EQ,TRANSIT Pritsche\/Fahrgestell FM_ _, FN_ _,ESCORT VII GAL, AAL, ABL,SIERRA GBG, GB4,TRANSIT  MK-5 Bus E_ _,ESCORT VI GAL,SCORPIO II GFR, GGR,SIERRA Schr\u00e4gheck GBC, GBG,TRANSIT MK-5 Pritsche\/Fahrgestell E_ _,ESCORT IV GAF, AWF, ABFT,FIESTA II FBD,SCORPIO I GAE, GGE,TRANSIT MK-5 Kasten E_ _,SCORPIO II Kombi GNR, GGR,SCORPIO I Stufenheck GGE,ESCORT V GAL,SIERRA Kombi BNG,ESCORT VI Stufenheck GAL,FIESTA Kasten F3L, F5L,SCORPIO I Kombi GGE,ORION II AFF,ESCORT IV Kombi AWF, AVF,ESCORT &#8217;86 Express AVF,ESCORT V Kombi GAL, AVL,ESCORT &#8217;91 Express AVL,ORION III GAL; MAZDA: 121 III JASM, JBSM; DAEWOO: LANOS KLAT,LANOS Stufenheck KLAT,NEXIA KLETN,ESPERO KLEJ,NEXIA Stufenheck KLETN; VAUXHALL: CALIBRA,CHEVETTE,CHEVETTE CC,ASTRA Mk IV G CC,ASTRA Mk III F CC,CORSA Mk I B,MERIVA Mk I A,ASTRA Mk IV G Sedan,OMEGA B,ASTRA Mk II CC,VECTRA B CC,CAVALIER Mk III 87,VECTRA B,FRONTERA Mk I A Sport,ASTRA Mk III F Estate,ASTRAVAN Mk IV G,CAVALIER Mk III CC,OMEGA B Estate,COMBO Mk II C Kasten\/Kombi F25,ASTRA Mk IV G Estate,ASTRAVAN Mk III F,CAVALIER Mk II CC,NOVA,NOVA CC,CARLTON Mk III; 90215296, 94580655, 642527, 642522, 642527, 642522, 642527<\/p>\n","protected":false},"excerpt":{"rendered":"<p>BTA Tiiviste, Venttiilivarsi N30001BTA  OPEL,FORD,MAZDA,MERIVA,ASTRA G CC F48_, F08_,OMEGA A 16_, 17_, 19_,ASTRA G Caravan F35_,CORSA B 73_, 78_, 79_<\/p>\n","protected":false},"featured_media":0,"template":"","meta":{"site-sidebar-layout":"default","site-content-layout":"default","ast-global-header-display":"","ast-main-header-display":"","ast-hfb-above-header-display":"","ast-hfb-below-header-display":"","ast-hfb-mobile-header-display":"","site-post-title":"","ast-breadcrumbs-content":"","ast-featured-img":"","footer-sml-layout":"","theme-transparent-header-meta":"","adv-header-id-meta":"","stick-header-meta":"","header-above-stick-meta":"","header-main-stick-meta":"","header-below-stick-meta":""},"pwb-brand":[280],"product_cat":[170],"product_tag":[],"class_list":{"0":"post-33388","1":"product","2":"type-product","3":"status-publish","5":"pwb-brand-bta","6":"product_cat-venttiilinvarren-kumit","7":"desktop-align-left","8":"tablet-align-left","9":"mobile-align-left","11":"first","12":"instock","13":"product-type-external"},"brands":[{"id":280,"name":"BTA","slug":"bta"}],"_links":{"self":[{"href":"https:\/\/www.autonvaraosahaku.fi\/index.php?rest_route=\/wp\/v2\/product\/33388","targetHints":{"allow":["GET"]}}],"collection":[{"href":"https:\/\/www.autonvaraosahaku.fi\/index.php?rest_route=\/wp\/v2\/product"}],"about":[{"href":"https:\/\/www.autonvaraosahaku.fi\/index.php?rest_route=\/wp\/v2\/types\/product"}],"wp:attachment":[{"href":"https:\/\/www.autonvaraosahaku.fi\/index.php?rest_route=%2Fwp%2Fv2%2Fmedia&parent=33388"}],"wp:term":[{"taxonomy":"pwb-brand","embeddable":true,"href":"https:\/\/www.autonvaraosahaku.fi\/index.php?rest_route=%2Fwp%2Fv2%2Fpwb-brand&post=33388"},{"taxonomy":"product_cat","embeddable":true,"href":"https:\/\/www.autonvaraosahaku.fi\/index.php?rest_route=%2Fwp%2Fv2%2Fproduct_cat&post=33388"},{"taxonomy":"product_tag","embeddable":true,"href":"https:\/\/www.autonvaraosahaku.fi\/index.php?rest_route=%2Fwp%2Fv2%2Fproduct_tag&post=33388"}],"curies":[{"name":"wp","href":"https:\/\/api.w.org\/{rel}","templated":true}]}}