{"id":33440,"date":"2021-02-21T16:17:27","date_gmt":"2021-02-21T16:17:27","guid":{"rendered":"https:\/\/www.autonvaraosahaku.fi\/?product=febest-md-e55-iskunvaimentimen-suojakumi-pohjaanlyontikumi"},"modified":"2021-02-21T16:17:28","modified_gmt":"2021-02-21T16:17:28","slug":"febest-md-e55-iskunvaimentimen-suojakumi-pohjaanlyontikumi","status":"publish","type":"product","link":"https:\/\/www.autonvaraosahaku.fi\/?product=febest-md-e55-iskunvaimentimen-suojakumi-pohjaanlyontikumi","title":{"rendered":"FEBEST MD-E55 Iskunvaimentimen suojakumi &#038; pohjaanly\u00f6ntikumi"},"content":{"rendered":"<p>Asennuspuoli: Taka-akseli; Paino [kg]: 0,065; Pakkauspituus [cm]: 6,6; Pakkausleveys [cm]: 5,6; Pakkauskorkeus [mm]: 5,6; Valmistuspaiv\u00e4m\u00e4\u00e4r\u00e4\u00e4n: 198709; CHRYSLER: SEBRING Coupe FJ,CIRRUS; MITSUBISHI: GALANT VI Station Wagon EA_,GALANT VI EA_,ECLIPSE I D2_A,SPACE RUNNER N1_W, N2_W,SIGMA F2_A, F1_A,GALANT IV E3_A,GALANT IV Stufenheck E3_A,GALANT V Stufenheck E5_A, E7_A, E8_A,GALANT V E5_A, E7_A, E8_A,GALANT III E1_A,ECLIPSE Cabriolet; MB242352, MB242352; Vaimennuskumi, Jousitus<\/p>\n","protected":false},"excerpt":{"rendered":"<p>FEBEST Pohjaanly\u00f6ntikumi MD-E55 Vaimennuskumi, Jousitus CHRYSLER,MITSUBISHI,SEBRING Coupe FJ,CIRRUS,GALANT VI Station Wagon EA_,GALANT VI EA_<\/p>\n","protected":false},"featured_media":0,"template":"","meta":{"site-sidebar-layout":"default","site-content-layout":"default","ast-global-header-display":"","ast-main-header-display":"","ast-hfb-above-header-display":"","ast-hfb-below-header-display":"","ast-hfb-mobile-header-display":"","site-post-title":"","ast-breadcrumbs-content":"","ast-featured-img":"","footer-sml-layout":"","theme-transparent-header-meta":"","adv-header-id-meta":"","stick-header-meta":"","header-above-stick-meta":"","header-main-stick-meta":"","header-below-stick-meta":""},"pwb-brand":[152],"product_cat":[92],"product_tag":[],"class_list":{"0":"post-33440","1":"product","2":"type-product","3":"status-publish","5":"pwb-brand-febest","6":"product_cat-iskunvaimentimen-suojakumi-pohjaanlyontikumi","7":"desktop-align-left","8":"tablet-align-left","9":"mobile-align-left","11":"first","12":"instock","13":"product-type-external"},"brands":[{"id":152,"name":"FEBEST","slug":"febest"}],"_links":{"self":[{"href":"https:\/\/www.autonvaraosahaku.fi\/index.php?rest_route=\/wp\/v2\/product\/33440","targetHints":{"allow":["GET"]}}],"collection":[{"href":"https:\/\/www.autonvaraosahaku.fi\/index.php?rest_route=\/wp\/v2\/product"}],"about":[{"href":"https:\/\/www.autonvaraosahaku.fi\/index.php?rest_route=\/wp\/v2\/types\/product"}],"wp:attachment":[{"href":"https:\/\/www.autonvaraosahaku.fi\/index.php?rest_route=%2Fwp%2Fv2%2Fmedia&parent=33440"}],"wp:term":[{"taxonomy":"pwb-brand","embeddable":true,"href":"https:\/\/www.autonvaraosahaku.fi\/index.php?rest_route=%2Fwp%2Fv2%2Fpwb-brand&post=33440"},{"taxonomy":"product_cat","embeddable":true,"href":"https:\/\/www.autonvaraosahaku.fi\/index.php?rest_route=%2Fwp%2Fv2%2Fproduct_cat&post=33440"},{"taxonomy":"product_tag","embeddable":true,"href":"https:\/\/www.autonvaraosahaku.fi\/index.php?rest_route=%2Fwp%2Fv2%2Fproduct_tag&post=33440"}],"curies":[{"name":"wp","href":"https:\/\/api.w.org\/{rel}","templated":true}]}}