{"id":33449,"date":"2021-02-21T16:17:27","date_gmt":"2021-02-21T16:17:27","guid":{"rendered":"https:\/\/www.autonvaraosahaku.fi\/?product=japanparts-gi-275-vetoakseli"},"modified":"2021-02-21T16:17:29","modified_gmt":"2021-02-21T16:17:29","slug":"japanparts-gi-275-vetoakseli","status":"publish","type":"product","link":"https:\/\/www.autonvaraosahaku.fi\/?product=japanparts-gi-275-vetoakseli","title":{"rendered":"JAPANPARTS GI-275 Vetoakseli"},"content":{"rendered":"<p>Asennuspuoli: Etuakseli, vasen; Ulkohammastus, py\u00f6r\u00e4npuoli: 26; Ulkohammastus tasauspy\u00f6r\u00e4st\u00f6puoli: 20; Tiivisteen l\u00e4pimitta [mm]: 63; Hammasluku, ABS-keh\u00e4: 48; TOYOTA: AVENSIS Kombi T25,COROLLA Verso ZER_, ZZE12_, R1_,AVENSIS T25_,AVENSIS Stufenheck T25; 4342005240, 4342005241, 434200F010, 434200F011<\/p>\n","protected":false},"excerpt":{"rendered":"<p>JAPANPARTS Vetoakseli GI-275  TOYOTA,AVENSIS Kombi T25,COROLLA Verso ZER_, ZZE12_, R1_,AVENSIS T25_,AVENSIS Stufenheck T25<\/p>\n","protected":false},"featured_media":0,"template":"","meta":{"site-sidebar-layout":"default","site-content-layout":"default","ast-global-header-display":"","ast-main-header-display":"","ast-hfb-above-header-display":"","ast-hfb-below-header-display":"","ast-hfb-mobile-header-display":"","site-post-title":"","ast-breadcrumbs-content":"","ast-featured-img":"","footer-sml-layout":"","theme-transparent-header-meta":"","adv-header-id-meta":"","stick-header-meta":"","header-above-stick-meta":"","header-main-stick-meta":"","header-below-stick-meta":""},"pwb-brand":[334],"product_cat":[215],"product_tag":[],"class_list":{"0":"post-33449","1":"product","2":"type-product","3":"status-publish","5":"pwb-brand-japanparts","6":"product_cat-vetoakseli","7":"desktop-align-left","8":"tablet-align-left","9":"mobile-align-left","11":"first","12":"instock","13":"product-type-external"},"brands":[{"id":334,"name":"JAPANPARTS","slug":"japanparts"}],"_links":{"self":[{"href":"https:\/\/www.autonvaraosahaku.fi\/index.php?rest_route=\/wp\/v2\/product\/33449","targetHints":{"allow":["GET"]}}],"collection":[{"href":"https:\/\/www.autonvaraosahaku.fi\/index.php?rest_route=\/wp\/v2\/product"}],"about":[{"href":"https:\/\/www.autonvaraosahaku.fi\/index.php?rest_route=\/wp\/v2\/types\/product"}],"wp:attachment":[{"href":"https:\/\/www.autonvaraosahaku.fi\/index.php?rest_route=%2Fwp%2Fv2%2Fmedia&parent=33449"}],"wp:term":[{"taxonomy":"pwb-brand","embeddable":true,"href":"https:\/\/www.autonvaraosahaku.fi\/index.php?rest_route=%2Fwp%2Fv2%2Fpwb-brand&post=33449"},{"taxonomy":"product_cat","embeddable":true,"href":"https:\/\/www.autonvaraosahaku.fi\/index.php?rest_route=%2Fwp%2Fv2%2Fproduct_cat&post=33449"},{"taxonomy":"product_tag","embeddable":true,"href":"https:\/\/www.autonvaraosahaku.fi\/index.php?rest_route=%2Fwp%2Fv2%2Fproduct_tag&post=33449"}],"curies":[{"name":"wp","href":"https:\/\/api.w.org\/{rel}","templated":true}]}}