{"id":33469,"date":"2021-02-21T16:17:32","date_gmt":"2021-02-21T16:17:32","guid":{"rendered":"https:\/\/www.autonvaraosahaku.fi\/?product=ridex-12h0079-ohjaustehostimen-pumppu"},"modified":"2021-02-21T16:17:34","modified_gmt":"2021-02-21T16:17:34","slug":"ridex-12h0079-ohjaustehostimen-pumppu","status":"publish","type":"product","link":"https:\/\/www.autonvaraosahaku.fi\/?product=ridex-12h0079-ohjaustehostimen-pumppu","title":{"rendered":"RIDEX 12H0079 Ohjaustehostimen pumppu"},"content":{"rendered":"<p>K\u00e4ytt\u00f6: Hydraulinen; Vasen \/ oikea liikenne: Oikean-\/vasemmanpuolinen ohjaus; Hihnapy\u00f6r\u00e4-\u00d8[mm]: 119; kiiloja: 6; Sis\u00e4\u00e4n\/ulosmeno aukkojen lukum\u00e4\u00e4r\u00e4: 2; Imuputken liittimen l\u00e4pimitta [mm]: 16; Kierremitta paluuletkun liitin: M16x1,5; Et\u00e4isyys adapterista pumppuun [mm]: 30; Kiinnityrreikien et\u00e4isyys [mm]: 80; Kiinnityspisteiden l\u00e4pimitta [mm]: 8; Vaihto-osa: ; ALFA ROMEO: 159 Sportwagon 939,159 939,BRERA,SPIDER 939; 50501730, 51839101; Hydrauliikkapumppu, Ohjaus<\/p>\n","protected":false},"excerpt":{"rendered":"<p>RIDEX Ohjaustehostimen Pumppu 12H0079 Hydrauliikkapumppu, Ohjaus ALFA ROMEO,159 Sportwagon 939,159 939,BRERA,SPIDER 939<\/p>\n","protected":false},"featured_media":0,"template":"","meta":{"site-sidebar-layout":"default","site-content-layout":"default","ast-global-header-display":"","ast-main-header-display":"","ast-hfb-above-header-display":"","ast-hfb-below-header-display":"","ast-hfb-mobile-header-display":"","site-post-title":"","ast-breadcrumbs-content":"","ast-featured-img":"","footer-sml-layout":"","theme-transparent-header-meta":"","adv-header-id-meta":"","stick-header-meta":"","header-above-stick-meta":"","header-main-stick-meta":"","header-below-stick-meta":""},"pwb-brand":[157],"product_cat":[287],"product_tag":[],"class_list":{"0":"post-33469","1":"product","2":"type-product","3":"status-publish","5":"pwb-brand-ridex","6":"product_cat-ohjaustehostimen-pumppu","7":"desktop-align-left","8":"tablet-align-left","9":"mobile-align-left","11":"first","12":"instock","13":"product-type-external"},"brands":[{"id":157,"name":"RIDEX","slug":"ridex"}],"_links":{"self":[{"href":"https:\/\/www.autonvaraosahaku.fi\/index.php?rest_route=\/wp\/v2\/product\/33469","targetHints":{"allow":["GET"]}}],"collection":[{"href":"https:\/\/www.autonvaraosahaku.fi\/index.php?rest_route=\/wp\/v2\/product"}],"about":[{"href":"https:\/\/www.autonvaraosahaku.fi\/index.php?rest_route=\/wp\/v2\/types\/product"}],"wp:attachment":[{"href":"https:\/\/www.autonvaraosahaku.fi\/index.php?rest_route=%2Fwp%2Fv2%2Fmedia&parent=33469"}],"wp:term":[{"taxonomy":"pwb-brand","embeddable":true,"href":"https:\/\/www.autonvaraosahaku.fi\/index.php?rest_route=%2Fwp%2Fv2%2Fpwb-brand&post=33469"},{"taxonomy":"product_cat","embeddable":true,"href":"https:\/\/www.autonvaraosahaku.fi\/index.php?rest_route=%2Fwp%2Fv2%2Fproduct_cat&post=33469"},{"taxonomy":"product_tag","embeddable":true,"href":"https:\/\/www.autonvaraosahaku.fi\/index.php?rest_route=%2Fwp%2Fv2%2Fproduct_tag&post=33469"}],"curies":[{"name":"wp","href":"https:\/\/api.w.org\/{rel}","templated":true}]}}