{"id":33473,"date":"2021-02-21T16:17:32","date_gmt":"2021-02-21T16:17:32","guid":{"rendered":"https:\/\/www.autonvaraosahaku.fi\/?product=diederichs-lid10058-lamput-hehkulamppu"},"modified":"2021-02-21T16:17:35","modified_gmt":"2021-02-21T16:17:35","slug":"diederichs-lid10058-lamput-hehkulamppu","status":"publish","type":"product","link":"https:\/\/www.autonvaraosahaku.fi\/?product=diederichs-lid10058-lamput-hehkulamppu","title":{"rendered":"DIEDERICHS LID10058 Lamput (hehkulamppu)"},"content":{"rendered":"<p>J\u00e4nnite (V): 12; Nimellisteho (W): 5; Lamppumalli: R5W; M\u00e4\u00e4r\u00e4yksikk\u00f6: Pakkausyksikk\u00f6; Kantamalli: BA15s; VW: POLO 9N_,TOURAN 1T1, 1T2,LUPO 6X1, 6E1,GOLF III 1H1,POLO 6N2,POLO 6N1,GOLF II 19E, 1G1,GOLF III Variant 1H5,POLO Variant 6KV5,POLO Kasten 6NF,GOLF II Van 19E, 1G1,GOLF III Van 1H1; AUDI: A4 8E2, B6; NISSAN: TERRANO II R20,TERRANO Van R20; LADA: NIVA 2121,1200-1600,TOSCANA 2107; SKODA: OCTAVIA Combi 1U5,OCTAVIA 1U2,FELICIA I 6U1,FELICIA II 6U1,FELICIA I Kombi 6U5,FELICIA II Kombi 6U5; MERCEDES-BENZ: C-CLASS W203,A-CLASS W168,C-CLASS T-Model S203,C-CLASS Coupe CL203; LANCIA: Y 840A; OPEL: VECTRA B 36_,VECTRA B CC 38_; TOYOTA: AVENSIS Kombi T25; BMW: 3 E46; Polttimo, Sis\u00e4valo<\/p>\n","protected":false},"excerpt":{"rendered":"<p>DIEDERICHS Sis\u00e4valot LID10058 Polttimo, Sis\u00e4valo VW,AUDI,NISSAN,POLO 9N_,TOURAN 1T1, 1T2,LUPO 6X1, 6E1,GOLF III 1H1,POLO 6N2,POLO 6N1,GOLF II 19E, 1G1<\/p>\n","protected":false},"featured_media":0,"template":"","meta":{"site-sidebar-layout":"default","site-content-layout":"default","ast-global-header-display":"","ast-main-header-display":"","ast-hfb-above-header-display":"","ast-hfb-below-header-display":"","ast-hfb-mobile-header-display":"","site-post-title":"","ast-breadcrumbs-content":"","ast-featured-img":"","footer-sml-layout":"","theme-transparent-header-meta":"","adv-header-id-meta":"","stick-header-meta":"","header-above-stick-meta":"","header-main-stick-meta":"","header-below-stick-meta":""},"pwb-brand":[227],"product_cat":[151],"product_tag":[],"class_list":{"0":"post-33473","1":"product","2":"type-product","3":"status-publish","5":"pwb-brand-diederichs","6":"product_cat-lamput-hehkulamppu","7":"desktop-align-left","8":"tablet-align-left","9":"mobile-align-left","11":"first","12":"instock","13":"product-type-external"},"brands":[{"id":227,"name":"DIEDERICHS","slug":"diederichs"}],"_links":{"self":[{"href":"https:\/\/www.autonvaraosahaku.fi\/index.php?rest_route=\/wp\/v2\/product\/33473","targetHints":{"allow":["GET"]}}],"collection":[{"href":"https:\/\/www.autonvaraosahaku.fi\/index.php?rest_route=\/wp\/v2\/product"}],"about":[{"href":"https:\/\/www.autonvaraosahaku.fi\/index.php?rest_route=\/wp\/v2\/types\/product"}],"wp:attachment":[{"href":"https:\/\/www.autonvaraosahaku.fi\/index.php?rest_route=%2Fwp%2Fv2%2Fmedia&parent=33473"}],"wp:term":[{"taxonomy":"pwb-brand","embeddable":true,"href":"https:\/\/www.autonvaraosahaku.fi\/index.php?rest_route=%2Fwp%2Fv2%2Fpwb-brand&post=33473"},{"taxonomy":"product_cat","embeddable":true,"href":"https:\/\/www.autonvaraosahaku.fi\/index.php?rest_route=%2Fwp%2Fv2%2Fproduct_cat&post=33473"},{"taxonomy":"product_tag","embeddable":true,"href":"https:\/\/www.autonvaraosahaku.fi\/index.php?rest_route=%2Fwp%2Fv2%2Fproduct_tag&post=33473"}],"curies":[{"name":"wp","href":"https:\/\/api.w.org\/{rel}","templated":true}]}}