{"id":33484,"date":"2021-02-21T16:17:37","date_gmt":"2021-02-21T16:17:37","guid":{"rendered":"https:\/\/www.autonvaraosahaku.fi\/?product=quaro-qd3795-jarrulevyt"},"modified":"2021-02-21T16:17:38","modified_gmt":"2021-02-21T16:17:38","slug":"quaro-qd3795-jarrulevyt","status":"publish","type":"product","link":"https:\/\/www.autonvaraosahaku.fi\/?product=quaro-qd3795-jarrulevyt","title":{"rendered":"QUARO QD3795 Jarrulevyt"},"content":{"rendered":"<p>Jarrulevytyyppi: Vakiomalli; Ulkol\u00e4pimitta [mm]: 265; Jarrulevyn paksuus (mm): 11,0; V\u00e4himm\u00e4ispaksuus (mm): 9,0; Korkeus (mm): 40,8; Reik\u00e4kuvio\/-m\u00e4\u00e4r\u00e4: 05\/05; Reik\u00e4ympyr\u00e4-\u00d8 [mm]: 114,3; keskitt\u00e4misl\u00e4pimitta [mm]: 72,0; Paino [kg]: 4,1; Korvaava tuote\/korvaava tiedote 2: Ilman py\u00f6r\u00e4nnapaa, Ilman py\u00f6r\u00e4nkiinnityspultteja; Pakkauspituus [cm]: 30; Pakkausleveys [cm]: 28,5; Pakkauskorkeus [mm]: 10; Pinta: pinnoitettu; Asennuspuoli: Hinterachse; MAZDA: 3 BK,3 BL,3 Stufenheck BK,3 Stufenheck BL; BP4Y26251B, BP4Y26251C, C24Y26251B, C24Y26251C, C24Y26251C9A, C24Y26251D, BP4Y26251D; Jarrulevy<\/p>\n","protected":false},"excerpt":{"rendered":"<p>QUARO Jarrulevyt QD3795 Jarrulevy MAZDA,3 BK,3 BL,3 Stufenheck BK,3 Stufenheck BL<\/p>\n","protected":false},"featured_media":0,"template":"","meta":{"site-sidebar-layout":"default","site-content-layout":"default","ast-global-header-display":"","ast-main-header-display":"","ast-hfb-above-header-display":"","ast-hfb-below-header-display":"","ast-hfb-mobile-header-display":"","site-post-title":"","ast-breadcrumbs-content":"","ast-featured-img":"","footer-sml-layout":"","theme-transparent-header-meta":"","adv-header-id-meta":"","stick-header-meta":"","header-above-stick-meta":"","header-main-stick-meta":"","header-below-stick-meta":""},"pwb-brand":[464],"product_cat":[66],"product_tag":[],"class_list":{"0":"post-33484","1":"product","2":"type-product","3":"status-publish","5":"pwb-brand-quaro","6":"product_cat-jarrulevyt","7":"desktop-align-left","8":"tablet-align-left","9":"mobile-align-left","11":"first","12":"instock","13":"product-type-external"},"brands":[{"id":464,"name":"QUARO","slug":"quaro"}],"_links":{"self":[{"href":"https:\/\/www.autonvaraosahaku.fi\/index.php?rest_route=\/wp\/v2\/product\/33484","targetHints":{"allow":["GET"]}}],"collection":[{"href":"https:\/\/www.autonvaraosahaku.fi\/index.php?rest_route=\/wp\/v2\/product"}],"about":[{"href":"https:\/\/www.autonvaraosahaku.fi\/index.php?rest_route=\/wp\/v2\/types\/product"}],"wp:attachment":[{"href":"https:\/\/www.autonvaraosahaku.fi\/index.php?rest_route=%2Fwp%2Fv2%2Fmedia&parent=33484"}],"wp:term":[{"taxonomy":"pwb-brand","embeddable":true,"href":"https:\/\/www.autonvaraosahaku.fi\/index.php?rest_route=%2Fwp%2Fv2%2Fpwb-brand&post=33484"},{"taxonomy":"product_cat","embeddable":true,"href":"https:\/\/www.autonvaraosahaku.fi\/index.php?rest_route=%2Fwp%2Fv2%2Fproduct_cat&post=33484"},{"taxonomy":"product_tag","embeddable":true,"href":"https:\/\/www.autonvaraosahaku.fi\/index.php?rest_route=%2Fwp%2Fv2%2Fproduct_tag&post=33484"}],"curies":[{"name":"wp","href":"https:\/\/api.w.org\/{rel}","templated":true}]}}