{"id":33493,"date":"2021-02-21T16:17:37","date_gmt":"2021-02-21T16:17:37","guid":{"rendered":"https:\/\/www.autonvaraosahaku.fi\/?product=ridex-686s0038-sytytystulpat"},"modified":"2021-02-21T16:17:40","modified_gmt":"2021-02-21T16:17:40","slug":"ridex-686s0038-sytytystulpat","status":"publish","type":"product","link":"https:\/\/www.autonvaraosahaku.fi\/?product=ridex-686s0038-sytytystulpat","title":{"rendered":"RIDEX 686S0038 Sytytystulpat"},"content":{"rendered":"<p>K\u00e4rkiv\u00e4li (mm): 0,9; Kiristysmomentti: 28; Kiristyskulma [Grad]: 90; Ulkokierre [mm]: 14; Kierrenousu (mm): 1,25; Kierteen pituus (mm): 19; Avainv\u00e4li: 16; Kipin\u00e4et\u00e4isyys [mm]: 4; Napojen m\u00e4\u00e4r\u00e4: 1; Valmistusvuoteen: 12\/2010; NISSAN: ALMERA TINO V10,PRIMERA P11,PRIMERA Traveller WP11,PRIMERA Hatchback P11,PICK UP D22,NAVARA D22,200 SX S13,PICK UP D21,100 NX B13,SERENA C23M,200 SX S14,PRIMERA P10,TERRANO I WD21,SUNNY III Liftback N14,PULSAR V Schr\u00e4gheck N14,PRIMERA Hatchback P10,PRIMERA Traveller W10,NAVARA Pritsche\/Fahrgestell D22,NAVARA Pritsche\/Fahrgestell D21,PATHFINDER; LEXUS: LS UCF30,LX UZJ100; TOYOTA: YARIS SCP9_, NSP9_, KSP9_, NCP9_, ZSP9_,YARIS SCP1_, NLP1_, NCP1_,YARIS VERSO _NLP2_, _NCP2_,YARIS NHP13_, NSP13_, NCP13_, KSP13_, NLP13_,STARLET EP91,COROLLA Kombi _E12J_, _E12T_,AVENSIS _T22_,COROLLA Liftback _E11_,COROLLA Compact _E11_,AVENSIS Station Wagon _T22_,LAND CRUISER KDJ12_, GRJ12_,AVENSIS Liftback _T22_,LAND CRUISER 90 _J9_,VIOS\/YARIS Stufenheck ZSP9_, NCP9_,MR 2 II SW2_,COROLLA Compact _E10_,CARINA E _T19_,LAND CRUISER PZJ7_, KZJ7_, HZJ7_, BJ7_, LJ7_, RJ7_,LAND CRUISER 100 UZJ100,CELICA ST20_, AT20_,LAND CRUISER 80 _J8_,COROLLA _E11_,CARINA E Stufenheck _T19_,CELICA Coupe AT18_, ST18_,COROLLA Wagon __E11_,CARINA E Sportswagon _T19_,PREVIA TCR2_, TCR1_,HILUX VI Pick-up _N1_,CAMRY _CV2_, _XV2_,4 RUNNER RN10_, VZN13_, VZN10_, RN13_,COROLLA Liftback _E10_,COROLLA Liftback _E9_,COROLLA _E10_,COROLLA Stufenheck E15_,CARINA II _T17_,LAND CRUISER Pick-up _J7_,4 RUNNER KZN18_, VZN18_, RZN18_,COROLLA Compact _E9_,COROLLA Wagon _E10_,CELICA Cabriolet AT18_, ST18_,CAR; 9091901059, 3707100J74A00, 9091901166, 9091901176, 2240153306, 2240153J06, 93190946, 9004A91011, 9008091048, 9008091108, 9091901166, 90919011668N, 9091901176; Tulpat,Sytytystulppa<\/p>\n","protected":false},"excerpt":{"rendered":"<p>RIDEX Sytytystulpat 686S0038 Tulpat,Sytytystulppa NISSAN,LEXUS,TOYOTA,ALMERA TINO V10,PRIMERA P11,PRIMERA Traveller WP11,PRIMERA Hatchback P11<\/p>\n","protected":false},"featured_media":0,"template":"","meta":{"site-sidebar-layout":"default","site-content-layout":"default","ast-global-header-display":"","ast-main-header-display":"","ast-hfb-above-header-display":"","ast-hfb-below-header-display":"","ast-hfb-mobile-header-display":"","site-post-title":"","ast-breadcrumbs-content":"","ast-featured-img":"","footer-sml-layout":"","theme-transparent-header-meta":"","adv-header-id-meta":"","stick-header-meta":"","header-above-stick-meta":"","header-main-stick-meta":"","header-below-stick-meta":""},"pwb-brand":[157],"product_cat":[165],"product_tag":[],"class_list":{"0":"post-33493","1":"product","2":"type-product","3":"status-publish","5":"pwb-brand-ridex","6":"product_cat-sytytystulpat","7":"desktop-align-left","8":"tablet-align-left","9":"mobile-align-left","11":"first","12":"instock","13":"product-type-external"},"brands":[{"id":157,"name":"RIDEX","slug":"ridex"}],"_links":{"self":[{"href":"https:\/\/www.autonvaraosahaku.fi\/index.php?rest_route=\/wp\/v2\/product\/33493","targetHints":{"allow":["GET"]}}],"collection":[{"href":"https:\/\/www.autonvaraosahaku.fi\/index.php?rest_route=\/wp\/v2\/product"}],"about":[{"href":"https:\/\/www.autonvaraosahaku.fi\/index.php?rest_route=\/wp\/v2\/types\/product"}],"wp:attachment":[{"href":"https:\/\/www.autonvaraosahaku.fi\/index.php?rest_route=%2Fwp%2Fv2%2Fmedia&parent=33493"}],"wp:term":[{"taxonomy":"pwb-brand","embeddable":true,"href":"https:\/\/www.autonvaraosahaku.fi\/index.php?rest_route=%2Fwp%2Fv2%2Fpwb-brand&post=33493"},{"taxonomy":"product_cat","embeddable":true,"href":"https:\/\/www.autonvaraosahaku.fi\/index.php?rest_route=%2Fwp%2Fv2%2Fproduct_cat&post=33493"},{"taxonomy":"product_tag","embeddable":true,"href":"https:\/\/www.autonvaraosahaku.fi\/index.php?rest_route=%2Fwp%2Fv2%2Fproduct_tag&post=33493"}],"curies":[{"name":"wp","href":"https:\/\/api.w.org\/{rel}","templated":true}]}}