{"id":33512,"date":"2021-02-21T16:17:42","date_gmt":"2021-02-21T16:17:42","guid":{"rendered":"https:\/\/www.autonvaraosahaku.fi\/?product=vaico-v20-2171-jaahdyttimen-letku"},"modified":"2021-02-21T16:17:44","modified_gmt":"2021-02-21T16:17:44","slug":"vaico-v20-2171-jaahdyttimen-letku","status":"publish","type":"product","link":"https:\/\/www.autonvaraosahaku.fi\/?product=vaico-v20-2171-jaahdyttimen-letku","title":{"rendered":"VAICO V20-2171 J\u00e4\u00e4hdyttimen letku"},"content":{"rendered":"<p>Materiaali: PA (polyamidi); J\u00e4\u00e4hdytysjohto: j\u00e4\u00e4hdytt\u00e4j\u00e4st\u00e4 vesipumppuun; Paino [kg]: 0,355; Pakkausleveys [cm]: 18; Pakkauskorkeus [mm]: 9,5; Pakkaussyvyys [cm]: 50; lis\u00e4tieto: CST99; Moottorinumero: M57N2; BMW: 3 E46,3 Touring E91,3 E90,5 E60,1 E87,5 Touring E61,3 Touring E46,X3 E83,3 Compact E46,3 Coupe E46,X5 E53,3 Coupe E92,3 Cabriolet E46,3 Cabriolet E93,6 E63,6 Cabriolet E64; 11532247154, 11537787379, 11537787380, 11537794611, 11537802632, 2247154, 7787379, 7787380, 7794611, 7802632<\/p>\n","protected":false},"excerpt":{"rendered":"<p>VAICO J\u00e4\u00e4hdyttimen Letku V20-2171  BMW,3 E46,3 Touring E91,3 E90,5 E60,1 E87,5 Touring E61,3 Touring E46,X3 E83,3 Compact E46,3 Coupe E46,X5 E53<\/p>\n","protected":false},"featured_media":0,"template":"","meta":{"site-sidebar-layout":"default","site-content-layout":"default","ast-global-header-display":"","ast-main-header-display":"","ast-hfb-above-header-display":"","ast-hfb-below-header-display":"","ast-hfb-mobile-header-display":"","site-post-title":"","ast-breadcrumbs-content":"","ast-featured-img":"","footer-sml-layout":"","theme-transparent-header-meta":"","adv-header-id-meta":"","stick-header-meta":"","header-above-stick-meta":"","header-main-stick-meta":"","header-below-stick-meta":""},"pwb-brand":[330],"product_cat":[206],"product_tag":[],"class_list":{"0":"post-33512","1":"product","2":"type-product","3":"status-publish","5":"pwb-brand-vaico","6":"product_cat-jaahdyttimen-letku","7":"desktop-align-left","8":"tablet-align-left","9":"mobile-align-left","11":"first","12":"instock","13":"product-type-external"},"brands":[{"id":330,"name":"VAICO","slug":"vaico"}],"_links":{"self":[{"href":"https:\/\/www.autonvaraosahaku.fi\/index.php?rest_route=\/wp\/v2\/product\/33512","targetHints":{"allow":["GET"]}}],"collection":[{"href":"https:\/\/www.autonvaraosahaku.fi\/index.php?rest_route=\/wp\/v2\/product"}],"about":[{"href":"https:\/\/www.autonvaraosahaku.fi\/index.php?rest_route=\/wp\/v2\/types\/product"}],"wp:attachment":[{"href":"https:\/\/www.autonvaraosahaku.fi\/index.php?rest_route=%2Fwp%2Fv2%2Fmedia&parent=33512"}],"wp:term":[{"taxonomy":"pwb-brand","embeddable":true,"href":"https:\/\/www.autonvaraosahaku.fi\/index.php?rest_route=%2Fwp%2Fv2%2Fpwb-brand&post=33512"},{"taxonomy":"product_cat","embeddable":true,"href":"https:\/\/www.autonvaraosahaku.fi\/index.php?rest_route=%2Fwp%2Fv2%2Fproduct_cat&post=33512"},{"taxonomy":"product_tag","embeddable":true,"href":"https:\/\/www.autonvaraosahaku.fi\/index.php?rest_route=%2Fwp%2Fv2%2Fproduct_tag&post=33512"}],"curies":[{"name":"wp","href":"https:\/\/api.w.org\/{rel}","templated":true}]}}