{"id":33534,"date":"2021-02-21T16:17:47","date_gmt":"2021-02-21T16:17:47","guid":{"rendered":"https:\/\/www.autonvaraosahaku.fi\/?product=ridex-3886v0006-huohotin"},"modified":"2021-02-21T16:17:50","modified_gmt":"2021-02-21T16:17:50","slug":"ridex-3886v0006-huohotin","status":"publish","type":"product","link":"https:\/\/www.autonvaraosahaku.fi\/?product=ridex-3886v0006-huohotin","title":{"rendered":"RIDEX 3886V0006 Huohotin"},"content":{"rendered":"<p>Venttiilimalli: Ilmanpoistoventtiili; Kotelomateriaali: Polyamidi 6.6; Materiaali tiiviste: FPM (fluori-kumi)\/APM (polyakryyli-kumi); Leveys (mm): 110; Suositeltu vaihtov\u00e4li [km]: 60000; Asennuspuoli: Sylinterikansi; Korkeus (mm): 100; Suositeltu vaihtov\u00e4li [vuotta]: 3; Pituus (mm): 130; Paino [kg]: 0,14; K\u00e4ytt\u00f6: paineohjattu; TECDOC-moottorinumero: 15350; VW: GOLF IV 1J1,GOLF IV Variant 1J5,BORA 1J2,NEW BEETLE 9C1, 1C1,BORA Kombi 1J6,NEW BEETLE Cabriolet 1Y7; AUDI: A3 8P1,A3 8L1,A3 Sportback 8PA; SEAT: ALTEA 5P1,TOLEDO III 5P2; Venttiili, Kampikammiotuuletus<\/p>\n","protected":false},"excerpt":{"rendered":"<p>RIDEX Huohotin 3886V0006 Venttiili, Kampikammiotuuletus VW,AUDI,SEAT,GOLF IV 1J1,GOLF IV Variant 1J5,BORA 1J2,NEW BEETLE 9C1, 1C1,BORA Kombi 1J6<\/p>\n","protected":false},"featured_media":0,"template":"","meta":{"site-sidebar-layout":"default","site-content-layout":"default","ast-global-header-display":"","ast-main-header-display":"","ast-hfb-above-header-display":"","ast-hfb-below-header-display":"","ast-hfb-mobile-header-display":"","site-post-title":"","ast-breadcrumbs-content":"","ast-featured-img":"","footer-sml-layout":"","theme-transparent-header-meta":"","adv-header-id-meta":"","stick-header-meta":"","header-above-stick-meta":"","header-main-stick-meta":"","header-below-stick-meta":""},"pwb-brand":[157],"product_cat":[125],"product_tag":[],"class_list":{"0":"post-33534","1":"product","2":"type-product","3":"status-publish","5":"pwb-brand-ridex","6":"product_cat-huohotin","7":"desktop-align-left","8":"tablet-align-left","9":"mobile-align-left","11":"first","12":"instock","13":"product-type-external"},"brands":[{"id":157,"name":"RIDEX","slug":"ridex"}],"_links":{"self":[{"href":"https:\/\/www.autonvaraosahaku.fi\/index.php?rest_route=\/wp\/v2\/product\/33534","targetHints":{"allow":["GET"]}}],"collection":[{"href":"https:\/\/www.autonvaraosahaku.fi\/index.php?rest_route=\/wp\/v2\/product"}],"about":[{"href":"https:\/\/www.autonvaraosahaku.fi\/index.php?rest_route=\/wp\/v2\/types\/product"}],"wp:attachment":[{"href":"https:\/\/www.autonvaraosahaku.fi\/index.php?rest_route=%2Fwp%2Fv2%2Fmedia&parent=33534"}],"wp:term":[{"taxonomy":"pwb-brand","embeddable":true,"href":"https:\/\/www.autonvaraosahaku.fi\/index.php?rest_route=%2Fwp%2Fv2%2Fpwb-brand&post=33534"},{"taxonomy":"product_cat","embeddable":true,"href":"https:\/\/www.autonvaraosahaku.fi\/index.php?rest_route=%2Fwp%2Fv2%2Fproduct_cat&post=33534"},{"taxonomy":"product_tag","embeddable":true,"href":"https:\/\/www.autonvaraosahaku.fi\/index.php?rest_route=%2Fwp%2Fv2%2Fproduct_tag&post=33534"}],"curies":[{"name":"wp","href":"https:\/\/api.w.org\/{rel}","templated":true}]}}