{"id":33538,"date":"2021-02-21T16:17:47","date_gmt":"2021-02-21T16:17:47","guid":{"rendered":"https:\/\/www.autonvaraosahaku.fi\/?product=jp-group-4163102700-jarrulevyt"},"modified":"2021-02-21T16:17:50","modified_gmt":"2021-02-21T16:17:50","slug":"jp-group-4163102700-jarrulevyt","status":"publish","type":"product","link":"https:\/\/www.autonvaraosahaku.fi\/?product=jp-group-4163102700-jarrulevyt","title":{"rendered":"JP GROUP 4163102700 Jarrulevyt"},"content":{"rendered":"<p>Asennuspuoli: Etuakseli; Jarrulevytyyppi: Tuuletettu; Ulkol\u00e4pimitta [mm]: 258; Jarrulevyn paksuus (mm): 22; Reikien m\u00e4\u00e4r\u00e4: 4; Pinta: pinnoitettu; Valmistusvuosi alkaen: 10\/2005; LANCIA: YPSILON 843,MUSA 350,YPSILON 312, 846,DEDRA 835,DEDRA SW 835; ALFA ROMEO: MITO 955; FIAT: PUNTO 188,PANDA 169,500 312,STILO 192,BRAVO II 198,DOBLO Cargo 223,500 C 312,STILO Multi Wagon 192,DOBLO 119,IDEA,PANDA 312,QUBO 225,FIORINO Kasten\/Kombi 225,LINEA 323,PANDA VAN 312; CITRO\u00cbN: NEMO Kasten AA_,NEMO Kombi; PEUGEOT: BIPPER AA_,BIPPER Tepee; 46401356, 1606321980, 424973, 424974, 4249E5, 4249L2, 46401356, 46542383, 46831041, 51896287, 51896288, 60812137, 71739640, 46401356, 46542383, 424973, 424974, 4249E5, 4249L2; Jarrulevy<\/p>\n","protected":false},"excerpt":{"rendered":"<p>JP GROUP Jarrulevyt JP Group 4163102700 Jarrulevy LANCIA,ALFA ROMEO,FIAT,YPSILON 843,MUSA 350,YPSILON 312, 846,DEDRA 835,DEDRA SW 835,MITO 955<\/p>\n","protected":false},"featured_media":0,"template":"","meta":{"site-sidebar-layout":"default","site-content-layout":"default","ast-global-header-display":"","ast-main-header-display":"","ast-hfb-above-header-display":"","ast-hfb-below-header-display":"","ast-hfb-mobile-header-display":"","site-post-title":"","ast-breadcrumbs-content":"","ast-featured-img":"","footer-sml-layout":"","theme-transparent-header-meta":"","adv-header-id-meta":"","stick-header-meta":"","header-above-stick-meta":"","header-main-stick-meta":"","header-below-stick-meta":""},"pwb-brand":[131],"product_cat":[66],"product_tag":[],"class_list":{"0":"post-33538","1":"product","2":"type-product","3":"status-publish","5":"pwb-brand-jp-group","6":"product_cat-jarrulevyt","7":"desktop-align-left","8":"tablet-align-left","9":"mobile-align-left","11":"first","12":"instock","13":"product-type-external"},"brands":[{"id":131,"name":"JP GROUP","slug":"jp-group"}],"_links":{"self":[{"href":"https:\/\/www.autonvaraosahaku.fi\/index.php?rest_route=\/wp\/v2\/product\/33538","targetHints":{"allow":["GET"]}}],"collection":[{"href":"https:\/\/www.autonvaraosahaku.fi\/index.php?rest_route=\/wp\/v2\/product"}],"about":[{"href":"https:\/\/www.autonvaraosahaku.fi\/index.php?rest_route=\/wp\/v2\/types\/product"}],"wp:attachment":[{"href":"https:\/\/www.autonvaraosahaku.fi\/index.php?rest_route=%2Fwp%2Fv2%2Fmedia&parent=33538"}],"wp:term":[{"taxonomy":"pwb-brand","embeddable":true,"href":"https:\/\/www.autonvaraosahaku.fi\/index.php?rest_route=%2Fwp%2Fv2%2Fpwb-brand&post=33538"},{"taxonomy":"product_cat","embeddable":true,"href":"https:\/\/www.autonvaraosahaku.fi\/index.php?rest_route=%2Fwp%2Fv2%2Fproduct_cat&post=33538"},{"taxonomy":"product_tag","embeddable":true,"href":"https:\/\/www.autonvaraosahaku.fi\/index.php?rest_route=%2Fwp%2Fv2%2Fproduct_tag&post=33538"}],"curies":[{"name":"wp","href":"https:\/\/api.w.org\/{rel}","templated":true}]}}