{"id":33558,"date":"2021-02-21T16:17:52","date_gmt":"2021-02-21T16:17:52","guid":{"rendered":"https:\/\/www.autonvaraosahaku.fi\/?product=xblitz-x5-wi-fi-muut-luokat"},"modified":"2021-02-21T16:17:55","modified_gmt":"2021-02-21T16:17:55","slug":"xblitz-x5-wi-fi-muut-luokat","status":"publish","type":"product","link":"https:\/\/www.autonvaraosahaku.fi\/?product=xblitz-x5-wi-fi-muut-luokat","title":{"rendered":"XBLITZ X5 WI-FI Muut luokat"},"content":{"rendered":"<p>Liikkeen havaitseminen: Kyll\u00e4; Videomuoto: MOV; Kaiuttimen: Kyll\u00e4; V\u00e4ri: Musta; Mikrofoni: Kyll\u00e4; Akkukapasiteetti [mAh]: 200; Katselukulma [\u00b0]: 140; Videon resoluutio [pix]: 1920&#215;1080; Muistikorttityyppi: microSD; Liittimet\/Pistokkeet: mini USB, AV; N\u00e4yt\u00f6n koko diagonaali [Zoll]: 2.4, 2.4; Y\u00f6kuvaus: Kyll\u00e4; Tallenteen aloittaminen: Liike, Moottorin k\u00e4ynnistys, Sokki; Muistikortin toimituksen: Ei; Sarja sis\u00e4lt\u00e4\u00e4: USB-kaapelin, Autokameran, Autolaturin, K\u00e4ytt\u00f6ohjeen; Leveys (mm): 98; Korkeus (mm): 35; Pituus (mm): 63; Videokoodekki: H.264; Piirisarja: NTK96658; Virranjako: tupakansytytin, sis\u00e4inen akku; Suurin muistikapasiteetti [GB]: 128; Kuvan resoluutio: 12M; Kuvatiedoston muoto: JPG<\/p>\n","protected":false},"excerpt":{"rendered":"<p>XBLITZ Kojelautakamera X5 WI-FI<\/p>\n","protected":false},"featured_media":0,"template":"","meta":{"site-sidebar-layout":"default","site-content-layout":"default","ast-global-header-display":"","ast-main-header-display":"","ast-hfb-above-header-display":"","ast-hfb-below-header-display":"","ast-hfb-mobile-header-display":"","site-post-title":"","ast-breadcrumbs-content":"","ast-featured-img":"","footer-sml-layout":"","theme-transparent-header-meta":"","adv-header-id-meta":"","stick-header-meta":"","header-above-stick-meta":"","header-main-stick-meta":"","header-below-stick-meta":""},"pwb-brand":[409],"product_cat":[37],"product_tag":[],"class_list":{"0":"post-33558","1":"product","2":"type-product","3":"status-publish","5":"pwb-brand-xblitz","6":"product_cat-muut-luokat","7":"desktop-align-left","8":"tablet-align-left","9":"mobile-align-left","11":"first","12":"instock","13":"product-type-external"},"brands":[{"id":409,"name":"XBLITZ","slug":"xblitz"}],"_links":{"self":[{"href":"https:\/\/www.autonvaraosahaku.fi\/index.php?rest_route=\/wp\/v2\/product\/33558","targetHints":{"allow":["GET"]}}],"collection":[{"href":"https:\/\/www.autonvaraosahaku.fi\/index.php?rest_route=\/wp\/v2\/product"}],"about":[{"href":"https:\/\/www.autonvaraosahaku.fi\/index.php?rest_route=\/wp\/v2\/types\/product"}],"wp:attachment":[{"href":"https:\/\/www.autonvaraosahaku.fi\/index.php?rest_route=%2Fwp%2Fv2%2Fmedia&parent=33558"}],"wp:term":[{"taxonomy":"pwb-brand","embeddable":true,"href":"https:\/\/www.autonvaraosahaku.fi\/index.php?rest_route=%2Fwp%2Fv2%2Fpwb-brand&post=33558"},{"taxonomy":"product_cat","embeddable":true,"href":"https:\/\/www.autonvaraosahaku.fi\/index.php?rest_route=%2Fwp%2Fv2%2Fproduct_cat&post=33558"},{"taxonomy":"product_tag","embeddable":true,"href":"https:\/\/www.autonvaraosahaku.fi\/index.php?rest_route=%2Fwp%2Fv2%2Fproduct_tag&post=33558"}],"curies":[{"name":"wp","href":"https:\/\/api.w.org\/{rel}","templated":true}]}}