{"id":33596,"date":"2021-02-21T16:18:01","date_gmt":"2021-02-21T16:18:01","guid":{"rendered":"https:\/\/www.autonvaraosahaku.fi\/?product=hr-b1454702-pyoranpultit"},"modified":"2021-02-21T16:18:04","modified_gmt":"2021-02-21T16:18:04","slug":"hr-b1454702-pyoranpultit","status":"publish","type":"product","link":"https:\/\/www.autonvaraosahaku.fi\/?product=hr-b1454702-pyoranpultit","title":{"rendered":"H&#038;R B1454702 Py\u00f6r\u00e4npultit"},"content":{"rendered":"<p>Rekister\u00f6ity tyyppi: ei rekister\u00f6intipakkoa; Runkopituus [mm]: 47; Avainv\u00e4li: 17, 17 mm; Laatu \/ luokka: 10.9; Kierteen pituus (mm): 47; Kierremitta: M14; Kierrenousu (mm): 1.5; Py\u00f6r\u00e4n kiinnitys: Kuula istukka A\/G; S\u00e4de (mm): 14; V\u00e4ri: Musta; Tuning: 1; Py\u00f6r\u00e4nruuvi<\/p>\n","protected":false},"excerpt":{"rendered":"<p>H&#038;R Py\u00f6r\u00e4npultit B1454702 Py\u00f6r\u00e4nruuvi<\/p>\n","protected":false},"featured_media":0,"template":"","meta":{"site-sidebar-layout":"default","site-content-layout":"default","ast-global-header-display":"","ast-main-header-display":"","ast-hfb-above-header-display":"","ast-hfb-below-header-display":"","ast-hfb-mobile-header-display":"","site-post-title":"","ast-breadcrumbs-content":"","ast-featured-img":"","footer-sml-layout":"","theme-transparent-header-meta":"","adv-header-id-meta":"","stick-header-meta":"","header-above-stick-meta":"","header-main-stick-meta":"","header-below-stick-meta":""},"pwb-brand":[423],"product_cat":[51],"product_tag":[],"class_list":{"0":"post-33596","1":"product","2":"type-product","3":"status-publish","5":"pwb-brand-hr","6":"product_cat-pyoranpultit","7":"desktop-align-left","8":"tablet-align-left","9":"mobile-align-left","11":"first","12":"instock","13":"product-type-external"},"brands":[{"id":423,"name":"H&amp;R","slug":"hr"}],"_links":{"self":[{"href":"https:\/\/www.autonvaraosahaku.fi\/index.php?rest_route=\/wp\/v2\/product\/33596","targetHints":{"allow":["GET"]}}],"collection":[{"href":"https:\/\/www.autonvaraosahaku.fi\/index.php?rest_route=\/wp\/v2\/product"}],"about":[{"href":"https:\/\/www.autonvaraosahaku.fi\/index.php?rest_route=\/wp\/v2\/types\/product"}],"wp:attachment":[{"href":"https:\/\/www.autonvaraosahaku.fi\/index.php?rest_route=%2Fwp%2Fv2%2Fmedia&parent=33596"}],"wp:term":[{"taxonomy":"pwb-brand","embeddable":true,"href":"https:\/\/www.autonvaraosahaku.fi\/index.php?rest_route=%2Fwp%2Fv2%2Fpwb-brand&post=33596"},{"taxonomy":"product_cat","embeddable":true,"href":"https:\/\/www.autonvaraosahaku.fi\/index.php?rest_route=%2Fwp%2Fv2%2Fproduct_cat&post=33596"},{"taxonomy":"product_tag","embeddable":true,"href":"https:\/\/www.autonvaraosahaku.fi\/index.php?rest_route=%2Fwp%2Fv2%2Fproduct_tag&post=33596"}],"curies":[{"name":"wp","href":"https:\/\/api.w.org\/{rel}","templated":true}]}}