{"id":33659,"date":"2021-02-21T16:18:20","date_gmt":"2021-02-21T16:18:20","guid":{"rendered":"https:\/\/www.autonvaraosahaku.fi\/?product=hella-6pa-358-066-401-lambda-anturi"},"modified":"2021-02-21T16:18:21","modified_gmt":"2021-02-21T16:18:21","slug":"hella-6pa-358-066-401-lambda-anturi","status":"publish","type":"product","link":"https:\/\/www.autonvaraosahaku.fi\/?product=hella-6pa-358-066-401-lambda-anturi","title":{"rendered":"HELLA 6PA 358 066-401 Lambda anturi"},"content":{"rendered":"<p>Kaapelinmitta (mm): 750; Napojen m\u00e4\u00e4r\u00e4: 4; Lambdatunnistin: Planarsondi; Asennuspuoli: vorne; VW: GOLF IV 1J1,POLO 9N_,PASSAT Variant 3B6,LUPO 6X1, 6E1,GOLF IV Variant 1J5,SHARAN 7M8, 7M9, 7M6,POLO 6N2,POLO 6N1,PASSAT Variant 3B5,BORA 1J2,PASSAT 3B2,NEW BEETLE 9C1, 1C1,PASSAT 3B3,PHAETON 3D_,GOLF Mk III Cabriolet 1E7,BORA Kombi 1J6,NEW BEETLE Cabriolet 1Y7,CADDY II Kasten 9K9A,POLO Variant 6KV5,POLO CLASSIC 6KV2,POLO Stufenheck 9A4,CADDY II Kombi 9K9B,POLO PLAYA; AUDI: A3 8L1,A4 8D2, B5,A4 Avant 8ED, B7,A4 Avant 8E5, B6,A6 Avant 4B5, C5,A4 Avant 8D5, B5,A4 8E2, B6,A6 4B2, C5,A4 Cabriolet 8H7, B6, 8HE, B7,A4 8EC, B7,TT 8N3,A8 4E_,A8 4D2, 4D8,TT Roadster 8N9,A6 Avant 4A, C4,A6 4A, C4,ALLROAD 4BH, C5; SKODA: FABIA Combi 6Y5,FABIA 6Y2,OCTAVIA Combi 1U5,OCTAVIA 1U2,SUPERB 3U4,FABIA Stufenheck 6Y3,FABIA Praktik; SEAT: IBIZA IV 6L1,LEON 1M1,AROSA 6H,ALHAMBRA 7V8, 7V9,EXEO ST 3R5,IBIZA II 6K1,TOLEDO II 1M2,EXEO 3R2,CORDOBA 6K1, 6K2,CORDOBA Vario 6K1,CORDOBA 6L2,INCA 6K9; CHEVROLET: CAMARO GMX511; 030906262D, 030906262E, 030906262L, 030906262M, 036906262H, 058906265C, 058906265V, 06A906262AD, 06A906262AG, 06A906262AH, 06A906262AJ, 06A906262AM, 06A906262AR, 06A906262DL, 06A906262EA, 06A906262EC, 06A906262F, 06A906262G, 06A906262N, 06A906265N, 06C906265, 06C906265D, 06C906265F, 06C906265G, 077906265J, 1K0998262Q, 12616201, 030906262D, 030906262E, 030906262L, 030906262M, 036906262H, 058906265C, 058906265V, 06A906262AD, 06A906262AG, 06A906262AH, 06A906262AJ, 06A906262AM, 06A906262AR, 06A906262DL, 06A906262EA, 06A906262EC, 06A906262F, 06A906262G, 06A906262N, 06A906265N, 06C906265, 06C906265D, 06C906265F, 06C906265G, 077906265J, 1K0998262Q, 030906262D, 030906262E, 030906262L, 030906262M, 036906262H, 058906265C, 058906265V, 06A906262AD, 06A906262AG, 06A906262AH, 06A906262AJ, 06A906262AM, 06A906262AR, 06A906262DL, 06A906262EA, 06A906262EC, 06A906262F, 06A906262G, 06A906262N, 06A906265N, 06C906265, 06C906265D, 06C906265F, 06C906265G, 077906265J, 1K0998262Q, 030906262D, 030906262E, 0309&#8230;; Lambdatunnistin,Happianturi<\/p>\n","protected":false},"excerpt":{"rendered":"<p>HELLA Lambda Anturi 6PA 358 066-401 Lambdatunnistin,Happianturi VW,AUDI,SKODA,GOLF IV 1J1,POLO 9N_,PASSAT Variant 3B6,LUPO 6X1, 6E1<\/p>\n","protected":false},"featured_media":0,"template":"","meta":{"site-sidebar-layout":"default","site-content-layout":"default","ast-global-header-display":"","ast-main-header-display":"","ast-hfb-above-header-display":"","ast-hfb-below-header-display":"","ast-hfb-mobile-header-display":"","site-post-title":"","ast-breadcrumbs-content":"","ast-featured-img":"","footer-sml-layout":"","theme-transparent-header-meta":"","adv-header-id-meta":"","stick-header-meta":"","header-above-stick-meta":"","header-main-stick-meta":"","header-below-stick-meta":""},"pwb-brand":[24],"product_cat":[264],"product_tag":[],"class_list":{"0":"post-33659","1":"product","2":"type-product","3":"status-publish","5":"pwb-brand-hella","6":"product_cat-lambda-anturi","7":"desktop-align-left","8":"tablet-align-left","9":"mobile-align-left","11":"first","12":"instock","13":"product-type-external"},"brands":[{"id":24,"name":"HELLA","slug":"hella"}],"_links":{"self":[{"href":"https:\/\/www.autonvaraosahaku.fi\/index.php?rest_route=\/wp\/v2\/product\/33659","targetHints":{"allow":["GET"]}}],"collection":[{"href":"https:\/\/www.autonvaraosahaku.fi\/index.php?rest_route=\/wp\/v2\/product"}],"about":[{"href":"https:\/\/www.autonvaraosahaku.fi\/index.php?rest_route=\/wp\/v2\/types\/product"}],"wp:attachment":[{"href":"https:\/\/www.autonvaraosahaku.fi\/index.php?rest_route=%2Fwp%2Fv2%2Fmedia&parent=33659"}],"wp:term":[{"taxonomy":"pwb-brand","embeddable":true,"href":"https:\/\/www.autonvaraosahaku.fi\/index.php?rest_route=%2Fwp%2Fv2%2Fpwb-brand&post=33659"},{"taxonomy":"product_cat","embeddable":true,"href":"https:\/\/www.autonvaraosahaku.fi\/index.php?rest_route=%2Fwp%2Fv2%2Fproduct_cat&post=33659"},{"taxonomy":"product_tag","embeddable":true,"href":"https:\/\/www.autonvaraosahaku.fi\/index.php?rest_route=%2Fwp%2Fv2%2Fproduct_tag&post=33659"}],"curies":[{"name":"wp","href":"https:\/\/api.w.org\/{rel}","templated":true}]}}