{"id":33668,"date":"2021-02-21T16:18:20","date_gmt":"2021-02-21T16:18:20","guid":{"rendered":"https:\/\/www.autonvaraosahaku.fi\/?product=hella-8dd-355-117-621-jarrulevyt"},"modified":"2021-02-21T16:18:22","modified_gmt":"2021-02-21T16:18:22","slug":"hella-8dd-355-117-621-jarrulevyt","status":"publish","type":"product","link":"https:\/\/www.autonvaraosahaku.fi\/?product=hella-8dd-355-117-621-jarrulevyt","title":{"rendered":"HELLA 8DD 355 117-621 Jarrulevyt"},"content":{"rendered":"<p>Jarrulevytyyppi: Tuuletettu, sis\u00e4; Ulkol\u00e4pimitta [mm]: 300; Jarrulevyn paksuus (mm): 28; V\u00e4himm\u00e4ispaksuus (mm): 25; Korkeus (mm): 68,4; Reik\u00e4kuvio\/-m\u00e4\u00e4r\u00e4: 06\/07; Reik\u00e4ympyr\u00e4-\u00d8 [mm]: 130; keskitt\u00e4misl\u00e4pimitta [mm]: 85; Paino [kg]: 9,3; Korvaava tuote\/korvaava tiedote 2: Ilman py\u00f6r\u00e4nnapaa, Ilman py\u00f6r\u00e4nkiinnityspultteja; Teknisten tietojen numero: 59432; Asennuspuoli: Vorderachse; VW: CRAFTER 30-50 Kasten 2E_,CRAFTER 30-35 Bus 2E_,CRAFTER 30-50 Pritsche\/Fahrgestell 2F_; MERCEDES-BENZ: SPRINTER 3,5-t Kasten 906,SPRINTER 3,5-t Bus 906,SPRINTER 3-t Kasten 906,SPRINTER 3,5-t Pritsche\/Fahrgestell 906,SPRINTER 3-t Bus 906,SPRINTER 5-t Kasten 906,SPRINTER 5-t Pritsche\/Fahrgestell 906,SPRINTER 3-t Pritsche\/Fahrgestell 906,SPRINTER 4,6-t Pritsche\/Fahrgestell 906,SPRINTER 4,6-t Kasten 906,V-CLASS W447,SPRINTER 4,6-t Bus,SPRINTER 5-t Bus; 2E0615301, 9064210012, 9064210112, 9064210212, 9074210100, A9064210012, A9064210112, A9064210212, A9074210100, 2E0615301, 2E0615301, 2E0615301; Jarrulevy<\/p>\n","protected":false},"excerpt":{"rendered":"<p>HELLA Jarrulevyt 8DD 355 117-621 Jarrulevy VW,MERCEDES-BENZ,CRAFTER 30-50 Kasten 2E_,CRAFTER 30-35 Bus 2E_,CRAFTER 30-50 Pritsche\/Fahrgestell 2F_<\/p>\n","protected":false},"featured_media":0,"template":"","meta":{"site-sidebar-layout":"default","site-content-layout":"default","ast-global-header-display":"","ast-main-header-display":"","ast-hfb-above-header-display":"","ast-hfb-below-header-display":"","ast-hfb-mobile-header-display":"","site-post-title":"","ast-breadcrumbs-content":"","ast-featured-img":"","footer-sml-layout":"","theme-transparent-header-meta":"","adv-header-id-meta":"","stick-header-meta":"","header-above-stick-meta":"","header-main-stick-meta":"","header-below-stick-meta":""},"pwb-brand":[24],"product_cat":[66],"product_tag":[],"class_list":{"0":"post-33668","1":"product","2":"type-product","3":"status-publish","5":"pwb-brand-hella","6":"product_cat-jarrulevyt","7":"desktop-align-left","8":"tablet-align-left","9":"mobile-align-left","11":"first","12":"instock","13":"product-type-external"},"brands":[{"id":24,"name":"HELLA","slug":"hella"}],"_links":{"self":[{"href":"https:\/\/www.autonvaraosahaku.fi\/index.php?rest_route=\/wp\/v2\/product\/33668","targetHints":{"allow":["GET"]}}],"collection":[{"href":"https:\/\/www.autonvaraosahaku.fi\/index.php?rest_route=\/wp\/v2\/product"}],"about":[{"href":"https:\/\/www.autonvaraosahaku.fi\/index.php?rest_route=\/wp\/v2\/types\/product"}],"wp:attachment":[{"href":"https:\/\/www.autonvaraosahaku.fi\/index.php?rest_route=%2Fwp%2Fv2%2Fmedia&parent=33668"}],"wp:term":[{"taxonomy":"pwb-brand","embeddable":true,"href":"https:\/\/www.autonvaraosahaku.fi\/index.php?rest_route=%2Fwp%2Fv2%2Fpwb-brand&post=33668"},{"taxonomy":"product_cat","embeddable":true,"href":"https:\/\/www.autonvaraosahaku.fi\/index.php?rest_route=%2Fwp%2Fv2%2Fproduct_cat&post=33668"},{"taxonomy":"product_tag","embeddable":true,"href":"https:\/\/www.autonvaraosahaku.fi\/index.php?rest_route=%2Fwp%2Fv2%2Fproduct_tag&post=33668"}],"curies":[{"name":"wp","href":"https:\/\/api.w.org\/{rel}","templated":true}]}}