{"id":33671,"date":"2021-02-21T16:18:20","date_gmt":"2021-02-21T16:18:20","guid":{"rendered":"https:\/\/www.autonvaraosahaku.fi\/?product=hella-8dd-355-108-351-jarrulevyt"},"modified":"2021-02-21T16:18:23","modified_gmt":"2021-02-21T16:18:23","slug":"hella-8dd-355-108-351-jarrulevyt","status":"publish","type":"product","link":"https:\/\/www.autonvaraosahaku.fi\/?product=hella-8dd-355-108-351-jarrulevyt","title":{"rendered":"HELLA 8DD 355 108-351 Jarrulevyt"},"content":{"rendered":"<p>Jarrulevytyyppi: Tuuletettu, ulko; Ulkol\u00e4pimitta [mm]: 266; Jarrulevyn paksuus (mm): 22; V\u00e4himm\u00e4ispaksuus (mm): 20; Korkeus (mm): 34; Reik\u00e4kuvio\/-m\u00e4\u00e4r\u00e4: 04\/06; Reik\u00e4ympyr\u00e4-\u00d8 [mm]: 108; keskitt\u00e4misl\u00e4pimitta [mm]: 66; Paino [kg]: 5,1; Korvaava tuote\/korvaava tiedote 2: Ilman py\u00f6r\u00e4nnapaa, Ilman py\u00f6r\u00e4nkiinnityspultteja; Pinta: pinnoitettu; Teknisten tietojen numero: 50364PRO; Tuotelinja: PRO; Tuning: 1; Asennuspuoli: Vorderachse; OPEL: CROSSLAND X; CITRO\u00cbN: BERLINGO MF,XSARA PICASSO N68,C2 JM_,C3 I FC_,C4 I LC_,DS3,BERLINGO Kasten M_,C3 Picasso,C5 I DC_,C3 II,XSARA N1,C4 Coupe LA_,C3 Pluriel HB_,C4 II B7,XSARA Break N2,DS4,XSARA Coupe N0,DS3 Cabriolet,C2 ENTERPRISE,C-ELYSEE,C4 CACTUS,C3 III SX,XSARA Kasten\/Schr\u00e4gheck,C3 AIRCROSS; PEUGEOT: 206 Schr\u00e4gheck 2A\/C,206 CC 2D,207 WA_, WC_,307 SW 3H,307 3A\/C,207 SW WK_,206 SW 2E\/K,208,307 Break 3E,1007 KM_,PARTNER Combispace 5F,2008,PARTNER Kasten 5,307 Stufenheck,PARTNER Kasten,207 Stufenheck,206 Stufenheck,301,207 Van,PARTNER Pritsche\/Fahrgestell,208 Kasten; DS: DS 3,DS 4 \/ DS 4 CROSSBACK,DS 3 Cabriolet; VAUXHALL: CROSSLAND X; 1613191380, 1629058880, 4246W1, 4246W7, 424915, 424916, 424983, 4249G1, E169141, 3556159, 1618890480, 1629058880, 4246W1, 4246W7, 424915, 424916, 424983, 4249G1, E169141, 3556159; Jarrulevy<\/p>\n","protected":false},"excerpt":{"rendered":"<p>HELLA Jarrulevyt 8DD 355 108-351 Jarrulevy OPEL,CITRO\u00cbN,PEUGEOT,CROSSLAND X,BERLINGO MF,XSARA PICASSO N68,C2 JM_,C3 I FC_,C4 I LC_,DS3<\/p>\n","protected":false},"featured_media":0,"template":"","meta":{"site-sidebar-layout":"default","site-content-layout":"default","ast-global-header-display":"","ast-main-header-display":"","ast-hfb-above-header-display":"","ast-hfb-below-header-display":"","ast-hfb-mobile-header-display":"","site-post-title":"","ast-breadcrumbs-content":"","ast-featured-img":"","footer-sml-layout":"","theme-transparent-header-meta":"","adv-header-id-meta":"","stick-header-meta":"","header-above-stick-meta":"","header-main-stick-meta":"","header-below-stick-meta":""},"pwb-brand":[24],"product_cat":[66],"product_tag":[],"class_list":{"0":"post-33671","1":"product","2":"type-product","3":"status-publish","5":"pwb-brand-hella","6":"product_cat-jarrulevyt","7":"desktop-align-left","8":"tablet-align-left","9":"mobile-align-left","11":"first","12":"instock","13":"product-type-external"},"brands":[{"id":24,"name":"HELLA","slug":"hella"}],"_links":{"self":[{"href":"https:\/\/www.autonvaraosahaku.fi\/index.php?rest_route=\/wp\/v2\/product\/33671","targetHints":{"allow":["GET"]}}],"collection":[{"href":"https:\/\/www.autonvaraosahaku.fi\/index.php?rest_route=\/wp\/v2\/product"}],"about":[{"href":"https:\/\/www.autonvaraosahaku.fi\/index.php?rest_route=\/wp\/v2\/types\/product"}],"wp:attachment":[{"href":"https:\/\/www.autonvaraosahaku.fi\/index.php?rest_route=%2Fwp%2Fv2%2Fmedia&parent=33671"}],"wp:term":[{"taxonomy":"pwb-brand","embeddable":true,"href":"https:\/\/www.autonvaraosahaku.fi\/index.php?rest_route=%2Fwp%2Fv2%2Fpwb-brand&post=33671"},{"taxonomy":"product_cat","embeddable":true,"href":"https:\/\/www.autonvaraosahaku.fi\/index.php?rest_route=%2Fwp%2Fv2%2Fproduct_cat&post=33671"},{"taxonomy":"product_tag","embeddable":true,"href":"https:\/\/www.autonvaraosahaku.fi\/index.php?rest_route=%2Fwp%2Fv2%2Fproduct_tag&post=33671"}],"curies":[{"name":"wp","href":"https:\/\/api.w.org\/{rel}","templated":true}]}}