{"id":33682,"date":"2021-02-21T16:18:25","date_gmt":"2021-02-21T16:18:25","guid":{"rendered":"https:\/\/www.autonvaraosahaku.fi\/?product=autofren-seinsa-d4359-jarrusatula-korjaussarja"},"modified":"2021-02-21T16:18:26","modified_gmt":"2021-02-21T16:18:26","slug":"autofren-seinsa-d4359-jarrusatula-korjaussarja","status":"publish","type":"product","link":"https:\/\/www.autonvaraosahaku.fi\/?product=autofren-seinsa-d4359-jarrusatula-korjaussarja","title":{"rendered":"AUTOFREN SEINSA D4359 Jarrusatula korjaussarja"},"content":{"rendered":"<p>Asennuspuoli: Etuakseli; L\u00e4pimitta [mm]: 54; Jarruj\u00e4rjestelm\u00e4: ATE; Erittely: MAIN PARTS; OE-numerolle: 0K2403324Z; Jarrulevyn paksuus (mm): 22; VW: PASSAT Variant 3A5, 35I,PASSAT 3A2, 35I,VENTO 1H2; AUDI: A3 8L1,80 89, 89Q, 8A, B3,100 44, 44Q, C3,COUPE 89, 8B,90 89, 89Q, 8A, B3,100 Avant 44, 44Q, C3,90 81, 85, B2,SUPER 90; SKODA: OCTAVIA Combi 1U5,OCTAVIA 1U2; BMW: 3 Compact E36,3 E36,3 E30,3 Coupe E36,Z3 E36,3 Cabriolet E30,3 Cabriolet E36,5 E28,Z3 Coupe E36; KIA: SHUMA II FB,SHUMA FB,SEPHIA Stufenheck FA,SEPHIA FA,SEPHIA FB; VOLVO: 480 E,440 K 445,460 L 464; OPEL: OMEGA A 16_, 17_, 19_,VECTRA A 86_, 87_,VECTRA A CC 88_, 89_,OMEGA A Caravan 66_, 67_; FORD: PUMA EC_,FIESTA I GFBT,SIERRA Schr\u00e4gheck GBC,ESCORT III GAA,ESCORT III Cabriolet ALD,SIERRA Kombi BNC,ORION II AFF,ESCORT III Kombi AWA,ORION I AFD; FIAT: BARCHETTA 183,BRAVO I 182,BRAVA 182,MAREA Weekend 185,MAREA 185; ALFA ROMEO: 156 Sportwagon 932,156 932,145 930,146 930; 0K2403324Z, 92835142700; Korjaussarja, Jarrusatula<\/p>\n","protected":false},"excerpt":{"rendered":"<p>AUTOFREN SEINSA Jarrusatula Korjaussarja D4359 Korjaussarja, Jarrusatula VW,AUDI,SKODA,PASSAT Variant 3A5, 35I,PASSAT 3A2, 35I,VENTO 1H2,A3 8L1<\/p>\n","protected":false},"featured_media":0,"template":"","meta":{"site-sidebar-layout":"default","site-content-layout":"default","ast-global-header-display":"","ast-main-header-display":"","ast-hfb-above-header-display":"","ast-hfb-below-header-display":"","ast-hfb-mobile-header-display":"","site-post-title":"","ast-breadcrumbs-content":"","ast-featured-img":"","footer-sml-layout":"","theme-transparent-header-meta":"","adv-header-id-meta":"","stick-header-meta":"","header-above-stick-meta":"","header-main-stick-meta":"","header-below-stick-meta":""},"pwb-brand":[243],"product_cat":[57],"product_tag":[],"class_list":{"0":"post-33682","1":"product","2":"type-product","3":"status-publish","5":"pwb-brand-autofren-seinsa","6":"product_cat-jarrusatula-korjaussarja","7":"desktop-align-left","8":"tablet-align-left","9":"mobile-align-left","11":"first","12":"instock","13":"product-type-external"},"brands":[{"id":243,"name":"AUTOFREN SEINSA","slug":"autofren-seinsa"}],"_links":{"self":[{"href":"https:\/\/www.autonvaraosahaku.fi\/index.php?rest_route=\/wp\/v2\/product\/33682","targetHints":{"allow":["GET"]}}],"collection":[{"href":"https:\/\/www.autonvaraosahaku.fi\/index.php?rest_route=\/wp\/v2\/product"}],"about":[{"href":"https:\/\/www.autonvaraosahaku.fi\/index.php?rest_route=\/wp\/v2\/types\/product"}],"wp:attachment":[{"href":"https:\/\/www.autonvaraosahaku.fi\/index.php?rest_route=%2Fwp%2Fv2%2Fmedia&parent=33682"}],"wp:term":[{"taxonomy":"pwb-brand","embeddable":true,"href":"https:\/\/www.autonvaraosahaku.fi\/index.php?rest_route=%2Fwp%2Fv2%2Fpwb-brand&post=33682"},{"taxonomy":"product_cat","embeddable":true,"href":"https:\/\/www.autonvaraosahaku.fi\/index.php?rest_route=%2Fwp%2Fv2%2Fproduct_cat&post=33682"},{"taxonomy":"product_tag","embeddable":true,"href":"https:\/\/www.autonvaraosahaku.fi\/index.php?rest_route=%2Fwp%2Fv2%2Fproduct_tag&post=33682"}],"curies":[{"name":"wp","href":"https:\/\/api.w.org\/{rel}","templated":true}]}}