{"id":33710,"date":"2021-02-21T16:18:30","date_gmt":"2021-02-21T16:18:30","guid":{"rendered":"https:\/\/www.autonvaraosahaku.fi\/?product=hella-8an-355-785-141-jarrusatula"},"modified":"2021-02-21T16:18:32","modified_gmt":"2021-02-21T16:18:32","slug":"hella-8an-355-785-141-jarrusatula","status":"publish","type":"product","link":"https:\/\/www.autonvaraosahaku.fi\/?product=hella-8an-355-785-141-jarrusatula","title":{"rendered":"HELLA 8AN 355 785-141 Jarrusatula"},"content":{"rendered":"<p>Reik\u00e4-\u00d8 [mm]: 42; Jarrusatulatyyppi: Jarrusatula; Materiaali: Harmaa valurauta; Lis\u00e4tarvike\/lis\u00e4tieto: Ilman pidikett\u00e4; Jarruj\u00e4rjestelm\u00e4: ATE; parilliset tuotenumerot: 8AN 355 785-131; Rungonpalautus vapaaehtoinen: ; Pantiton uusi osa: , ; Teknisten tietojen numero: AN8514; Asennuspuoli: Hinterachse; BMW: 3 Touring E91,3 E90,1 E87,X1 E84,1 E81,3 Coupe E92,3 Cabriolet E93,1 Cabriolet E88,1 Coupe E82; 34216768698<\/p>\n","protected":false},"excerpt":{"rendered":"<p>HELLA Jarrusatula 8AN 355 785-141  BMW,3 Touring E91,3 E90,1 E87,X1 E84,1 E81,3 Coupe E92,3 Cabriolet E93,1 Cabriolet E88,1 Coupe E82<\/p>\n","protected":false},"featured_media":0,"template":"","meta":{"site-sidebar-layout":"default","site-content-layout":"default","ast-global-header-display":"","ast-main-header-display":"","ast-hfb-above-header-display":"","ast-hfb-below-header-display":"","ast-hfb-mobile-header-display":"","site-post-title":"","ast-breadcrumbs-content":"","ast-featured-img":"","footer-sml-layout":"","theme-transparent-header-meta":"","adv-header-id-meta":"","stick-header-meta":"","header-above-stick-meta":"","header-main-stick-meta":"","header-below-stick-meta":""},"pwb-brand":[24],"product_cat":[177],"product_tag":[],"class_list":{"0":"post-33710","1":"product","2":"type-product","3":"status-publish","5":"pwb-brand-hella","6":"product_cat-jarrusatula","7":"desktop-align-left","8":"tablet-align-left","9":"mobile-align-left","11":"first","12":"instock","13":"product-type-external"},"brands":[{"id":24,"name":"HELLA","slug":"hella"}],"_links":{"self":[{"href":"https:\/\/www.autonvaraosahaku.fi\/index.php?rest_route=\/wp\/v2\/product\/33710","targetHints":{"allow":["GET"]}}],"collection":[{"href":"https:\/\/www.autonvaraosahaku.fi\/index.php?rest_route=\/wp\/v2\/product"}],"about":[{"href":"https:\/\/www.autonvaraosahaku.fi\/index.php?rest_route=\/wp\/v2\/types\/product"}],"wp:attachment":[{"href":"https:\/\/www.autonvaraosahaku.fi\/index.php?rest_route=%2Fwp%2Fv2%2Fmedia&parent=33710"}],"wp:term":[{"taxonomy":"pwb-brand","embeddable":true,"href":"https:\/\/www.autonvaraosahaku.fi\/index.php?rest_route=%2Fwp%2Fv2%2Fpwb-brand&post=33710"},{"taxonomy":"product_cat","embeddable":true,"href":"https:\/\/www.autonvaraosahaku.fi\/index.php?rest_route=%2Fwp%2Fv2%2Fproduct_cat&post=33710"},{"taxonomy":"product_tag","embeddable":true,"href":"https:\/\/www.autonvaraosahaku.fi\/index.php?rest_route=%2Fwp%2Fv2%2Fproduct_tag&post=33710"}],"curies":[{"name":"wp","href":"https:\/\/api.w.org\/{rel}","templated":true}]}}