{"id":33771,"date":"2021-02-21T16:18:44","date_gmt":"2021-02-21T16:18:44","guid":{"rendered":"https:\/\/www.autonvaraosahaku.fi\/?product=dt-1-52077-pyyhkijansulat"},"modified":"2021-02-21T16:18:47","modified_gmt":"2021-02-21T16:18:47","slug":"dt-1-52077-pyyhkijansulat","status":"publish","type":"product","link":"https:\/\/www.autonvaraosahaku.fi\/?product=dt-1-52077-pyyhkijansulat","title":{"rendered":"DT 1.52077 Pyyhkij\u00e4nsulat"},"content":{"rendered":"<p>Paino [g]: 236; MERCEDES-BENZ: ACTROS,ACTROS MP2 \/ MP3,MK,NG,O 302,O 305,O 307; VOLVO: FL10,FL12,FL7; SCANIA: 4 &#8211; series,P,G,R,T &#8211; series; RENAULT TRUCKS: KERAX,MAGNUM,PREMIUM,PREMIUM 2; NEOPLAN: Cityliner,Skyliner,Spaceliner; MAN: SD,SG,SL,SR,S\u00dc,TGA,TGL,TGM,TGS,TGX; Tuulilasinpyyhkimet,Pyyhkij\u00e4t,Pyyhkij\u00e4nsulka<\/p>\n","protected":false},"excerpt":{"rendered":"<p>DT Pyyhkij\u00e4nsulat 1.52077 Tuulilasinpyyhkimet,Pyyhkij\u00e4t MERCEDES-BENZ,VOLVO,SCANIA,ACTROS,ACTROS MP2 \/ MP3,MK,NG,O 302,O 305,O 307,FL10,FL12,FL7<\/p>\n","protected":false},"featured_media":0,"template":"","meta":{"site-sidebar-layout":"default","site-content-layout":"default","ast-global-header-display":"","ast-main-header-display":"","ast-hfb-above-header-display":"","ast-hfb-below-header-display":"","ast-hfb-mobile-header-display":"","site-post-title":"","ast-breadcrumbs-content":"","ast-featured-img":"","footer-sml-layout":"","theme-transparent-header-meta":"","adv-header-id-meta":"","stick-header-meta":"","header-above-stick-meta":"","header-main-stick-meta":"","header-below-stick-meta":""},"pwb-brand":[75],"product_cat":[33],"product_tag":[],"class_list":{"0":"post-33771","1":"product","2":"type-product","3":"status-publish","5":"pwb-brand-dt","6":"product_cat-pyyhkijansulat","7":"desktop-align-left","8":"tablet-align-left","9":"mobile-align-left","11":"first","12":"instock","13":"product-type-external"},"brands":[{"id":75,"name":"DT","slug":"dt"}],"_links":{"self":[{"href":"https:\/\/www.autonvaraosahaku.fi\/index.php?rest_route=\/wp\/v2\/product\/33771","targetHints":{"allow":["GET"]}}],"collection":[{"href":"https:\/\/www.autonvaraosahaku.fi\/index.php?rest_route=\/wp\/v2\/product"}],"about":[{"href":"https:\/\/www.autonvaraosahaku.fi\/index.php?rest_route=\/wp\/v2\/types\/product"}],"wp:attachment":[{"href":"https:\/\/www.autonvaraosahaku.fi\/index.php?rest_route=%2Fwp%2Fv2%2Fmedia&parent=33771"}],"wp:term":[{"taxonomy":"pwb-brand","embeddable":true,"href":"https:\/\/www.autonvaraosahaku.fi\/index.php?rest_route=%2Fwp%2Fv2%2Fpwb-brand&post=33771"},{"taxonomy":"product_cat","embeddable":true,"href":"https:\/\/www.autonvaraosahaku.fi\/index.php?rest_route=%2Fwp%2Fv2%2Fproduct_cat&post=33771"},{"taxonomy":"product_tag","embeddable":true,"href":"https:\/\/www.autonvaraosahaku.fi\/index.php?rest_route=%2Fwp%2Fv2%2Fproduct_tag&post=33771"}],"curies":[{"name":"wp","href":"https:\/\/api.w.org\/{rel}","templated":true}]}}