{"id":33784,"date":"2021-02-21T16:18:49","date_gmt":"2021-02-21T16:18:49","guid":{"rendered":"https:\/\/www.autonvaraosahaku.fi\/?product=mahle-original-abr-34-000p-lammityslaitteen-puhaltimen-vastus"},"modified":"2021-02-21T16:18:50","modified_gmt":"2021-02-21T16:18:50","slug":"mahle-original-abr-34-000p-lammityslaitteen-puhaltimen-vastus","status":"publish","type":"product","link":"https:\/\/www.autonvaraosahaku.fi\/?product=mahle-original-abr-34-000p-lammityslaitteen-puhaltimen-vastus","title":{"rendered":"MAHLE ORIGINAL ABR 34 000P L\u00e4mmityslaitteen puhaltimen vastus"},"content":{"rendered":"<p>Versio: produced by BEHR; BMW: 5 E60,5 Touring E61,6 E63,6 Cabriolet E64; 67326922058, 67326932438, 67326937774, 67326948422, 67326988452, 67636988452, 6922058, 6932438, 6937774, 6948422, 6988452<\/p>\n","protected":false},"excerpt":{"rendered":"<p>MAHLE ORIGINAL S\u00e4\u00e4din, Sis\u00e4valaistus ABR 34 000P  BMW,5 E60,5 Touring E61,6 E63,6 Cabriolet E64<\/p>\n","protected":false},"featured_media":0,"template":"","meta":{"site-sidebar-layout":"default","site-content-layout":"default","ast-global-header-display":"","ast-main-header-display":"","ast-hfb-above-header-display":"","ast-hfb-below-header-display":"","ast-hfb-mobile-header-display":"","site-post-title":"","ast-breadcrumbs-content":"","ast-featured-img":"","footer-sml-layout":"","theme-transparent-header-meta":"","adv-header-id-meta":"","stick-header-meta":"","header-above-stick-meta":"","header-main-stick-meta":"","header-below-stick-meta":""},"pwb-brand":[153],"product_cat":[134],"product_tag":[],"class_list":{"0":"post-33784","1":"product","2":"type-product","3":"status-publish","5":"pwb-brand-mahle-original","6":"product_cat-lammityslaitteen-puhaltimen-vastus","7":"desktop-align-left","8":"tablet-align-left","9":"mobile-align-left","11":"first","12":"instock","13":"product-type-external"},"brands":[{"id":153,"name":"MAHLE ORIGINAL","slug":"mahle-original"}],"_links":{"self":[{"href":"https:\/\/www.autonvaraosahaku.fi\/index.php?rest_route=\/wp\/v2\/product\/33784","targetHints":{"allow":["GET"]}}],"collection":[{"href":"https:\/\/www.autonvaraosahaku.fi\/index.php?rest_route=\/wp\/v2\/product"}],"about":[{"href":"https:\/\/www.autonvaraosahaku.fi\/index.php?rest_route=\/wp\/v2\/types\/product"}],"wp:attachment":[{"href":"https:\/\/www.autonvaraosahaku.fi\/index.php?rest_route=%2Fwp%2Fv2%2Fmedia&parent=33784"}],"wp:term":[{"taxonomy":"pwb-brand","embeddable":true,"href":"https:\/\/www.autonvaraosahaku.fi\/index.php?rest_route=%2Fwp%2Fv2%2Fpwb-brand&post=33784"},{"taxonomy":"product_cat","embeddable":true,"href":"https:\/\/www.autonvaraosahaku.fi\/index.php?rest_route=%2Fwp%2Fv2%2Fproduct_cat&post=33784"},{"taxonomy":"product_tag","embeddable":true,"href":"https:\/\/www.autonvaraosahaku.fi\/index.php?rest_route=%2Fwp%2Fv2%2Fproduct_tag&post=33784"}],"curies":[{"name":"wp","href":"https:\/\/api.w.org\/{rel}","templated":true}]}}