{"id":33807,"date":"2021-02-21T16:18:54","date_gmt":"2021-02-21T16:18:54","guid":{"rendered":"https:\/\/www.autonvaraosahaku.fi\/?product=metzger-6490207-jousijalan-tukilaakeri"},"modified":"2021-02-21T16:18:55","modified_gmt":"2021-02-21T16:18:55","slug":"metzger-6490207-jousijalan-tukilaakeri","status":"publish","type":"product","link":"https:\/\/www.autonvaraosahaku.fi\/?product=metzger-6490207-jousijalan-tukilaakeri","title":{"rendered":"METZGER 6490207 Jousijalan tukilaakeri"},"content":{"rendered":"<p>Asennuspuoli: etuakseli molemminpuoleinen; Kiinnitysmalli: Kumimetallilaakeri; Korvaava tuote\/korvaava tiedote 2: Vierint\u00e4laakerilla, mutterilla; Lis\u00e4tarvike\/lis\u00e4tieto: Jousilautasella; Lukum\u00e4\u00e4r\u00e4 akselille: 2; Valmistusvuosi alkaen: 09\/2010; CITRO\u00cbN: C4 II B7,DS4; PEUGEOT: 308 SW,308 4A_, 4C_,308 CC<\/p>\n","protected":false},"excerpt":{"rendered":"<p>METZGER Korjaussarja, Jousijalan Tukilaakeri 6490207  CITRO\u00cbN,PEUGEOT,C4 II B7,DS4,308 SW,308 4A_, 4C_,308 CC<\/p>\n","protected":false},"featured_media":0,"template":"","meta":{"site-sidebar-layout":"default","site-content-layout":"default","ast-global-header-display":"","ast-main-header-display":"","ast-hfb-above-header-display":"","ast-hfb-below-header-display":"","ast-hfb-mobile-header-display":"","site-post-title":"","ast-breadcrumbs-content":"","ast-featured-img":"","footer-sml-layout":"","theme-transparent-header-meta":"","adv-header-id-meta":"","stick-header-meta":"","header-above-stick-meta":"","header-main-stick-meta":"","header-below-stick-meta":""},"pwb-brand":[69],"product_cat":[45],"product_tag":[],"class_list":{"0":"post-33807","1":"product","2":"type-product","3":"status-publish","5":"pwb-brand-metzger","6":"product_cat-jousijalan-tukilaakeri","7":"desktop-align-left","8":"tablet-align-left","9":"mobile-align-left","11":"first","12":"instock","13":"product-type-external"},"brands":[{"id":69,"name":"METZGER","slug":"metzger"}],"_links":{"self":[{"href":"https:\/\/www.autonvaraosahaku.fi\/index.php?rest_route=\/wp\/v2\/product\/33807","targetHints":{"allow":["GET"]}}],"collection":[{"href":"https:\/\/www.autonvaraosahaku.fi\/index.php?rest_route=\/wp\/v2\/product"}],"about":[{"href":"https:\/\/www.autonvaraosahaku.fi\/index.php?rest_route=\/wp\/v2\/types\/product"}],"wp:attachment":[{"href":"https:\/\/www.autonvaraosahaku.fi\/index.php?rest_route=%2Fwp%2Fv2%2Fmedia&parent=33807"}],"wp:term":[{"taxonomy":"pwb-brand","embeddable":true,"href":"https:\/\/www.autonvaraosahaku.fi\/index.php?rest_route=%2Fwp%2Fv2%2Fpwb-brand&post=33807"},{"taxonomy":"product_cat","embeddable":true,"href":"https:\/\/www.autonvaraosahaku.fi\/index.php?rest_route=%2Fwp%2Fv2%2Fproduct_cat&post=33807"},{"taxonomy":"product_tag","embeddable":true,"href":"https:\/\/www.autonvaraosahaku.fi\/index.php?rest_route=%2Fwp%2Fv2%2Fproduct_tag&post=33807"}],"curies":[{"name":"wp","href":"https:\/\/api.w.org\/{rel}","templated":true}]}}