{"id":33843,"date":"2021-02-21T16:19:03","date_gmt":"2021-02-21T16:19:03","guid":{"rendered":"https:\/\/www.autonvaraosahaku.fi\/?product=dakatec-300074-jouset"},"modified":"2021-02-21T16:19:04","modified_gmt":"2021-02-21T16:19:04","slug":"dakatec-300074-jouset","status":"publish","type":"product","link":"https:\/\/www.autonvaraosahaku.fi\/?product=dakatec-300074-jouset","title":{"rendered":"DAKAtec 300074 Jouset"},"content":{"rendered":"<p>Asennuspuoli: Taka-akseli; Jousimalli: Kierrejousi; Pituus (mm): 338,0; Paksuus [mm]: 11,0; L\u00e4pimitta [mm]: 114,0; Kierroslukum\u00e4\u00e4r\u00e4: 6,8; Paino [g]: 1750; CITRO\u00cbN: C4 I LC_,C4 Coupe LA_,C4 II B7,DS4,C4 Stufenheck L; 5102CC, 5102F4, 5102F5, 5102W2, 5102Z3; Kierrejousi<\/p>\n","protected":false},"excerpt":{"rendered":"<p>DAKAtec Jousi 300074 Kierrejousi CITRO\u00cbN,C4 I LC_,C4 Coupe LA_,C4 II B7,DS4,C4 Stufenheck L<\/p>\n","protected":false},"featured_media":0,"template":"","meta":{"site-sidebar-layout":"default","site-content-layout":"default","ast-global-header-display":"","ast-main-header-display":"","ast-hfb-above-header-display":"","ast-hfb-below-header-display":"","ast-hfb-mobile-header-display":"","site-post-title":"","ast-breadcrumbs-content":"","ast-featured-img":"","footer-sml-layout":"","theme-transparent-header-meta":"","adv-header-id-meta":"","stick-header-meta":"","header-above-stick-meta":"","header-main-stick-meta":"","header-below-stick-meta":""},"pwb-brand":[283],"product_cat":[171],"product_tag":[],"class_list":{"0":"post-33843","1":"product","2":"type-product","3":"status-publish","5":"pwb-brand-dakatec","6":"product_cat-jouset","7":"desktop-align-left","8":"tablet-align-left","9":"mobile-align-left","11":"first","12":"instock","13":"product-type-external"},"brands":[{"id":283,"name":"DAKAtec","slug":"dakatec"}],"_links":{"self":[{"href":"https:\/\/www.autonvaraosahaku.fi\/index.php?rest_route=\/wp\/v2\/product\/33843","targetHints":{"allow":["GET"]}}],"collection":[{"href":"https:\/\/www.autonvaraosahaku.fi\/index.php?rest_route=\/wp\/v2\/product"}],"about":[{"href":"https:\/\/www.autonvaraosahaku.fi\/index.php?rest_route=\/wp\/v2\/types\/product"}],"wp:attachment":[{"href":"https:\/\/www.autonvaraosahaku.fi\/index.php?rest_route=%2Fwp%2Fv2%2Fmedia&parent=33843"}],"wp:term":[{"taxonomy":"pwb-brand","embeddable":true,"href":"https:\/\/www.autonvaraosahaku.fi\/index.php?rest_route=%2Fwp%2Fv2%2Fpwb-brand&post=33843"},{"taxonomy":"product_cat","embeddable":true,"href":"https:\/\/www.autonvaraosahaku.fi\/index.php?rest_route=%2Fwp%2Fv2%2Fproduct_cat&post=33843"},{"taxonomy":"product_tag","embeddable":true,"href":"https:\/\/www.autonvaraosahaku.fi\/index.php?rest_route=%2Fwp%2Fv2%2Fproduct_tag&post=33843"}],"curies":[{"name":"wp","href":"https:\/\/api.w.org\/{rel}","templated":true}]}}