{"id":33891,"date":"2021-02-21T16:19:13","date_gmt":"2021-02-21T16:19:13","guid":{"rendered":"https:\/\/www.autonvaraosahaku.fi\/?product=topran-622-254-lampotila-anturi"},"modified":"2021-02-21T16:19:15","modified_gmt":"2021-02-21T16:19:15","slug":"topran-622-254-lampotila-anturi","status":"publish","type":"product","link":"https:\/\/www.autonvaraosahaku.fi\/?product=topran-622-254-lampotila-anturi","title":{"rendered":"TOPRAN 622 254 L\u00e4mp\u00f6tila-anturi"},"content":{"rendered":"<p>Napojen m\u00e4\u00e4r\u00e4: 2; Pistokkeen kotelon muoto: D-muoto; Kotelomateriaali: Muovi, Lasikuitu-muovi, Polyamidi 6.6; Tunnistinmalli: NTC-anturi; Asennusmalli: Liitin; Korvaava tuote\/korvaava tiedote 2: ilman kaapelia; Valmistusp\u00e4iv\u00e4m\u00e4\u00e4r\u00e4st\u00e4: 30.05.2011; VW: POLO 6R, 6C,GOLF VII 5G1, BE1,GOLF VII Kombi BA5,AMAROK 2H_, S1B,JETTA IV 162, 163,GOLF SPORTSVAN AM1,TOURAN,TIGUAN AD1,POLO AW1, BZ1,T-ROC A11,CRAFTER Kasten SY_,ARTEON 3H7,TIGUAN ALLSPACE BW2,CRAFTER Bus SY_,CRAFTER Pritsche\/Fahrgestell SZ_; AUDI: A4 Avant 8K5, B8,A4 8K2, B8,Q5 8R,A5 8T3,A5 Sportback 8TA,A3 Sportback 8VA,Q3 8U,A1 8X1, 8XF,A1 Sportback 8XA, 8XK,A3 Limousine 8VS,A3 8V1,A8 4H_,A4 Avant 8W5, B9,Q7 4M,A4 8W2, B9,TT FV3,A5 Sportback F5A,Q2 GA,TT Roadster FV9,A5 F53,A8 4N2, 4N8; SKODA: OCTAVIA Combi 5E5,YETI 5L,SUPERB Kombi 3T5,SUPERB 3T4,RAPID Spaceback NH1,OCTAVIA 5E3,RAPID NH3,FABIA NJ3,FABIA Kombi NJ5,SUPERB Kombi 3V5,KODIAQ NS7,SUPERB 3V3,KAROQ NU7; SEAT: LEON 5F1,LEON ST 5F8,IBIZA V ST 6J8, 6P8,IBIZA V SPORTCOUPE 6J1, 6P1,TOLEDO IV KG3,ATECA KH7,IBIZA V KJ1,ARONA KJ7; 8Z0820535A, 8Z0820535A, 8Z0820535A, 8Z0820535A<\/p>\n","protected":false},"excerpt":{"rendered":"<p>TOPRAN Tunnistin Ulkoilmal\u00e4mp\u00f6tila 622 254  VW,AUDI,SKODA,POLO 6R, 6C,GOLF VII 5G1, BE1,GOLF VII Kombi BA5,AMAROK 2H_, S1B,JETTA IV 162, 163<\/p>\n","protected":false},"featured_media":0,"template":"","meta":{"site-sidebar-layout":"default","site-content-layout":"default","ast-global-header-display":"","ast-main-header-display":"","ast-hfb-above-header-display":"","ast-hfb-below-header-display":"","ast-hfb-mobile-header-display":"","site-post-title":"","ast-breadcrumbs-content":"","ast-featured-img":"","footer-sml-layout":"","theme-transparent-header-meta":"","adv-header-id-meta":"","stick-header-meta":"","header-above-stick-meta":"","header-main-stick-meta":"","header-below-stick-meta":""},"pwb-brand":[18],"product_cat":[47],"product_tag":[],"class_list":{"0":"post-33891","1":"product","2":"type-product","3":"status-publish","5":"pwb-brand-topran","6":"product_cat-lampotila-anturi","7":"desktop-align-left","8":"tablet-align-left","9":"mobile-align-left","11":"first","12":"instock","13":"product-type-external"},"brands":[{"id":18,"name":"TOPRAN","slug":"topran"}],"_links":{"self":[{"href":"https:\/\/www.autonvaraosahaku.fi\/index.php?rest_route=\/wp\/v2\/product\/33891","targetHints":{"allow":["GET"]}}],"collection":[{"href":"https:\/\/www.autonvaraosahaku.fi\/index.php?rest_route=\/wp\/v2\/product"}],"about":[{"href":"https:\/\/www.autonvaraosahaku.fi\/index.php?rest_route=\/wp\/v2\/types\/product"}],"wp:attachment":[{"href":"https:\/\/www.autonvaraosahaku.fi\/index.php?rest_route=%2Fwp%2Fv2%2Fmedia&parent=33891"}],"wp:term":[{"taxonomy":"pwb-brand","embeddable":true,"href":"https:\/\/www.autonvaraosahaku.fi\/index.php?rest_route=%2Fwp%2Fv2%2Fpwb-brand&post=33891"},{"taxonomy":"product_cat","embeddable":true,"href":"https:\/\/www.autonvaraosahaku.fi\/index.php?rest_route=%2Fwp%2Fv2%2Fproduct_cat&post=33891"},{"taxonomy":"product_tag","embeddable":true,"href":"https:\/\/www.autonvaraosahaku.fi\/index.php?rest_route=%2Fwp%2Fv2%2Fproduct_tag&post=33891"}],"curies":[{"name":"wp","href":"https:\/\/api.w.org\/{rel}","templated":true}]}}