{"id":33949,"date":"2021-02-21T16:19:27","date_gmt":"2021-02-21T16:19:27","guid":{"rendered":"https:\/\/www.autonvaraosahaku.fi\/?product=ridex-3938e0058-anturit-sensorit"},"modified":"2021-02-21T16:19:29","modified_gmt":"2021-02-21T16:19:29","slug":"ridex-3938e0058-anturit-sensorit","status":"publish","type":"product","link":"https:\/\/www.autonvaraosahaku.fi\/?product=ridex-3938e0058-anturit-sensorit","title":{"rendered":"RIDEX 3938E0058 Anturit (sensorit)"},"content":{"rendered":"<p>Muoto: L-muoto; Napojen m\u00e4\u00e4r\u00e4: 2; Pistokkeen kotelon muoto: D-muoto; Liittimen v\u00e4ri: Musta; Kaapelinmitta (mm): 500; Moottorinumero: BMK; AUDI: A6 Avant 4F5, C6,A6 4F2, C6,Q7 4L,A8 4E_,A6 Allroad 4FH, C6; 038906088D, 038906088D, 038906088D, 038906088D<\/p>\n","protected":false},"excerpt":{"rendered":"<p>RIDEX Tunnistin Pakokaasul\u00e4mp\u00f6tila 3938E0058  AUDI,A6 Avant 4F5, C6,A6 4F2, C6,Q7 4L,A8 4E_,A6 Allroad 4FH, C6<\/p>\n","protected":false},"featured_media":0,"template":"","meta":{"site-sidebar-layout":"default","site-content-layout":"default","ast-global-header-display":"","ast-main-header-display":"","ast-hfb-above-header-display":"","ast-hfb-below-header-display":"","ast-hfb-mobile-header-display":"","site-post-title":"","ast-breadcrumbs-content":"","ast-featured-img":"","footer-sml-layout":"","theme-transparent-header-meta":"","adv-header-id-meta":"","stick-header-meta":"","header-above-stick-meta":"","header-main-stick-meta":"","header-below-stick-meta":""},"pwb-brand":[157],"product_cat":[98],"product_tag":[],"class_list":{"0":"post-33949","1":"product","2":"type-product","3":"status-publish","5":"pwb-brand-ridex","6":"product_cat-anturit-sensorit","7":"desktop-align-left","8":"tablet-align-left","9":"mobile-align-left","11":"first","12":"instock","13":"product-type-external"},"brands":[{"id":157,"name":"RIDEX","slug":"ridex"}],"_links":{"self":[{"href":"https:\/\/www.autonvaraosahaku.fi\/index.php?rest_route=\/wp\/v2\/product\/33949","targetHints":{"allow":["GET"]}}],"collection":[{"href":"https:\/\/www.autonvaraosahaku.fi\/index.php?rest_route=\/wp\/v2\/product"}],"about":[{"href":"https:\/\/www.autonvaraosahaku.fi\/index.php?rest_route=\/wp\/v2\/types\/product"}],"wp:attachment":[{"href":"https:\/\/www.autonvaraosahaku.fi\/index.php?rest_route=%2Fwp%2Fv2%2Fmedia&parent=33949"}],"wp:term":[{"taxonomy":"pwb-brand","embeddable":true,"href":"https:\/\/www.autonvaraosahaku.fi\/index.php?rest_route=%2Fwp%2Fv2%2Fpwb-brand&post=33949"},{"taxonomy":"product_cat","embeddable":true,"href":"https:\/\/www.autonvaraosahaku.fi\/index.php?rest_route=%2Fwp%2Fv2%2Fproduct_cat&post=33949"},{"taxonomy":"product_tag","embeddable":true,"href":"https:\/\/www.autonvaraosahaku.fi\/index.php?rest_route=%2Fwp%2Fv2%2Fproduct_tag&post=33949"}],"curies":[{"name":"wp","href":"https:\/\/api.w.org\/{rel}","templated":true}]}}