{"id":33968,"date":"2021-02-21T16:19:32","date_gmt":"2021-02-21T16:19:32","guid":{"rendered":"https:\/\/www.autonvaraosahaku.fi\/?product=triscan-8540-29412-abs-keha"},"modified":"2021-02-21T16:19:34","modified_gmt":"2021-02-21T16:19:34","slug":"triscan-8540-29412-abs-keha","status":"publish","type":"product","link":"https:\/\/www.autonvaraosahaku.fi\/?product=triscan-8540-29412-abs-keha","title":{"rendered":"TRISCAN 8540 29412 ABS keh\u00e4"},"content":{"rendered":"<p>Sis\u00e4l\u00e4pimitta [mm]: 71,95; Leveys (mm): 7; Ulkol\u00e4pimitta [mm]: 78,2; Korvaava tuote\/korvaava tiedote 2: sis\u00e4\u00e4nrakennetulla magneetti sensorirenkaalla; Napojen m\u00e4\u00e4r\u00e4: 86; tuotenumerolle: 8530 29229; Asennuspuoli: Hinterachse beidseitig; VW: GOLF V 1K1,GOLF VI 5K1,GOLF PLUS 5M1, 521,GOLF VII 5G1, BE1,GOLF V Variant 1K5,GOLF VII Kombi BA5,GOLF VI Cabriolet 517,BEETLE 5C1,JETTA IV 162, 163,BEETLE Cabriolet 5C7,GOLF SPORTSVAN AM1; AUDI: A3 8P1,A3 Sportback 8PA,A3 Sportback 8VA,A3 Limousine 8VS,A3 8V1,A3 Cabriolet 8P7,A3 Cabriolet 8V7; SKODA: OCTAVIA Combi 5E5,OCTAVIA 5E3; SEAT: LEON 1P1,ALTEA 5P1,LEON 5F1,ALTEA XL 5P5, 5P8,LEON ST 5F8,LEON SC 5F5; ABS Hammaskeh\u00e4,ABS Rengas,Anturirengas, ABS<\/p>\n","protected":false},"excerpt":{"rendered":"<p>TRISCAN ABS Keh\u00e4 8540 29412 ABS Hammaskeh\u00e4,ABS Rengas VW,AUDI,SKODA,GOLF V 1K1,GOLF VI 5K1,GOLF PLUS 5M1, 521,GOLF VII 5G1, BE1,GOLF V Variant 1K5<\/p>\n","protected":false},"featured_media":0,"template":"","meta":{"site-sidebar-layout":"default","site-content-layout":"default","ast-global-header-display":"","ast-main-header-display":"","ast-hfb-above-header-display":"","ast-hfb-below-header-display":"","ast-hfb-mobile-header-display":"","site-post-title":"","ast-breadcrumbs-content":"","ast-featured-img":"","footer-sml-layout":"","theme-transparent-header-meta":"","adv-header-id-meta":"","stick-header-meta":"","header-above-stick-meta":"","header-main-stick-meta":"","header-below-stick-meta":""},"pwb-brand":[337],"product_cat":[273],"product_tag":[],"class_list":{"0":"post-33968","1":"product","2":"type-product","3":"status-publish","5":"pwb-brand-triscan","6":"product_cat-abs-keha","7":"desktop-align-left","8":"tablet-align-left","9":"mobile-align-left","11":"first","12":"instock","13":"product-type-external"},"brands":[{"id":337,"name":"TRISCAN","slug":"triscan"}],"_links":{"self":[{"href":"https:\/\/www.autonvaraosahaku.fi\/index.php?rest_route=\/wp\/v2\/product\/33968","targetHints":{"allow":["GET"]}}],"collection":[{"href":"https:\/\/www.autonvaraosahaku.fi\/index.php?rest_route=\/wp\/v2\/product"}],"about":[{"href":"https:\/\/www.autonvaraosahaku.fi\/index.php?rest_route=\/wp\/v2\/types\/product"}],"wp:attachment":[{"href":"https:\/\/www.autonvaraosahaku.fi\/index.php?rest_route=%2Fwp%2Fv2%2Fmedia&parent=33968"}],"wp:term":[{"taxonomy":"pwb-brand","embeddable":true,"href":"https:\/\/www.autonvaraosahaku.fi\/index.php?rest_route=%2Fwp%2Fv2%2Fpwb-brand&post=33968"},{"taxonomy":"product_cat","embeddable":true,"href":"https:\/\/www.autonvaraosahaku.fi\/index.php?rest_route=%2Fwp%2Fv2%2Fproduct_cat&post=33968"},{"taxonomy":"product_tag","embeddable":true,"href":"https:\/\/www.autonvaraosahaku.fi\/index.php?rest_route=%2Fwp%2Fv2%2Fproduct_tag&post=33968"}],"curies":[{"name":"wp","href":"https:\/\/api.w.org\/{rel}","templated":true}]}}