{"id":33987,"date":"2021-02-21T16:19:37","date_gmt":"2021-02-21T16:19:37","guid":{"rendered":"https:\/\/www.autonvaraosahaku.fi\/?product=alanko-10900949-turboahdin"},"modified":"2021-02-21T16:19:39","modified_gmt":"2021-02-21T16:19:39","slug":"alanko-10900949-turboahdin","status":"publish","type":"product","link":"https:\/\/www.autonvaraosahaku.fi\/?product=alanko-10900949-turboahdin","title":{"rendered":"ALANKO 10900949 Turboahdin"},"content":{"rendered":"<p>Ahtotapa: Pakokaasuahdin; Lis\u00e4tarvike\/lis\u00e4tieto: sis. tiivistesarjan; M\u00e4\u00e4r\u00e4yksikk\u00f6: Kappale; Uusi osa: ; CITRO\u00cbN: C4 Grand Picasso I UA_,C4 I LC_,DS3,C4 Coupe LA_; PEUGEOT: 207 WA_, WC_,207 CC WD_,308 SW,308 4A_, 4C_,3008,RCZ,308 CC; 0375L0, 0375N7, 0375R9, 0375T5, 375R9, 375T5, 754667580, 756494480, 758078980, V754667580, V75466758005, V756494480, V75649448002, V758078980, V75807898001, 0375L0, 0375N7, 0375R9, 0375T5, 375R9, 375T5, 754667580, 756494480, 758078980, 9807682180, 9809028780, V754667580, V75466758005, V756494480, V75649448002, V758078980, V75807898001, V760088380, V76008838001, V762045580<\/p>\n","protected":false},"excerpt":{"rendered":"<p>ALANKO Turboahdin 10900949  CITRO\u00cbN,PEUGEOT,C4 Grand Picasso I UA_,C4 I LC_,DS3,C4 Coupe LA_,207 WA_, WC_,207 CC WD_,308 SW,308 4A_, 4C_,3008,RCZ<\/p>\n","protected":false},"featured_media":0,"template":"","meta":{"site-sidebar-layout":"default","site-content-layout":"default","ast-global-header-display":"","ast-main-header-display":"","ast-hfb-above-header-display":"","ast-hfb-below-header-display":"","ast-hfb-mobile-header-display":"","site-post-title":"","ast-breadcrumbs-content":"","ast-featured-img":"","footer-sml-layout":"","theme-transparent-header-meta":"","adv-header-id-meta":"","stick-header-meta":"","header-above-stick-meta":"","header-main-stick-meta":"","header-below-stick-meta":""},"pwb-brand":[324],"product_cat":[250],"product_tag":[],"class_list":{"0":"post-33987","1":"product","2":"type-product","3":"status-publish","5":"pwb-brand-alanko","6":"product_cat-turboahdin","7":"desktop-align-left","8":"tablet-align-left","9":"mobile-align-left","11":"first","12":"instock","13":"product-type-external"},"brands":[{"id":324,"name":"ALANKO","slug":"alanko"}],"_links":{"self":[{"href":"https:\/\/www.autonvaraosahaku.fi\/index.php?rest_route=\/wp\/v2\/product\/33987","targetHints":{"allow":["GET"]}}],"collection":[{"href":"https:\/\/www.autonvaraosahaku.fi\/index.php?rest_route=\/wp\/v2\/product"}],"about":[{"href":"https:\/\/www.autonvaraosahaku.fi\/index.php?rest_route=\/wp\/v2\/types\/product"}],"wp:attachment":[{"href":"https:\/\/www.autonvaraosahaku.fi\/index.php?rest_route=%2Fwp%2Fv2%2Fmedia&parent=33987"}],"wp:term":[{"taxonomy":"pwb-brand","embeddable":true,"href":"https:\/\/www.autonvaraosahaku.fi\/index.php?rest_route=%2Fwp%2Fv2%2Fpwb-brand&post=33987"},{"taxonomy":"product_cat","embeddable":true,"href":"https:\/\/www.autonvaraosahaku.fi\/index.php?rest_route=%2Fwp%2Fv2%2Fproduct_cat&post=33987"},{"taxonomy":"product_tag","embeddable":true,"href":"https:\/\/www.autonvaraosahaku.fi\/index.php?rest_route=%2Fwp%2Fv2%2Fproduct_tag&post=33987"}],"curies":[{"name":"wp","href":"https:\/\/api.w.org\/{rel}","templated":true}]}}