{"id":34005,"date":"2021-02-21T16:19:42","date_gmt":"2021-02-21T16:19:42","guid":{"rendered":"https:\/\/www.autonvaraosahaku.fi\/?product=maxgear-28-0377-paisuntasailion-korkki"},"modified":"2021-02-21T16:19:43","modified_gmt":"2021-02-21T16:19:43","slug":"maxgear-28-0377-paisuntasailion-korkki","status":"publish","type":"product","link":"https:\/\/www.autonvaraosahaku.fi\/?product=maxgear-28-0377-paisuntasailion-korkki","title":{"rendered":"MAXGEAR 28-0377 Paisuntas\u00e4ili\u00f6n korkki"},"content":{"rendered":"<p>Valmistusvuosi alkaen: 02\/2011; ABARTH: 500 \/ 595 312_,500C \/ 595C 312_,PUNTO 199_; OPEL: COMBO Kasten\/Kombi X12,COMBO Tour X12; LANCIA: YPSILON 843,DELTA III 844,MUSA 350,THESIS 841AX,YPSILON 312, 846; FORD: KA RU8; FIAT: GRANDE PUNTO 199,PANDA 169,DUCATO Kasten 250,500 312,STILO 192,BRAVO II 198,DUCATO Pritsche\/Fahrgestell 250,PUNTO EVO 199,DUCATO Bus 250,500 C 312,STILO Multi Wagon 192,DOBLO Kasten\/Kombi 263,PANDA Van 169,PUNTO 199,PANDA 141A_,IDEA,PANDA 312,QUBO 225,500L,DOBLO Gro\u00dfraumlimousine 152, 263,FIORINO Kasten\/Kombi 225,LINEA 323,PUNTO Van 199,DOBLO Pritsche\/Fahrgestell 263,PALIO 178BX,SIENA 178_,PANDA VAN 312; CITRO\u00cbN: JUMPER Kasten,NEMO Kasten AA_,JUMPER Bus,JUMPER Pritsche\/Fahrgestell,NEMO Kombi; ALFA ROMEO: GIULIETTA 940,MITO 955; PEUGEOT: BOXER Kasten,BOXER Bus,BOXER Pritsche\/Fahrgestell,BIPPER AA_,BIPPER Tepee; VAUXHALL: COMBO Mk III D Kasten\/Kombi; 46799364; Korkki, Paisuntas\u00e4ili\u00f6<\/p>\n","protected":false},"excerpt":{"rendered":"<p>MAXGEAR Paisuntas\u00e4ili\u00f6n Korkki 28-0377 Korkki, Paisuntas\u00e4ili\u00f6 ABARTH,OPEL,LANCIA,500 \/ 595 312_,500C \/ 595C 312_,PUNTO 199_,COMBO Kasten\/Kombi X12<\/p>\n","protected":false},"featured_media":0,"template":"","meta":{"site-sidebar-layout":"default","site-content-layout":"default","ast-global-header-display":"","ast-main-header-display":"","ast-hfb-above-header-display":"","ast-hfb-below-header-display":"","ast-hfb-mobile-header-display":"","site-post-title":"","ast-breadcrumbs-content":"","ast-featured-img":"","footer-sml-layout":"","theme-transparent-header-meta":"","adv-header-id-meta":"","stick-header-meta":"","header-above-stick-meta":"","header-main-stick-meta":"","header-below-stick-meta":""},"pwb-brand":[48],"product_cat":[99],"product_tag":[],"class_list":{"0":"post-34005","1":"product","2":"type-product","3":"status-publish","5":"pwb-brand-maxgear","6":"product_cat-paisuntasailion-korkki","7":"desktop-align-left","8":"tablet-align-left","9":"mobile-align-left","11":"first","12":"instock","13":"product-type-external"},"brands":[{"id":48,"name":"MAXGEAR","slug":"maxgear"}],"_links":{"self":[{"href":"https:\/\/www.autonvaraosahaku.fi\/index.php?rest_route=\/wp\/v2\/product\/34005","targetHints":{"allow":["GET"]}}],"collection":[{"href":"https:\/\/www.autonvaraosahaku.fi\/index.php?rest_route=\/wp\/v2\/product"}],"about":[{"href":"https:\/\/www.autonvaraosahaku.fi\/index.php?rest_route=\/wp\/v2\/types\/product"}],"wp:attachment":[{"href":"https:\/\/www.autonvaraosahaku.fi\/index.php?rest_route=%2Fwp%2Fv2%2Fmedia&parent=34005"}],"wp:term":[{"taxonomy":"pwb-brand","embeddable":true,"href":"https:\/\/www.autonvaraosahaku.fi\/index.php?rest_route=%2Fwp%2Fv2%2Fpwb-brand&post=34005"},{"taxonomy":"product_cat","embeddable":true,"href":"https:\/\/www.autonvaraosahaku.fi\/index.php?rest_route=%2Fwp%2Fv2%2Fproduct_cat&post=34005"},{"taxonomy":"product_tag","embeddable":true,"href":"https:\/\/www.autonvaraosahaku.fi\/index.php?rest_route=%2Fwp%2Fv2%2Fproduct_tag&post=34005"}],"curies":[{"name":"wp","href":"https:\/\/api.w.org\/{rel}","templated":true}]}}