{"id":34008,"date":"2021-02-21T16:19:42","date_gmt":"2021-02-21T16:19:42","guid":{"rendered":"https:\/\/www.autonvaraosahaku.fi\/?product=maxgear-27-1277-peruutustutka-anturit"},"modified":"2021-02-21T16:19:43","modified_gmt":"2021-02-21T16:19:43","slug":"maxgear-27-1277-peruutustutka-anturit","status":"publish","type":"product","link":"https:\/\/www.autonvaraosahaku.fi\/?product=maxgear-27-1277-peruutustutka-anturit","title":{"rendered":"MAXGEAR 27-1277 Peruutustutka anturit"},"content":{"rendered":"<p>Asennuspuoli: Takana, vorne; Tunnistinmalli: Ultra\u00e4\u00e4nitunnistin; Pinta: Tyhj\u00e4; MERCEDES-BENZ: C-CLASS W203,E-CLASS W211,A-CLASS W168,C-CLASS T-Model S203,E-CLASS T-Model S211,E-CLASS W210,VIANO W639,M-CLASS W164,C-CLASS Coupe CL203,M-CLASS W163,E-CLASS Kombi S210,VITO Bus W639,SLK R171,CLK C209,S-CLASS W220,VITO \/ MIXTO Kasten W639,CLS C219,SL R230,R-CLASS W251, V251,CLK Cabriolet A209,GL-CLASS X164,S-CLASS Coupe C215,INTEGRO (O 550),TRAVEGO (O 580); 0045428718, 0015427418, 0035428718, 0045428718, A0015427418, A0035428718, A0045428718; Tunnistin, Et\u00e4isyystunnistin<\/p>\n","protected":false},"excerpt":{"rendered":"<p>MAXGEAR Peruutustutka Anturit 27-1277 Tunnistin, Et\u00e4isyystunnistin MERCEDES-BENZ,C-CLASS W203,E-CLASS W211,A-CLASS W168,C-CLASS T-Model S203<\/p>\n","protected":false},"featured_media":0,"template":"","meta":{"site-sidebar-layout":"default","site-content-layout":"default","ast-global-header-display":"","ast-main-header-display":"","ast-hfb-above-header-display":"","ast-hfb-below-header-display":"","ast-hfb-mobile-header-display":"","site-post-title":"","ast-breadcrumbs-content":"","ast-featured-img":"","footer-sml-layout":"","theme-transparent-header-meta":"","adv-header-id-meta":"","stick-header-meta":"","header-above-stick-meta":"","header-main-stick-meta":"","header-below-stick-meta":""},"pwb-brand":[48],"product_cat":[217],"product_tag":[],"class_list":{"0":"post-34008","1":"product","2":"type-product","3":"status-publish","5":"pwb-brand-maxgear","6":"product_cat-peruutustutka-anturit","7":"desktop-align-left","8":"tablet-align-left","9":"mobile-align-left","11":"first","12":"instock","13":"product-type-external"},"brands":[{"id":48,"name":"MAXGEAR","slug":"maxgear"}],"_links":{"self":[{"href":"https:\/\/www.autonvaraosahaku.fi\/index.php?rest_route=\/wp\/v2\/product\/34008","targetHints":{"allow":["GET"]}}],"collection":[{"href":"https:\/\/www.autonvaraosahaku.fi\/index.php?rest_route=\/wp\/v2\/product"}],"about":[{"href":"https:\/\/www.autonvaraosahaku.fi\/index.php?rest_route=\/wp\/v2\/types\/product"}],"wp:attachment":[{"href":"https:\/\/www.autonvaraosahaku.fi\/index.php?rest_route=%2Fwp%2Fv2%2Fmedia&parent=34008"}],"wp:term":[{"taxonomy":"pwb-brand","embeddable":true,"href":"https:\/\/www.autonvaraosahaku.fi\/index.php?rest_route=%2Fwp%2Fv2%2Fpwb-brand&post=34008"},{"taxonomy":"product_cat","embeddable":true,"href":"https:\/\/www.autonvaraosahaku.fi\/index.php?rest_route=%2Fwp%2Fv2%2Fproduct_cat&post=34008"},{"taxonomy":"product_tag","embeddable":true,"href":"https:\/\/www.autonvaraosahaku.fi\/index.php?rest_route=%2Fwp%2Fv2%2Fproduct_tag&post=34008"}],"curies":[{"name":"wp","href":"https:\/\/api.w.org\/{rel}","templated":true}]}}