{"id":34011,"date":"2021-02-21T16:19:42","date_gmt":"2021-02-21T16:19:42","guid":{"rendered":"https:\/\/www.autonvaraosahaku.fi\/?product=vemo-v30-92-9980-abs-keha"},"modified":"2021-02-21T16:19:44","modified_gmt":"2021-02-21T16:19:44","slug":"vemo-v30-92-9980-abs-keha","status":"publish","type":"product","link":"https:\/\/www.autonvaraosahaku.fi\/?product=vemo-v30-92-9980-abs-keha","title":{"rendered":"VEMO V30-92-9980 ABS keh\u00e4"},"content":{"rendered":"<p>Leveys (mm): 10; Ulkol\u00e4pimitta [mm]: 73; Sis\u00e4l\u00e4pimitta 1 [mm]: 71,4; Sis\u00e4l\u00e4pimitta 2 [mm]: 52,2; Asennuspuoli: etuakseli molemminpuoleinen; Hammasluku, ABS-keh\u00e4: 96; lis\u00e4tieto: Original VEMO Quality; MERCEDES-BENZ: E-CLASS W211,E-CLASS T-Model S211,E-CLASS W212,E-CLASS T-Model S212,S-CLASS W221,CLS C219,SL R230,CLS C218,S-CLASS Coupe C216,CLS Shooting Brake X218; 0249975747, 0259971647, A0249975747, A0259971647; ABS Hammaskeh\u00e4,ABS Rengas,Anturirengas, ABS<\/p>\n","protected":false},"excerpt":{"rendered":"<p>VEMO ABS Keh\u00e4 V30-92-9980 ABS Hammaskeh\u00e4,ABS Rengas MERCEDES-BENZ,E-CLASS W211,E-CLASS T-Model S211,E-CLASS W212,E-CLASS T-Model S212,S-CLASS W221<\/p>\n","protected":false},"featured_media":0,"template":"","meta":{"site-sidebar-layout":"default","site-content-layout":"default","ast-global-header-display":"","ast-main-header-display":"","ast-hfb-above-header-display":"","ast-hfb-below-header-display":"","ast-hfb-mobile-header-display":"","site-post-title":"","ast-breadcrumbs-content":"","ast-featured-img":"","footer-sml-layout":"","theme-transparent-header-meta":"","adv-header-id-meta":"","stick-header-meta":"","header-above-stick-meta":"","header-main-stick-meta":"","header-below-stick-meta":""},"pwb-brand":[168],"product_cat":[273],"product_tag":[],"class_list":{"0":"post-34011","1":"product","2":"type-product","3":"status-publish","5":"pwb-brand-vemo","6":"product_cat-abs-keha","7":"desktop-align-left","8":"tablet-align-left","9":"mobile-align-left","11":"first","12":"instock","13":"product-type-external"},"brands":[{"id":168,"name":"VEMO","slug":"vemo"}],"_links":{"self":[{"href":"https:\/\/www.autonvaraosahaku.fi\/index.php?rest_route=\/wp\/v2\/product\/34011","targetHints":{"allow":["GET"]}}],"collection":[{"href":"https:\/\/www.autonvaraosahaku.fi\/index.php?rest_route=\/wp\/v2\/product"}],"about":[{"href":"https:\/\/www.autonvaraosahaku.fi\/index.php?rest_route=\/wp\/v2\/types\/product"}],"wp:attachment":[{"href":"https:\/\/www.autonvaraosahaku.fi\/index.php?rest_route=%2Fwp%2Fv2%2Fmedia&parent=34011"}],"wp:term":[{"taxonomy":"pwb-brand","embeddable":true,"href":"https:\/\/www.autonvaraosahaku.fi\/index.php?rest_route=%2Fwp%2Fv2%2Fpwb-brand&post=34011"},{"taxonomy":"product_cat","embeddable":true,"href":"https:\/\/www.autonvaraosahaku.fi\/index.php?rest_route=%2Fwp%2Fv2%2Fproduct_cat&post=34011"},{"taxonomy":"product_tag","embeddable":true,"href":"https:\/\/www.autonvaraosahaku.fi\/index.php?rest_route=%2Fwp%2Fv2%2Fproduct_tag&post=34011"}],"curies":[{"name":"wp","href":"https:\/\/api.w.org\/{rel}","templated":true}]}}