{"id":34012,"date":"2021-02-21T16:19:42","date_gmt":"2021-02-21T16:19:42","guid":{"rendered":"https:\/\/www.autonvaraosahaku.fi\/?product=maxgear-27-0515-jarrusatula-korjaussarja"},"modified":"2021-02-21T16:19:44","modified_gmt":"2021-02-21T16:19:44","slug":"maxgear-27-0515-jarrusatula-korjaussarja","status":"publish","type":"product","link":"https:\/\/www.autonvaraosahaku.fi\/?product=maxgear-27-0515-jarrusatula-korjaussarja","title":{"rendered":"MAXGEAR 27-0515 Jarrusatula korjaussarja"},"content":{"rendered":"<p>Asennuspuoli: Etuakseli; L\u00e4pimitta [mm]: 57; T\u00e4yssarja: ; Jarruj\u00e4rjestelm\u00e4: ATE; Erittely: 16 WHEEL; Valmistusvuosi alkaen: 10\/1999; VW: TIGUAN 5N_,SHARAN 7N1, 7N2,TIGUAN AD1; AUDI: A4 Avant 8K5, B8,A4 8K2, B8,A5 8T3,A5 Sportback 8TA,Q3 8U,A4 Allroad 8KH, B8,A5 Cabriolet 8F7; MAZDA: 5 CR19,3 BK,6 Station Wagon GY,6 GG,3 BL,5 CW,3 Stufenheck BK,3 Stufenheck BL; BMW: 3 Touring E91,3 E90,5 E60,X1 E84,3 Coupe E92,3 Cabriolet E93,Z4 E89; SEAT: ALHAMBRA 710, 711; JEEP: RENEGADE Gel\u00e4ndewagen geschlossen BU; IVECO: DAILY V Kasten\/Kombi; HONDA: ACCORD VII CL,ACCORD VIII CU,ACCORD VII Tourer CM,CIVIC IX FK,ACCORD VIII Kombi,CIVIC IX Tourer FK; VOLVO: V70 II SW,V50 MW,S60 I,C30,S80 I TS, XY,S40 II MS,XC70 CROSS COUNTRY,C70 II Cabriolet,V40 Schr\u00e4gheck,240 P242, P244; ROVER: 75 RJ,75 Tourer RJ; Korjaussarja, Jarrusatula<\/p>\n","protected":false},"excerpt":{"rendered":"<p>MAXGEAR Jarrusatula Korjaussarja 27-0515 Korjaussarja, Jarrusatula VW,AUDI,MAZDA,TIGUAN 5N_,SHARAN 7N1, 7N2,TIGUAN AD1,A4 Avant 8K5, B8,A4 8K2, B8<\/p>\n","protected":false},"featured_media":0,"template":"","meta":{"site-sidebar-layout":"default","site-content-layout":"default","ast-global-header-display":"","ast-main-header-display":"","ast-hfb-above-header-display":"","ast-hfb-below-header-display":"","ast-hfb-mobile-header-display":"","site-post-title":"","ast-breadcrumbs-content":"","ast-featured-img":"","footer-sml-layout":"","theme-transparent-header-meta":"","adv-header-id-meta":"","stick-header-meta":"","header-above-stick-meta":"","header-main-stick-meta":"","header-below-stick-meta":""},"pwb-brand":[48],"product_cat":[57],"product_tag":[],"class_list":{"0":"post-34012","1":"product","2":"type-product","3":"status-publish","5":"pwb-brand-maxgear","6":"product_cat-jarrusatula-korjaussarja","7":"desktop-align-left","8":"tablet-align-left","9":"mobile-align-left","11":"first","12":"instock","13":"product-type-external"},"brands":[{"id":48,"name":"MAXGEAR","slug":"maxgear"}],"_links":{"self":[{"href":"https:\/\/www.autonvaraosahaku.fi\/index.php?rest_route=\/wp\/v2\/product\/34012","targetHints":{"allow":["GET"]}}],"collection":[{"href":"https:\/\/www.autonvaraosahaku.fi\/index.php?rest_route=\/wp\/v2\/product"}],"about":[{"href":"https:\/\/www.autonvaraosahaku.fi\/index.php?rest_route=\/wp\/v2\/types\/product"}],"wp:attachment":[{"href":"https:\/\/www.autonvaraosahaku.fi\/index.php?rest_route=%2Fwp%2Fv2%2Fmedia&parent=34012"}],"wp:term":[{"taxonomy":"pwb-brand","embeddable":true,"href":"https:\/\/www.autonvaraosahaku.fi\/index.php?rest_route=%2Fwp%2Fv2%2Fpwb-brand&post=34012"},{"taxonomy":"product_cat","embeddable":true,"href":"https:\/\/www.autonvaraosahaku.fi\/index.php?rest_route=%2Fwp%2Fv2%2Fproduct_cat&post=34012"},{"taxonomy":"product_tag","embeddable":true,"href":"https:\/\/www.autonvaraosahaku.fi\/index.php?rest_route=%2Fwp%2Fv2%2Fproduct_tag&post=34012"}],"curies":[{"name":"wp","href":"https:\/\/api.w.org\/{rel}","templated":true}]}}