{"id":34024,"date":"2021-02-21T16:19:47","date_gmt":"2021-02-21T16:19:47","guid":{"rendered":"https:\/\/www.autonvaraosahaku.fi\/?product=jp-group-1453100100-vetoakseli"},"modified":"2021-02-21T16:19:48","modified_gmt":"2021-02-21T16:19:48","slug":"jp-group-1453100100-vetoakseli","status":"publish","type":"product","link":"https:\/\/www.autonvaraosahaku.fi\/?product=jp-group-1453100100-vetoakseli","title":{"rendered":"JP GROUP 1453100100 Vetoakseli"},"content":{"rendered":"<p>Asennuspuoli: Taka-akseli, molemminpuolinen; Pituus (mm): 610; Ulkohammastus, py\u00f6r\u00e4npuoli: 27; Hammasluku, ABS-keh\u00e4: 48; Valmistusvuosi alkaen: 12\/1990; BMW: 3 E36,3 Coupe E36,3 Cabriolet E36,3 Touring E36; 33211226904, 33211226905, 33211227404, 33211227585, 33211227591, 33211229300, 33211229427, 33211229428, 33211229472, 33211229473<\/p>\n","protected":false},"excerpt":{"rendered":"<p>JP GROUP Vetoakseli JP Group 1453100100  BMW,3 E36,3 Coupe E36,3 Cabriolet E36,3 Touring E36<\/p>\n","protected":false},"featured_media":0,"template":"","meta":{"site-sidebar-layout":"default","site-content-layout":"default","ast-global-header-display":"","ast-main-header-display":"","ast-hfb-above-header-display":"","ast-hfb-below-header-display":"","ast-hfb-mobile-header-display":"","site-post-title":"","ast-breadcrumbs-content":"","ast-featured-img":"","footer-sml-layout":"","theme-transparent-header-meta":"","adv-header-id-meta":"","stick-header-meta":"","header-above-stick-meta":"","header-main-stick-meta":"","header-below-stick-meta":""},"pwb-brand":[131],"product_cat":[215],"product_tag":[],"class_list":{"0":"post-34024","1":"product","2":"type-product","3":"status-publish","5":"pwb-brand-jp-group","6":"product_cat-vetoakseli","7":"desktop-align-left","8":"tablet-align-left","9":"mobile-align-left","11":"first","12":"instock","13":"product-type-external"},"brands":[{"id":131,"name":"JP GROUP","slug":"jp-group"}],"_links":{"self":[{"href":"https:\/\/www.autonvaraosahaku.fi\/index.php?rest_route=\/wp\/v2\/product\/34024","targetHints":{"allow":["GET"]}}],"collection":[{"href":"https:\/\/www.autonvaraosahaku.fi\/index.php?rest_route=\/wp\/v2\/product"}],"about":[{"href":"https:\/\/www.autonvaraosahaku.fi\/index.php?rest_route=\/wp\/v2\/types\/product"}],"wp:attachment":[{"href":"https:\/\/www.autonvaraosahaku.fi\/index.php?rest_route=%2Fwp%2Fv2%2Fmedia&parent=34024"}],"wp:term":[{"taxonomy":"pwb-brand","embeddable":true,"href":"https:\/\/www.autonvaraosahaku.fi\/index.php?rest_route=%2Fwp%2Fv2%2Fpwb-brand&post=34024"},{"taxonomy":"product_cat","embeddable":true,"href":"https:\/\/www.autonvaraosahaku.fi\/index.php?rest_route=%2Fwp%2Fv2%2Fproduct_cat&post=34024"},{"taxonomy":"product_tag","embeddable":true,"href":"https:\/\/www.autonvaraosahaku.fi\/index.php?rest_route=%2Fwp%2Fv2%2Fproduct_tag&post=34024"}],"curies":[{"name":"wp","href":"https:\/\/api.w.org\/{rel}","templated":true}]}}